{"id":1208,"date":"2025-05-12T10:53:31","date_gmt":"2025-05-12T07:53:31","guid":{"rendered":"https:\/\/eemkon.org.tr\/kurullar\/"},"modified":"2025-08-29T13:55:50","modified_gmt":"2025-08-29T10:55:50","slug":"boards","status":"publish","type":"page","link":"https:\/\/eemkon.org.tr\/en\/boards\/","title":{"rendered":"Boards"},"content":{"rendered":"\t\t<div data-elementor-type=\"wp-page\" data-elementor-id=\"1208\" class=\"elementor elementor-1208 elementor-22\" data-elementor-post-type=\"page\">\n\t\t\t\t<div data-particle_enable=\"false\" data-particle-mobile-disabled=\"false\" class=\"elementor-element elementor-element-32c3b15 e-flex e-con-boxed e-con e-parent\" data-id=\"32c3b15\" data-element_type=\"container\" data-settings=\"{&quot;ekit_has_onepagescroll_dot&quot;:&quot;yes&quot;}\">\n\t\t\t\t\t<div class=\"e-con-inner\">\n\t\t\t\t<div class=\"elementor-element elementor-element-3b8118b e-n-tabs-mobile elementor-widget elementor-widget-n-tabs\" data-id=\"3b8118b\" data-element_type=\"widget\" data-settings=\"{&quot;horizontal_scroll&quot;:&quot;disable&quot;,&quot;ekit_we_effect_on&quot;:&quot;none&quot;}\" data-widget_type=\"nested-tabs.default\">\n\t\t\t\t\t\t\t<div class=\"e-n-tabs\" data-widget-number=\"62394763\" aria-label=\"Tabs. Open items with Enter or Space, close with Escape and navigate using the Arrow keys.\">\n\t\t\t<div class=\"e-n-tabs-heading\" role=\"tablist\">\n\t\t\t\t\t<button id=\"sekretarya\" class=\"e-n-tab-title\" aria-selected=\"true\" data-tab-index=\"1\" role=\"tab\" tabindex=\"0\" aria-controls=\"e-n-tab-content-623947631\" style=\"--n-tabs-title-order: 1;\">\n\t\t\t\t\t\t<span class=\"e-n-tab-title-text\">\n\t\t\t\tCongress Secretariat\t\t\t<\/span>\n\t\t<\/button>\n\t\t\t\t<button id=\"yurutme-kurulu\" class=\"e-n-tab-title\" aria-selected=\"false\" data-tab-index=\"2\" role=\"tab\" tabindex=\"-1\" aria-controls=\"e-n-tab-content-623947632\" style=\"--n-tabs-title-order: 2;\">\n\t\t\t\t\t\t<span class=\"e-n-tab-title-text\">\n\t\t\t\tExecutive Board\t\t\t<\/span>\n\t\t<\/button>\n\t\t\t\t<button id=\"duzenleme-kurulu\" class=\"e-n-tab-title\" aria-selected=\"false\" data-tab-index=\"3\" role=\"tab\" tabindex=\"-1\" aria-controls=\"e-n-tab-content-623947633\" style=\"--n-tabs-title-order: 3;\">\n\t\t\t\t\t\t<span class=\"e-n-tab-title-text\">\n\t\t\t\tOrganizing Committee\t\t\t<\/span>\n\t\t<\/button>\n\t\t\t\t<button id=\"bilim-kurulu\" class=\"e-n-tab-title\" aria-selected=\"false\" data-tab-index=\"4\" role=\"tab\" tabindex=\"-1\" aria-controls=\"e-n-tab-content-623947634\" style=\"--n-tabs-title-order: 4;\">\n\t\t\t\t\t\t<span class=\"e-n-tab-title-text\">\n\t\t\t\tScience Board\t\t\t<\/span>\n\t\t<\/button>\n\t\t\t\t\t<\/div>\n\t\t\t<div class=\"e-n-tabs-content\">\n\t\t\t\t<div data-particle_enable=\"false\" data-particle-mobile-disabled=\"false\" id=\"e-n-tab-content-623947631\" role=\"tabpanel\" aria-labelledby=\"sekretarya\" data-tab-index=\"1\" style=\"--n-tabs-title-order: 1;\" class=\"e-active elementor-element elementor-element-b9292c7 e-flex e-con-boxed e-con e-child\" data-id=\"b9292c7\" data-element_type=\"container\" data-settings=\"{&quot;ekit_has_onepagescroll_dot&quot;:&quot;yes&quot;}\">\n\t\t\t\t\t<div class=\"e-con-inner\">\n\t\t\t\t<div class=\"elementor-element elementor-element-56c271c elementor-widget elementor-widget-text-editor\" data-id=\"56c271c\" data-element_type=\"widget\" data-settings=\"{&quot;ekit_we_effect_on&quot;:&quot;none&quot;}\" data-widget_type=\"text-editor.default\">\n\t\t\t\t\t\t\t\t\t<p>Chairman of the Organizing Committee:<\/p><p><strong>Tayfun \u0130\u015eB\u0130LEN<\/strong><\/p><p>Congress Secretary:<\/p><p><strong>\u00d6nder AL<\/strong><\/p>\t\t\t\t\t\t\t\t<\/div>\n\t\t\t\t\t<\/div>\n\t\t\t\t<\/div>\n\t\t<div data-particle_enable=\"false\" data-particle-mobile-disabled=\"false\" id=\"e-n-tab-content-623947632\" role=\"tabpanel\" aria-labelledby=\"yurutme-kurulu\" data-tab-index=\"2\" style=\"--n-tabs-title-order: 2;\" class=\" elementor-element elementor-element-1a5d24e e-con-full e-flex e-con e-child\" data-id=\"1a5d24e\" data-element_type=\"container\" data-settings=\"{&quot;ekit_has_onepagescroll_dot&quot;:&quot;yes&quot;}\">\n\t\t\t\t<div class=\"elementor-element elementor-element-a09caf0 elementor-widget elementor-widget-text-editor\" data-id=\"a09caf0\" data-element_type=\"widget\" data-settings=\"{&quot;ekit_we_effect_on&quot;:&quot;none&quot;}\" data-widget_type=\"text-editor.default\">\n\t\t\t\t\t\t\t\t\t<table width=\"267\" data-sheets-root=\"1\" data-sheets-baot=\"1\"><tbody><tr><td width=\"171\">Mahir Uluta\u015f<\/td><td width=\"96\">EMO<\/td><\/tr><tr><td>Tayfun \u0130\u015fbilen<\/td><td>EMO<\/td><\/tr><tr><td>Burak Da\u015fdemir<\/td><td>EMO<\/td><\/tr><tr><td>U\u011fur Ate\u015f Ko\u00e7<\/td><td>EMO<\/td><\/tr><tr><td>Ula\u015f Mutlu Y\u0131lmaz<\/td><td>EMO<\/td><\/tr><tr><td>B\u00fclent \u00d6zg\u00fcr<\/td><td>EMO<\/td><\/tr><tr><td>Nihal T\u00fcr\u00fct<\/td><td>EMO<\/td><\/tr><tr><td>Serkan U\u011fur Bayraktar<\/td><td>EMO<\/td><\/tr><tr><td>Bilgin Akbal<\/td><td>EMO<\/td><\/tr><tr><td>Ruken G\u00fcltekin<\/td><td>ISKI<\/td><\/tr><tr><td>Prof. Dr. Aydogan \u00d6zdemir<\/td><td>Kadir Has \u00dcnv.<\/td><\/tr><tr><td>Prof. Dr. \u00d6zg\u00fcr \u00d6zdemir<\/td><td>\u0130T\u00dc<\/td><\/tr><tr><td>Prof. Dr. T\u00fclay Y\u0131ld\u0131r\u0131m<\/td><td>YT\u00dc<\/td><\/tr><tr><td>Prof. Dr. Belgin T\u00fcrkay<\/td><td>\u0130T\u00dc<\/td><\/tr><tr><td>S\u00fcleyman Mert<\/td><td>BBS<\/td><\/tr><tr><td>H\u00fcseyin Orman<\/td><td>Matriks<\/td><\/tr><tr><td>Alpaslan Sar\u0131ba\u015f<\/td><td>LS Elektrik<\/td><\/tr><tr><td>Cengiz Demir<\/td><td>\u0130SK\u0130<\/td><\/tr><tr><td>Taner \u00c7\u0131tak<\/td><td>Isttelcom<\/td><\/tr><tr><td>Ramazan Pekta\u015f<\/td><td>EMO<\/td><\/tr><\/tbody><\/table>\t\t\t\t\t\t\t\t<\/div>\n\t\t\t\t<\/div>\n\t\t<div data-particle_enable=\"false\" data-particle-mobile-disabled=\"false\" id=\"e-n-tab-content-623947633\" role=\"tabpanel\" aria-labelledby=\"duzenleme-kurulu\" data-tab-index=\"3\" style=\"--n-tabs-title-order: 3;\" class=\" elementor-element elementor-element-53380d5 e-con-full e-flex e-con e-child\" data-id=\"53380d5\" data-element_type=\"container\" data-settings=\"{&quot;ekit_has_onepagescroll_dot&quot;:&quot;yes&quot;}\">\n\t\t\t\t<div class=\"elementor-element elementor-element-e831f11 elementor-widget elementor-widget-text-editor\" data-id=\"e831f11\" data-element_type=\"widget\" data-settings=\"{&quot;ekit_we_effect_on&quot;:&quot;none&quot;}\" data-widget_type=\"text-editor.default\">\n\t\t\t\t\t\t\t\t\t<table width=\"580\"><tbody><tr><td width=\"261\">TAYFUN \u0130\u015eB\u0130LEN<\/td><td width=\"319\">EMO<\/td><\/tr><tr><td>B\u00dcLENT YILMAZ<\/td><td>EMO<\/td><\/tr><tr><td>NED\u0130M B\u0130NG\u00d6L<\/td><td>EMO<\/td><\/tr><tr><td>FERRUH \u0130SKENDERO\u011eLU<\/td><td>EMO<\/td><\/tr><tr><td>\u00d6NDER AL<\/td><td>EMO<\/td><\/tr><tr><td>ETHEM ERKO\u00c7<\/td><td>EMO<\/td><\/tr><tr><td>U\u011eUR ATE\u015e KO\u00c7<\/td><td>EMO<\/td><\/tr><tr><td>MUHAMMED RAUF \u015eEH\u0130R<\/td><td>EMO<\/td><\/tr><tr><td>MAZLUM KAPLAN<\/td><td>EMO<\/td><\/tr><tr><td>B\u0130LG\u0130N AKBAL<\/td><td>EMO<\/td><\/tr><tr><td>BURAK DO\u011eAN<\/td><td>EMO<\/td><\/tr><tr><td>MEHMET C\u00d6MERT<\/td><td>EMO<\/td><\/tr><tr><td>BEYZA \u00c7EL\u0130K DEM\u0130RC\u0130O\u011eLU<\/td><td>EMO<\/td><\/tr><tr><td>OG\u00dcN SIY<\/td><td>EMO Y\u00d6NET\u0130M KURULU \u00dcYES\u0130<\/td><\/tr><tr><td>DA\u011eISTAN BEK\u0130RO\u011eLU<\/td><td>EMO ONUR KURULU<\/td><\/tr><tr><td>N\u0130HAL T\u00dcR\u00dcT<\/td><td>EMO ONUR KURULU<\/td><\/tr><tr><td>FATMA RANA ARIBA\u015e<\/td><td>EMO DENETLEME KURULU<\/td><\/tr><tr><td>H\u00dcSEY\u0130N YE\u015e\u0130L<\/td><td>EMO<\/td><\/tr><tr><td>F. KEMAL \u00d6ZO\u011eUZ<\/td><td>EMO<\/td><\/tr><tr><td>GAZ\u0130 \u0130PEK<\/td><td>EMO<\/td><\/tr><tr><td>SAADET NURU\u0130LAH G\u00dcLE\u00c7<\/td><td>EMO<\/td><\/tr><tr><td>SAL\u0130H BERKAN ATE\u015e<\/td><td>EMO<\/td><\/tr><tr><td>SERKAN U\u011eUR BAYRAKTAR<\/td><td>EMO<\/td><\/tr><tr><td>H\u00dcSEY\u0130N ORMAN<\/td><td>EMO<\/td><\/tr><tr><td>MEHMET KARADURAK<\/td><td>EMO<\/td><\/tr><tr><td>MURAT G\u00dcND\u00dcZAY<\/td><td>EMO<\/td><\/tr><tr><td>N\u0130HAT DEREL\u0130<\/td><td>EMO<\/td><\/tr><tr><td>G\u00d6KHAN SERDAR \u00d6ZCANLAR<\/td><td>EMO<\/td><\/tr><tr><td>MUSTAFA AK\u00c7AKAYA<\/td><td>EMO<\/td><\/tr><tr><td>EGEMEN KILI\u00c7<\/td><td>EMO<\/td><\/tr><tr><td>ENES YILMAZER<\/td><td>EMO<\/td><\/tr><tr><td>EMRULLAH AY<\/td><td>EMO<\/td><\/tr><tr><td>EMRAH EKMEK\u00c7\u0130<\/td><td>EMO<\/td><\/tr><tr><td>ERDENER ILDIZ<\/td><td>EMO<\/td><\/tr><tr><td>NURSEM\u0130N YILDIZ<\/td><td>EMO<\/td><\/tr><tr><td>YILMAZ G\u00dcNDO\u011eAN<\/td><td>EMO<\/td><\/tr><tr><td>CEYLAN AKAT<\/td><td>EMO<\/td><\/tr><tr><td>RUKEN ESMER<\/td><td>EMO<\/td><\/tr><tr><td>RUKEN G\u00dcLTEK\u0130N<\/td><td>EMO<\/td><\/tr><tr><td>MUSTAFA ARI<\/td><td>EMO<\/td><\/tr><tr><td>\u00d6MER DO\u011eAN<\/td><td>EMO<\/td><\/tr><tr><td>AYDO\u011eAN \u00d6RG\u00dcN<\/td><td>EMO<\/td><\/tr><tr><td>\u00d6ZG\u00dcR YAKI\u015eAN<\/td><td>EMO<\/td><\/tr><tr><td>\u00c7\u0130\u011eDEM G\u00dcNDO\u011eAN T\u00dcRKER<\/td><td>EMO<\/td><\/tr><tr><td>CAN \u0130NCEBIYIK<\/td><td>EMO<\/td><\/tr><tr><td>\u0130BRAH\u0130M AKS\u00d6Z<\/td><td>EMO<\/td><\/tr><tr><td>EMRULLAH \u00c7EV\u0130RME<\/td><td>EMO<\/td><\/tr><tr><td>CEMRE YUSUF C\u0130BARO\u011eLU<\/td><td>EMO<\/td><\/tr><tr><td>S\u00dcLEYMAN SIRDA\u015e KARABO\u011eA<\/td><td>EMO<\/td><\/tr><tr><td>AL\u0130 EKBER \u00d6ZDEM\u0130R<\/td><td>EMO SAMSUN<\/td><\/tr><tr><td>AHMET \u00c7AKIR<\/td><td>EMO<\/td><\/tr><tr><td>AHMET SORMAZ<\/td><td>EMO D\u0130YARBAKIR<\/td><\/tr><tr><td>AL\u0130CAN \u00c7ET\u0130NKAYA<\/td><td>EMO D\u0130YARBAKIR<\/td><\/tr><tr><td>ASUMAN G\u00dcLAY YILDIRIM<\/td><td>EMO<\/td><\/tr><tr><td>ERDEM SOLMAZ<\/td><td>EMO<\/td><\/tr><tr><td>G\u0130ZEM NUHO\u011eLU<\/td><td>EMO<\/td><\/tr><tr><td>LEVENT TEKG\u00d6Z<\/td><td>EMO<\/td><\/tr><tr><td>MAHMUT \u00c7EL\u0130K<\/td><td>EMO<\/td><\/tr><tr><td>M\u0130ZG\u0130N DA\u011e<\/td><td>EMO<\/td><\/tr><tr><td>MUSTAFA AKKU\u015e<\/td><td>EMO<\/td><\/tr><tr><td>MUSTAFA G\u00dcNE\u015e<\/td><td>EMO<\/td><\/tr><tr><td>ORHAN DURNA<\/td><td>EMO<\/td><\/tr><tr><td>PROF. DR. BELG\u0130N T\u00dcRKAY<\/td><td>\u0130STANBUL TEKN\u0130K \u00dcN\u0130VERS\u0130TES\u0130<\/td><\/tr><tr><td>PROF. DR. \u00d6ZCAN KALENDERL\u0130<\/td><td>\u0130STANBUL TEKN\u0130K \u00dcN\u0130VERS\u0130TES\u0130<\/td><\/tr><tr><td>BARI\u015e KILIN\u00c7<\/td><td>GEL\u0130\u015e\u0130M T\u0130CAR\u0130 YAZILIM L\u0130M\u0130TED \u015e\u0130RKET\u0130<\/td><\/tr><tr><td>\u0130HSAN \u00dcNAL<\/td><td>SP\u0130 YEN\u0130LENEB\u0130L\u0130R ENERJ\u0130 A.\u015e.<\/td><\/tr><tr><td>MEL\u0130S SARA\u00c7O\u011eLU<\/td><td>MASTER \u0130LET\u0130\u015e\u0130M<\/td><\/tr><tr><td>\u00d6ZCAN ALTUNKAYA<\/td><td>MASTER \u0130LET\u0130\u015e\u0130M<\/td><\/tr><tr><td>\u00d6ZGE AYKAN<\/td><td>B\u0130LG\u0130 B\u0130R\u0130K\u0130M S\u0130STEMLER\u0130<\/td><\/tr><tr><td>NEYLAN B\u0130L\u0130R<\/td><td>ELEKTR\u0130K TES\u0130SAT M\u00dcHEND\u0130SLER\u0130 DERNE\u011e\u0130 &#8211; ETMD<\/td><\/tr><tr><td>FEH\u0130ME ERKAYA<\/td><td>\u0130GDA\u015e A.\u015e.<\/td><\/tr><tr><td>PA\u015eA AR\u0130<\/td><td>\u0130GDA\u015e A.\u015e.<\/td><\/tr><tr><td>\u0130LTER VER\u0130M<\/td><td>UGETAM A.\u015e.<\/td><\/tr><tr><td>B\u00dcLENT ALABA\u015e<\/td><td>\u0130SBAK A.\u015e.<\/td><\/tr><tr><td>S\u0130MAY SARIKAYA<\/td><td>\u0130SK\u0130<\/td><\/tr><tr><td>EVREN DE\u011e\u0130RMENC\u0130<\/td><td>EMO-B\u0130YOMED\u0130KAL MDK<\/td><\/tr><tr><td>BARI\u015e \u00dcNL\u00dc<\/td><td>EMO-B\u0130YOMED\u0130KAL MDK<\/td><\/tr><tr><td>ADNAN KORKMAZ<\/td><td>EMO SAMSUN Y\u00d6NET\u0130M KURULU BA\u015eKANI<\/td><\/tr><tr><td>AL\u0130 HAKAN EVEREKL\u0130<\/td><td>EMO<\/td><\/tr><tr><td>AZ\u0130Z FAT\u0130H M\u00dcJDE<\/td><td>EMO<\/td><\/tr><tr><td>BURAK DA\u015eDEM\u0130R<\/td><td>EMO<\/td><\/tr><tr><td>HANSEL \u00d6ZG\u00dcM\u00dc\u015e<\/td><td>EMO<\/td><\/tr><tr><td>HASAN DALKIRAN<\/td><td>EMO<\/td><\/tr><tr><td>\u00d6ZG\u00dcR SERTA\u00c7 G\u00dcNEY<\/td><td>EMO<\/td><\/tr><tr><td>M\u00dcSL\u00dcM CAN \u00d6ZATA<\/td><td>EMO<\/td><\/tr><tr><td>MAH\u0130R ULUTA\u015e<\/td><td>EMO Y\u00d6NET\u0130M KURULU BA\u015eKANI<\/td><\/tr><tr><td>MEHMET MAZMANO\u011eLU<\/td><td>EMO Y\u00d6NET\u0130M KURULU BA\u015eKAN YARDIMCISI<\/td><\/tr><tr><td>RAMAZAN PEKTA\u015e<\/td><td>EMO Y\u00d6NET\u0130M KURULU YAZMANI<\/td><\/tr><tr><td>ENDER KELLEC\u0130<\/td><td>EMO Y\u00d6NET\u0130M KURULU SAYMANI<\/td><\/tr><tr><td>ALAATT\u0130N AL\u0130 YOLCU<\/td><td>EMO Y\u00d6NET\u0130M KURULU \u00dcYES\u0130<\/td><\/tr><tr><td>B\u00dcLENT \u00d6ZG\u00dcM\u00dc\u015e<\/td><td>EMO Y\u00d6NET\u0130M KURULU \u00dcYES\u0130<\/td><\/tr><tr><td>EKREM G\u00dcLTEK\u0130N<\/td><td>EMO ONUR KURULU<\/td><\/tr><tr><td>HAKKI OCAKA\u00c7AN<\/td><td>EMO<\/td><\/tr><tr><td>HAT\u0130CE GEY\u0130K<\/td><td>EMO<\/td><\/tr><tr><td>CEM K\u00dcKEY<\/td><td>EMO<\/td><\/tr><tr><td>CEM\u0130L KOCATEPE<\/td><td>EMO<\/td><\/tr><tr><td>HAYR\u0130 AYDIN<\/td><td>EMO<\/td><\/tr><tr><td>PINAR HOCAO\u011eULLARI<\/td><td>EMO<\/td><\/tr><tr><td>\u00d6ZKAN KARATA\u015e<\/td><td>EMO<\/td><\/tr><tr><td>PROF. DR. LALE T\u00dcKENMEZ ERGENE<\/td><td>\u0130STANBUL TEKN\u0130K \u00dcN\u0130VERS\u0130TES\u0130<\/td><\/tr><tr><td>PROF. DR. \u00d6MER USTA<\/td><td>\u0130STANBUL TEKN\u0130K \u00dcN\u0130VERS\u0130TES\u0130<\/td><\/tr><tr><td>PROF. DR. SERM\u0130N ONAYG\u0130L<\/td><td>\u0130STANBUL TEKN\u0130K \u00dcN\u0130VERS\u0130TES\u0130<\/td><\/tr><tr><td>PROF. DR. AL\u0130 YAPAR<\/td><td>\u0130STANBUL TEKN\u0130K \u00dcN\u0130VERS\u0130TES\u0130<\/td><\/tr><tr><td>PROF. DR. FUNDA AKLEMAN YAPAR<\/td><td>\u0130STANBUL TEKN\u0130K \u00dcN\u0130VERS\u0130TES\u0130<\/td><\/tr><tr><td>PROF. DR TAYFUN AKG\u00dcL<\/td><td>\u0130STANBUL TEKN\u0130K \u00dcN\u0130VERS\u0130TES\u0130<\/td><\/tr><tr><td>PROF. DR. T\u00dcLAY YILDIRIM<\/td><td>YILDIZ TEKN\u0130K \u00dcN\u0130VERS\u0130TES\u0130<\/td><\/tr><tr><td>PROF. DR. MEHMET T\u0130MUR AYDEM\u0130R<\/td><td>KAD\u0130R HAS<\/td><\/tr><tr><td>PROF. DR. TANAY SIDKI UYAR<\/td><td>\u00a0<\/td><\/tr><tr><td>PROF. DR AYDO\u011eAN \u00d6ZDEM\u0130R<\/td><td>KAD\u0130R HAS \u00dcN\u0130VERS\u0130TES\u0130<\/td><\/tr><tr><td>PROF. DR: ERDAL PANAYIRCI<\/td><td>KAD\u0130R HAS \u00dcN\u0130VERS\u0130TES\u0130<\/td><\/tr><tr><td>DR. \u00d6\u011eR. \u00dcYES\u0130 F\u0130GEN \u00d6ZEN<\/td><td>HAL\u0130\u00c7 \u00dcN\u0130VERS\u0130TES\u0130<\/td><\/tr><tr><td>AKIN ALTIN<\/td><td>MATRiKS B\u0130NA KONTROL S\u0130STEMLER\u0130<\/td><\/tr><tr><td>ALPASLAN SARIBA\u015e<\/td><td>LS Elektrik<\/td><\/tr><tr><td>ALTU\u011e \u015eENOL<\/td><td>ELEKTR\u0130K TES\u0130SAT M\u00dcHEND\u0130SLER\u0130 DERNE\u011e\u0130 &#8211; ETMD<\/td><\/tr><tr><td>YETK\u0130N GEN\u00c7<\/td><td>ELEKTR\u0130K TES\u0130SAT M\u00dcHEND\u0130SLER\u0130 DERNE\u011e\u0130 &#8211; ETMD<\/td><\/tr><tr><td>ED\u0130Z YANIKO\u011eLU<\/td><td>ELEKTR\u0130K TES\u0130SAT M\u00dcHEND\u0130SLER\u0130 DERNE\u011e\u0130 &#8211; ETMD<\/td><\/tr><tr><td>CENG\u0130Z DEM\u0130R<\/td><td>ISKI<\/td><\/tr><tr><td>TANER \u00c7ITAK<\/td><td>Isttelcom<\/td><\/tr><tr><td>DO\u00c7. DR. Y\u0130\u011e\u0130T AL\u0130 \u00dcNC\u00dc<\/td><td>EMO-B\u0130YOMED\u0130KAL MDK<\/td><\/tr><tr><td>PROF. DR. \u00d6ZG\u00dcR \u00d6ZDEM\u0130R<\/td><td>\u0130STANBUL TEKN\u0130K \u00dcN\u0130VERS\u0130TES\u0130<\/td><\/tr><tr><td>BAHADIR ACAR<\/td><td>TMMOB Y\u00d6NET\u0130M KURULU \u00dcYES\u0130<\/td><\/tr><tr><td>PROF. DR. SAC\u0130T KARAM\u00dcRSEL<\/td><td>KO\u00c7 \u00dcN\u0130VERS\u0130TES\u0130<\/td><\/tr><tr><td>DO\u00c7. DR. MEHMET AK\u0130F \u015eENOL<\/td><td>TOPKAPI \u00dcN\u0130VERS\u0130TES\u0130<\/td><\/tr><tr><td>PROF. DR. AHMET CANSIZ<\/td><td>\u0130STANBUL TEKN\u0130K \u00dcN\u0130VERS\u0130TES\u0130<\/td><\/tr><tr><td>G\u00dcLTEK\u0130N \u015eENT\u00dcRK<\/td><td>EMO-B\u0130YOMED\u0130KAL MDK<\/td><\/tr><tr><td>PROF. DR. MEHMET BAYRAK<\/td><td>SAKARYA \u00dcN\u0130VERS\u0130TES\u0130<\/td><\/tr><tr><td>BARI\u015e \u00c7ORUH<\/td><td>EMO-B\u0130YOMED\u0130KAL MDK<\/td><\/tr><tr><td>PROF. DR. U\u011eUR SAVA\u015e SELAMO\u011eULLARI<\/td><td>YILDIZ TEKN\u0130K \u00dcN\u0130VERS\u0130TES\u0130<\/td><\/tr><tr><td>DR. \u00d6\u011eR. \u00dcYES\u0130 ONUR KO\u00c7AK<\/td><td>BA\u015eKENT \u00dcN\u0130VERS\u0130TES\u0130.<\/td><\/tr><tr><td>NECM\u0130 DEM\u0130R G\u00dcRSOYTRAK<\/td><td>EMO<\/td><\/tr><tr><td>ENES YILMAZER<\/td><td>EMO<\/td><\/tr><tr><td>ERKAN SOLMAZ<\/td><td>EMO<\/td><\/tr><tr><td>PROF. DR. TAMER DEM\u0130RALP<\/td><td>\u0130STANBUL \u00dcN\u0130VERS\u0130TES\u0130<\/td><\/tr><tr><td>AHMET TARIK UZUNKAYA<\/td><td>EMO<\/td><\/tr><tr><td>NUMAN B\u0130BER<\/td><td>\u0130SK\u0130<\/td><\/tr><tr><td>PROF. DR. \u0130. CEM G\u00d6KNAR<\/td><td>I\u015eIK \u00dcN\u0130VERS\u0130TES\u0130<\/td><\/tr><tr><td>ULA\u015e YILMAZ<\/td><td>EMO<\/td><\/tr><tr><td>B\u00dcLENT \u00d6ZG\u00dcR<\/td><td>EMO<\/td><\/tr><\/tbody><\/table>\t\t\t\t\t\t\t\t<\/div>\n\t\t\t\t<\/div>\n\t\t<div data-particle_enable=\"false\" data-particle-mobile-disabled=\"false\" id=\"e-n-tab-content-623947634\" role=\"tabpanel\" aria-labelledby=\"bilim-kurulu\" data-tab-index=\"4\" style=\"--n-tabs-title-order: 4;\" class=\" elementor-element elementor-element-72c81e7 e-con-full e-flex e-con e-child\" data-id=\"72c81e7\" data-element_type=\"container\" data-settings=\"{&quot;ekit_has_onepagescroll_dot&quot;:&quot;yes&quot;}\">\n\t\t\t\t<div class=\"elementor-element elementor-element-2c970c3 elementor-widget elementor-widget-text-editor\" data-id=\"2c970c3\" data-element_type=\"widget\" data-settings=\"{&quot;ekit_we_effect_on&quot;:&quot;none&quot;}\" data-widget_type=\"text-editor.default\">\n\t\t\t\t\t\t\t\t\t<table width=\"322\" data-sheets-root=\"1\" data-sheets-baot=\"1\">\n<tbody>\n<tr>\n<td width=\"50%\">Prof. Dr. \u00d6zcan Kalenderli<\/td>\n<td width=\"50%\">\u0130stanbul Teknik \u00dcniversitesi<\/td>\n<\/tr>\n<tr>\n<td>Prof. Dr. \u00d6mer Usta<\/td>\n<td>\u0130stanbul Teknik \u00dcniversitesi<\/td>\n<\/tr>\n<tr>\n<td>Prof. Dr. Mustafa Ba\u011fr\u0131yan\u0131k<\/td>\n<td>\u0130stanbul Teknik \u00dcniversitesi<\/td>\n<\/tr>\n<tr>\n<td>Prof. Dr. Belgin Turkay<\/td>\n<td>\u0130stanbul Teknik \u00dcniversitesi<\/td>\n<\/tr>\n<tr>\n<td>Prof. Dr. Lale T\u00fckenmez Ergene<\/td>\n<td>\u0130stanbul Teknik \u00dcniversitesi<\/td>\n<\/tr>\n<tr>\n<td>Prof. Dr. Ece Olcay G\u00fcne\u015f<\/td>\n<td>\u0130stanbul Teknik \u00dcniversitesi<\/td>\n<\/tr>\n<tr>\n<td>Prof. Dr. E.Mete Ek\u015fio\u011flu<\/td>\n<td>\u0130stanbul Teknik \u00dcniversitesi<\/td>\n<\/tr>\n<tr>\n<td>Prof. Dr. Mehmet Turan S\u00f6ylemez<\/td>\n<td>\u0130stanbul Teknik \u00dcniversitesi<\/td>\n<\/tr>\n<tr>\n<td>Prof. Dr. Volkan Sezer<\/td>\n<td>\u0130stanbul Teknik \u00dcniversitesi<\/td>\n<\/tr>\n<tr>\n<td>Prof. Dr. Serdar \u00d6zo\u011fuz<\/td>\n<td>\u0130stanbul Teknik \u00dcniversitesi<\/td>\n<\/tr>\n<tr>\n<td>Prof. Dr. Ali Yapar<\/td>\n<td>\u0130stanbul Teknik \u00dcniversitesi<\/td>\n<\/tr>\n<tr>\n<td>Prof. Dr. Funda Akleman Yapar<\/td>\n<td>\u0130stanbul Teknik \u00dcniversitesi<\/td>\n<\/tr>\n<tr>\n<td>Dr. Filiz G\u00fcrkan G\u00f6lc\u00fck<\/td>\n<td>Istanbul Medeniyet \u00dcniversitesi<\/td>\n<\/tr>\n<tr>\n<td>Prof. Dr. Bilge G\u00fcnsel<\/td>\n<td>\u0130stanbul Teknik \u00dcniversitesi<\/td>\n<\/tr>\n<tr>\n<td>Prof. Dr. Tufan Kumbasar<\/td>\n<td>\u0130stanbul Teknik \u00dcniversitesi<\/td>\n<\/tr>\n<tr>\n<td>Prof. Dr. M\u00fc\u015ftak Erhan Yal\u00e7\u0131n<\/td>\n<td>\u0130stanbul Teknik \u00dcniversitesi<\/td>\n<\/tr>\n<tr>\n<td>Prof. Dr. S\u0131dd\u0131ka Berna \u00d6rs Yal\u00e7\u0131n<\/td>\n<td>\u0130stanbul Teknik \u00dcniversitesi<\/td>\n<\/tr>\n<tr>\n<td>Do\u00e7. Dr. Mustafa Berke Yelten<\/td>\n<td>\u0130stanbul Teknik \u00dcniversitesi<\/td>\n<\/tr>\n<tr>\n<td>Do\u00e7. Dr. Onur Ergen<\/td>\n<td>\u0130stanbul Teknik \u00dcniversitesi<\/td>\n<\/tr>\n<tr>\n<td>Do\u00e7. Dr. Mehmet Onur G\u00fclbah\u00e7e<\/td>\n<td>\u0130stanbul Teknik \u00dcniversitesi<\/td>\n<\/tr>\n<tr>\n<td>Dr. \u00d6\u011fr. \u00dcyesi Mehmet Tahir Sand\u0131kkaya<\/td>\n<td>\u0130stanbul Teknik \u00dcniversitesi<\/td>\n<\/tr>\n<tr>\n<td>Prof. Dr. Aydo\u011fan \u00d6zdemir<\/td>\n<td>Kadir Has \u00dcniversitesi<\/td>\n<\/tr>\n<tr>\n<td>Prof. Dr. Timur Aydemir<\/td>\n<td>Kadir Has \u00dcniversitesi<\/td>\n<\/tr>\n<tr>\n<td>Do\u00e7. Dr. O\u011fuzhan Ceylan<\/td>\n<td>Kadir Has \u00dcniversitesi<\/td>\n<\/tr>\n<tr>\n<td>Prof. Dr. Bilgin Metin<\/td>\n<td>Bo\u011fazi\u00e7i \u00dcniversitesi<\/td>\n<\/tr>\n<tr>\n<td>Prof. Dr. O\u011fuzhan \u00c7i\u00e7eko\u011flu<\/td>\n<td>Bo\u011fazi\u00e7i \u00dcniversitesi<\/td>\n<\/tr>\n<tr>\n<td>Prof. Dr. T\u00fclay Y\u0131ld\u0131r\u0131m<\/td>\n<td>Y\u0131ld\u0131z Teknik \u00dcniversitesi<\/td>\n<\/tr>\n<tr>\n<td>Prof. Dr. A. Faruk BAKAN<\/td>\n<td>Y\u0131ld\u0131z Teknik \u00dcniversitesi<\/td>\n<\/tr>\n<tr>\n<td>Do\u00e7. Dr. B\u00fclent Bolat<\/td>\n<td>Y\u0131ld\u0131z Teknik \u00dcniversitesi<\/td>\n<\/tr>\n<tr>\n<td>Prof. Dr. \u015eeref Naci Engin<\/td>\n<td>Y\u0131ld\u0131z Teknik \u00dcniversitesi<\/td>\n<\/tr>\n<tr>\n<td>Dr. \u00d6\u011fr. \u00dcyesi N. \u00d6zlem \u00dcnverdi<\/td>\n<td>Y\u0131ld\u0131z Teknik \u00dcniversitesi<\/td>\n<\/tr>\n<tr>\n<td>Dr. \u00d6\u011fr. \u00dcyesi Ay\u015fe K\u00fcbra TATAR<\/td>\n<td>Y\u0131ld\u0131z Teknik \u00dcniversitesi<\/td>\n<\/tr>\n<tr>\n<td>Prof. Dr. F\u0131rat Ka\u00e7ar<\/td>\n<td>\u0130stanbul \u00dcniversitesi-Cerrahpa\u015fa<\/td>\n<\/tr>\n<tr>\n<td>Prof. Dr. Yasin \u00d6zcelep<\/td>\n<td>\u0130stanbul \u00dcniversitesi-Cerrahpa\u015fa<\/td>\n<\/tr>\n<tr>\n<td>Do\u00e7. Dr.Salih Bayar<\/td>\n<td>Marmara \u00dcniversitesi<\/td>\n<\/tr>\n<tr>\n<td>Do\u00e7. Dr. Deniz \u00d6zenli<\/td>\n<td>Milli Savunma \u00dcniversitesi<\/td>\n<\/tr>\n<tr>\n<td>Prof. Dr. Muhammet Uzuntarla<\/td>\n<td>Gebze Teknik \u00dcniversitesi<\/td>\n<\/tr>\n<tr>\n<td>Do\u00e7. Dr. Engin Afacan<\/td>\n<td>Gebze Teknik \u00dcniversitesi<\/td>\n<\/tr>\n<tr>\n<td>Dr. \u00d6\u011fr. \u00dcyesi Beren Semiz<\/td>\n<td>Ko\u00e7 \u00dcniversitesi<\/td>\n<\/tr>\n<tr>\n<td>Do\u00e7. Dr. H\u00fcseyin \u00d6zkan<\/td>\n<td>Sabanc\u0131 \u00dcniversitesi<\/td>\n<\/tr>\n<tr>\n<td>Prof. Dr. Arif Ergin<\/td>\n<td>Bah\u00e7e\u015fehir \u00dcniversitesi<\/td>\n<\/tr>\n<tr>\n<td>Do\u00e7. Dr. Cenk Demiro\u011flu<\/td>\n<td>\u00d6zye\u011fin \u00dcniversitesi<\/td>\n<\/tr>\n<\/tbody>\n<\/table>\t\t\t\t\t\t\t\t<\/div>\n\t\t\t\t<\/div>\n\t\t\t\t\t<\/div>\n\t\t<\/div>\n\t\t\t\t\t\t<\/div>\n\t\t\t\t\t<\/div>\n\t\t\t\t<\/div>\n\t\t<div data-particle_enable=\"false\" data-particle-mobile-disabled=\"false\" class=\"elementor-element elementor-element-cbf588c e-flex e-con-boxed e-con e-parent\" data-id=\"cbf588c\" data-element_type=\"container\" data-settings=\"{&quot;ekit_has_onepagescroll_dot&quot;:&quot;yes&quot;}\">\n\t\t\t\t\t<div class=\"e-con-inner\">\n\t\t\t\t\t<\/div>\n\t\t\t\t<\/div>\n\t\t\t\t<\/div>\n\t\t","protected":false},"excerpt":{"rendered":"<p>Congress Secretariat Executive Board Organizing Committee Science Board Chairman of the Organizing Committee: Tayfun \u0130\u015eB\u0130LEN Congress Secretary: \u00d6nder AL Mahir Uluta\u015f EMO Tayfun \u0130\u015fbilen EMO Burak Da\u015fdemir EMO U\u011fur Ate\u015f Ko\u00e7 EMO Ula\u015f Mutlu Y\u0131lmaz EMO B\u00fclent \u00d6zg\u00fcr EMO Nihal T\u00fcr\u00fct EMO Serkan U\u011fur Bayraktar EMO Bilgin Akbal EMO Ruken G\u00fcltekin ISKI Prof. Dr. Aydogan [&hellip;]<\/p>\n","protected":false},"author":1,"featured_media":0,"parent":0,"menu_order":0,"comment_status":"closed","ping_status":"closed","template":"elementor_header_footer","meta":{"footnotes":""},"class_list":["post-1208","page","type-page","status-publish","hentry"],"aioseo_notices":[],"_links":{"self":[{"href":"https:\/\/eemkon.org.tr\/en\/wp-json\/wp\/v2\/pages\/1208","targetHints":{"allow":["GET"]}}],"collection":[{"href":"https:\/\/eemkon.org.tr\/en\/wp-json\/wp\/v2\/pages"}],"about":[{"href":"https:\/\/eemkon.org.tr\/en\/wp-json\/wp\/v2\/types\/page"}],"author":[{"embeddable":true,"href":"https:\/\/eemkon.org.tr\/en\/wp-json\/wp\/v2\/users\/1"}],"replies":[{"embeddable":true,"href":"https:\/\/eemkon.org.tr\/en\/wp-json\/wp\/v2\/comments?post=1208"}],"version-history":[{"count":0,"href":"https:\/\/eemkon.org.tr\/en\/wp-json\/wp\/v2\/pages\/1208\/revisions"}],"wp:attachment":[{"href":"https:\/\/eemkon.org.tr\/en\/wp-json\/wp\/v2\/media?parent=1208"}],"curies":[{"name":"wp","href":"https:\/\/api.w.org\/{rel}","templated":true}]}}