{"id":1202,"date":"2025-05-15T17:14:49","date_gmt":"2025-05-15T14:14:49","guid":{"rendered":"https:\/\/eemkon.org.tr\/bildiri-sistemi\/"},"modified":"2025-10-30T15:13:44","modified_gmt":"2025-10-30T12:13:44","slug":"abstract","status":"publish","type":"page","link":"https:\/\/eemkon.org.tr\/en\/abstract\/","title":{"rendered":"Abstract System"},"content":{"rendered":"\t\t<div data-elementor-type=\"wp-page\" data-elementor-id=\"1202\" class=\"elementor elementor-1202 elementor-540\" data-elementor-post-type=\"page\">\n\t\t\t\t<div data-particle_enable=\"false\" data-particle-mobile-disabled=\"false\" class=\"elementor-element elementor-element-4674b31 e-flex e-con-boxed e-con e-parent\" data-id=\"4674b31\" data-element_type=\"container\" data-settings=\"{&quot;ekit_has_onepagescroll_dot&quot;:&quot;yes&quot;}\">\n\t\t\t\t\t<div class=\"e-con-inner\">\n\t\t\t\t<div class=\"elementor-element elementor-element-286243d elementor-widget elementor-widget-text-editor\" data-id=\"286243d\" data-element_type=\"widget\" data-settings=\"{&quot;ekit_we_effect_on&quot;:&quot;none&quot;}\" data-widget_type=\"text-editor.default\">\n\t\t\t\t\t\t\t\t\t<p><strong>EEMKON 2026 Electrical and Electronics Engineering Congress will include both invited and peer-reviewed papers.<\/strong><br \/><strong>You can find more details below.<\/strong><\/p>\t\t\t\t\t\t\t\t<\/div>\n\t\t\t\t\t<\/div>\n\t\t\t\t<\/div>\n\t\t<div data-particle_enable=\"false\" data-particle-mobile-disabled=\"false\" class=\"elementor-element elementor-element-57265f1 e-flex e-con-boxed e-con e-parent\" data-id=\"57265f1\" data-element_type=\"container\" data-settings=\"{&quot;ekit_has_onepagescroll_dot&quot;:&quot;yes&quot;}\">\n\t\t\t\t\t<div class=\"e-con-inner\">\n\t\t\t\t<div class=\"elementor-element elementor-element-066ee54 elementor-widget elementor-widget-heading\" data-id=\"066ee54\" data-element_type=\"widget\" data-settings=\"{&quot;ekit_we_effect_on&quot;:&quot;none&quot;}\" data-widget_type=\"heading.default\">\n\t\t\t\t\t<h2 class=\"elementor-heading-title elementor-size-default\"><a href=\"https:\/\/www.abstractagent.com\/2026ibk\/\" target=\"_blank\">Click here to apply for the First Abstracts Conference<\/a><\/h2>\t\t\t\t<\/div>\n\t\t\t\t<div class=\"elementor-element elementor-element-b7cf18d elementor-widget elementor-widget-heading\" data-id=\"b7cf18d\" data-element_type=\"widget\" data-settings=\"{&quot;ekit_we_effect_on&quot;:&quot;none&quot;}\" data-widget_type=\"heading.default\">\n\t\t\t\t\t<h2 class=\"elementor-heading-title elementor-size-default\"><a href=\"https:\/\/eemkon.org.tr\/wp-content\/uploads\/2025\/10\/Eemkon2026-MsWord-PaperFormat.docx\" target=\"_blank\">You should use the paper template in Microsoft Word to help you prepare your manuscript.\n<\/a><\/h2>\t\t\t\t<\/div>\n\t\t\t\t<div class=\"elementor-element elementor-element-5210ed0 elementor-widget elementor-widget-n-accordion\" data-id=\"5210ed0\" data-element_type=\"widget\" data-settings=\"{&quot;default_state&quot;:&quot;expanded&quot;,&quot;max_items_expended&quot;:&quot;one&quot;,&quot;n_accordion_animation_duration&quot;:{&quot;unit&quot;:&quot;ms&quot;,&quot;size&quot;:400,&quot;sizes&quot;:[]},&quot;ekit_we_effect_on&quot;:&quot;none&quot;}\" data-widget_type=\"nested-accordion.default\">\n\t\t\t\t\t\t\t<div class=\"e-n-accordion\" aria-label=\"Accordion. Open links with Enter or Space, close with Escape, and navigate with Arrow Keys\">\n\t\t\t\t\t\t<details id=\"e-n-accordion-item-8600\" class=\"e-n-accordion-item\" open>\n\t\t\t\t<summary class=\"e-n-accordion-item-title\" data-accordion-index=\"1\" tabindex=\"0\" aria-expanded=\"true\" aria-controls=\"e-n-accordion-item-8600\" >\n\t\t\t\t\t<span class='e-n-accordion-item-title-header'><div class=\"e-n-accordion-item-title-text\"> ABSTRACT SUBMISSION RULES <\/div><\/span>\n\t\t\t\t\t\t\t<span class='e-n-accordion-item-title-icon'>\n\t\t\t<span class='e-opened' ><svg aria-hidden=\"true\" class=\"e-font-icon-svg e-fas-minus\" viewBox=\"0 0 448 512\" xmlns=\"http:\/\/www.w3.org\/2000\/svg\"><path d=\"M416 208H32c-17.67 0-32 14.33-32 32v32c0 17.67 14.33 32 32 32h384c17.67 0 32-14.33 32-32v-32c0-17.67-14.33-32-32-32z\"><\/path><\/svg><\/span>\n\t\t\t<span class='e-closed'><svg aria-hidden=\"true\" class=\"e-font-icon-svg e-fas-plus\" viewBox=\"0 0 448 512\" xmlns=\"http:\/\/www.w3.org\/2000\/svg\"><path d=\"M416 208H272V64c0-17.67-14.33-32-32-32h-32c-17.67 0-32 14.33-32 32v144H32c-17.67 0-32 14.33-32 32v32c0 17.67 14.33 32 32 32h144v144c0 17.67 14.33 32 32 32h32c17.67 0 32-14.33 32-32V304h144c17.67 0 32-14.33 32-32v-32c0-17.67-14.33-32-32-32z\"><\/path><\/svg><\/span>\n\t\t<\/span>\n\n\t\t\t\t\t\t<\/summary>\n\t\t\t\t<div data-particle_enable=\"false\" data-particle-mobile-disabled=\"false\" role=\"region\" aria-labelledby=\"e-n-accordion-item-8600\" class=\"elementor-element elementor-element-ce604e8 e-con-full e-flex e-con e-child\" data-id=\"ce604e8\" data-element_type=\"container\" data-settings=\"{&quot;ekit_has_onepagescroll_dot&quot;:&quot;yes&quot;}\">\n\t\t\t\t<div class=\"elementor-element elementor-element-28c8538 elementor-widget elementor-widget-text-editor\" data-id=\"28c8538\" data-element_type=\"widget\" data-settings=\"{&quot;ekit_we_effect_on&quot;:&quot;none&quot;}\" data-widget_type=\"text-editor.default\">\n\t\t\t\t\t\t\t\t\t<p><strong>Submission of Abstracts:<\/strong><\/p>\n<p>Online submission of abstracts through the <a href=\"https:\/\/www.abstractagent.com\/2026eemkon\/\" target=\"_blank\" rel=\"noopener\"><strong>ABSTRACTAGENT System<\/strong><\/a> is the only valid submission method. Abstracts sent via email or postal mail, regardless of the system, will not be accepted. You can access the online abstract submission system, <a href=\"https:\/\/www.abstractagent.com\/2026eemkon\/\" target=\"_blank\" rel=\"noopener\"><strong>AbstractAgent, by clicking here.<\/strong><\/a><\/p>\n<p><strong>Abstract Submission Deadline:<\/strong> November 15, 2025<br><strong>Abstract Acceptance Announcement:<\/strong> November 30, 2025<\/p>\n<p>Abstracts to be presented at the congress should be experimental studies, clinical trials, and original case reports that contribute to scientific development and convey a conclusive message. Since abstracts submitted online will be printed as is, attention should be paid to spelling errors. Authors are responsible for all spelling errors.<\/p>\n<p><strong>Spelling Guidelines<\/strong><\/p>\n<p>Abstracts will be collected in English and Turkish via the online abstract system.<br>Academic titles should not be used in author names.<br>Names should be written in lowercase letters, with only the first letter capitalized.<\/p>\n<p>Example: Mehmet K\u00fc\u00e7\u00fck<br>The names and addresses of the authors&#8217; institutions must be stated.<br>For example: Xxxx University Faculty of Electrical and Electronics Engineering, Xxxx Department, Istanbul<br>Only the first letter of the abstract title should be capitalized. (Abbreviations are an exception.)<br>For example: Xxxxx xxxx xxxxxx xxxxxx xxx XXX xxxx xxxx<br>If an abbreviation is used in the abstract, the full name of the abbreviation should be stated in parentheses.<br>The abstract should briefly state the purpose of the study and the methods used, summarize the findings with sufficient numerical detail, and explain the conclusion within the framework of the presented findings.<br>The abstract should be written using the headings &#8220;Aim,&#8221; &#8220;Method,&#8221; &#8220;Findings,&#8221; and &#8220;Conclusion.&#8221;<br>The entire abstract should not exceed 250 words, excluding the title, author&#8217;s name, and surname.<br>Abstracts that do not comply with any of these points will be disqualified, regardless of their content.<\/p>\n<p><strong>Notes to Consider<\/strong><\/p>\n<p>If you are using the online abstract module for the first time, register using the &#8220;New User&#8221; link.<br>After registration, the instructions on the page will be helpful. Please read the messages and explanations carefully.<br>Abstracts submitted online will be printed as is, so please be careful of typos.<br>Please keep the confirmation messages you receive in your email address after submitting your abstract.<br>You can track the entire evaluation process of your abstract through the system using your email address and password.<br>For technical support or questions during submission, please contact <strong>eemkon@emo.org.tr.<\/strong><\/p>\n<p><strong>Abstract Evaluation<\/strong><\/p>\n<p>The evaluation will be conducted online by the Abstract Evaluation Committee, with the researchers&#8217; names, surnames, and institutions kept confidential.<br>For accepted abstracts to be published and presented, at least one researcher must have completed their congress registration.<br>During the abstract evaluation process, the abstract must not have been submitted or will not be submitted to any other conference or workshop.<br>The Scientific Committee reserves the right to change the presentation to an oral or poster presentation. The evaluation result will be sent to all abstract authors as a final letter. We strongly recommend that all abstract authors pay attention to the final decision regarding the presentation format.<\/p>\t\t\t\t\t\t\t\t<\/div>\n\t\t\t\t<\/div>\n\t\t\t\t\t<\/details>\n\t\t\t\t\t\t<details id=\"e-n-accordion-item-8601\" class=\"e-n-accordion-item\" >\n\t\t\t\t<summary class=\"e-n-accordion-item-title\" data-accordion-index=\"2\" tabindex=\"-1\" aria-expanded=\"false\" aria-controls=\"e-n-accordion-item-8601\" >\n\t\t\t\t\t<span class='e-n-accordion-item-title-header'><div class=\"e-n-accordion-item-title-text\"> PAPER TOPICS <\/div><\/span>\n\t\t\t\t\t\t\t<span class='e-n-accordion-item-title-icon'>\n\t\t\t<span class='e-opened' ><svg aria-hidden=\"true\" class=\"e-font-icon-svg e-fas-minus\" viewBox=\"0 0 448 512\" xmlns=\"http:\/\/www.w3.org\/2000\/svg\"><path d=\"M416 208H32c-17.67 0-32 14.33-32 32v32c0 17.67 14.33 32 32 32h384c17.67 0 32-14.33 32-32v-32c0-17.67-14.33-32-32-32z\"><\/path><\/svg><\/span>\n\t\t\t<span class='e-closed'><svg aria-hidden=\"true\" class=\"e-font-icon-svg e-fas-plus\" viewBox=\"0 0 448 512\" xmlns=\"http:\/\/www.w3.org\/2000\/svg\"><path d=\"M416 208H272V64c0-17.67-14.33-32-32-32h-32c-17.67 0-32 14.33-32 32v144H32c-17.67 0-32 14.33-32 32v32c0 17.67 14.33 32 32 32h144v144c0 17.67 14.33 32 32 32h32c17.67 0 32-14.33 32-32V304h144c17.67 0 32-14.33 32-32v-32c0-17.67-14.33-32-32-32z\"><\/path><\/svg><\/span>\n\t\t<\/span>\n\n\t\t\t\t\t\t<\/summary>\n\t\t\t\t<div data-particle_enable=\"false\" data-particle-mobile-disabled=\"false\" role=\"region\" aria-labelledby=\"e-n-accordion-item-8601\" class=\"elementor-element elementor-element-9b174e1 e-con-full e-flex e-con e-child\" data-id=\"9b174e1\" data-element_type=\"container\" data-settings=\"{&quot;ekit_has_onepagescroll_dot&quot;:&quot;yes&quot;}\">\n\t\t\t\t<div class=\"elementor-element elementor-element-690c63c elementor-widget elementor-widget-text-editor\" data-id=\"690c63c\" data-element_type=\"widget\" data-settings=\"{&quot;ekit_we_effect_on&quot;:&quot;none&quot;}\" data-widget_type=\"text-editor.default\">\n\t\t\t\t\t\t\t\t\t<p>DEADLINE FOR THE ABSTRACT SUBMISSION:<strong> <span style=\"color: #ff0000;\">15 October 2025<\/span>\u00a0<\/strong><br \/>ANNOUNCEMENT FOR THE ABSTRACT ACCEPTANCE: <span style=\"color: #ff0000;\"><strong>15 November 2025<\/strong><\/span><\/p><ul><li>Abstracts may be submitted via internet only via online submission module. <a style=\"color: #ff0000;\" href=\"https:\/\/www.abstractagent.com\/2026eemkon\/\" target=\"_blank\" rel=\"noopener\"><strong>&lt;&lt;AbstractAgent&gt;&gt;<\/strong><\/a><\/li><li>Abstracts submitted via mail and via fax will be counted as invalid.<\/li><li>Abstracts may be presented with poster or orally. Authors should indicate their presentation preference as poster or oral presentation.<\/li><li>The Final evaluation will be made by the Scientific Committee and the authors will be informed about the type of their presentation.<\/li><li>Abstracts should be prepared in English.<\/li><li>Title should be short, explanatory and not more than 10 words<\/li><li>Authors&#8217; names, surnames, institutes, addresses, telephone numbers and e-mail addresses should be mentioned on the \u201cAuthors&#8217; Part\u201d<\/li><li>Abstracts should include the parts:<br \/>a) Aim<br \/>b) Material and methods<br \/>c) Results<br \/>d) Conclusions<\/li><li>Abstract text may not be longer than 250 words.<\/li><li>Time and length of the oral presentations will be announced after acceptance of the abstracts. Presenters should hand their abstracts over to Speakers\u2019 Ready Room at least 4 hours prior to presentation or the day before, for early morning sessions.<\/li><li>Oral abstracts should be presented by using audiovisual aids, computers or video players.<\/li><li>Posters should be in 70 cm width and 90 cm height. The abstracts should be prepared in size that should be read from one meter distance.<\/li><li>Abstracts must be submitted by<strong>\u00a0<strong><span style=\"color: #ff0000;\">15 October 2025<\/span>\u00a0<\/strong>\u00a0<\/strong>Presenting author will be notified of the acceptance and format of presentation by\u00a0<span style=\"color: #ff0000;\"><strong>15 November 2025<\/strong><\/span>\u00a0The final acceptance of the abstract will not be confirmed until the presenting author has registered to the congress.<\/li><\/ul>\t\t\t\t\t\t\t\t<\/div>\n\t\t\t\t<\/div>\n\t\t\t\t\t<\/details>\n\t\t\t\t\t\t<details id=\"e-n-accordion-item-8602\" class=\"e-n-accordion-item\" >\n\t\t\t\t<summary class=\"e-n-accordion-item-title\" data-accordion-index=\"3\" tabindex=\"-1\" aria-expanded=\"false\" aria-controls=\"e-n-accordion-item-8602\" >\n\t\t\t\t\t<span class='e-n-accordion-item-title-header'><div class=\"e-n-accordion-item-title-text\"> ABSTRACT SUBMISSION SYSTEM (AbstractAgent) <\/div><\/span>\n\t\t\t\t\t\t\t<span class='e-n-accordion-item-title-icon'>\n\t\t\t<span class='e-opened' ><svg aria-hidden=\"true\" class=\"e-font-icon-svg e-fas-minus\" viewBox=\"0 0 448 512\" xmlns=\"http:\/\/www.w3.org\/2000\/svg\"><path d=\"M416 208H32c-17.67 0-32 14.33-32 32v32c0 17.67 14.33 32 32 32h384c17.67 0 32-14.33 32-32v-32c0-17.67-14.33-32-32-32z\"><\/path><\/svg><\/span>\n\t\t\t<span class='e-closed'><svg aria-hidden=\"true\" class=\"e-font-icon-svg e-fas-plus\" viewBox=\"0 0 448 512\" xmlns=\"http:\/\/www.w3.org\/2000\/svg\"><path d=\"M416 208H272V64c0-17.67-14.33-32-32-32h-32c-17.67 0-32 14.33-32 32v144H32c-17.67 0-32 14.33-32 32v32c0 17.67 14.33 32 32 32h144v144c0 17.67 14.33 32 32 32h32c17.67 0 32-14.33 32-32V304h144c17.67 0 32-14.33 32-32v-32c0-17.67-14.33-32-32-32z\"><\/path><\/svg><\/span>\n\t\t<\/span>\n\n\t\t\t\t\t\t<\/summary>\n\t\t\t\t<div data-particle_enable=\"false\" data-particle-mobile-disabled=\"false\" role=\"region\" aria-labelledby=\"e-n-accordion-item-8602\" class=\"elementor-element elementor-element-10fb0b1 e-con-full e-flex e-con e-child\" data-id=\"10fb0b1\" data-element_type=\"container\" data-settings=\"{&quot;ekit_has_onepagescroll_dot&quot;:&quot;yes&quot;}\">\n\t\t<div data-particle_enable=\"false\" data-particle-mobile-disabled=\"false\" role=\"region\" aria-labelledby=\"e-n-accordion-item-8602\" class=\"elementor-element elementor-element-70bac69 e-flex e-con-boxed e-con e-child\" data-id=\"70bac69\" data-element_type=\"container\" data-settings=\"{&quot;ekit_has_onepagescroll_dot&quot;:&quot;yes&quot;}\">\n\t\t\t\t\t<div class=\"e-con-inner\">\n\t\t\t\t<div class=\"elementor-element elementor-element-686793a elementor-widget elementor-widget-text-editor\" data-id=\"686793a\" data-element_type=\"widget\" data-settings=\"{&quot;ekit_we_effect_on&quot;:&quot;none&quot;}\" data-widget_type=\"text-editor.default\">\n\t\t\t\t\t\t\t\t\t<p>\u00a0<\/p><p><a href=\"https:\/\/www.abstractagent.com\/2026eemkon\/\" target=\"_blank\" rel=\"noopener\">https:\/\/www.abstractagent.com\/2026eemkon\/<\/a><\/p>\t\t\t\t\t\t\t\t<\/div>\n\t\t\t\t\t<\/div>\n\t\t\t\t<\/div>\n\t\t\t\t<\/div>\n\t\t\t\t\t<\/details>\n\t\t\t\t\t\t<details id=\"e-n-accordion-item-8603\" class=\"e-n-accordion-item\" >\n\t\t\t\t<summary class=\"e-n-accordion-item-title\" data-accordion-index=\"4\" tabindex=\"-1\" aria-expanded=\"false\" aria-controls=\"e-n-accordion-item-8603\" >\n\t\t\t\t\t<span class='e-n-accordion-item-title-header'><div class=\"e-n-accordion-item-title-text\"> ABSTRACT SUBMITTING DEADLINE <\/div><\/span>\n\t\t\t\t\t\t\t<span class='e-n-accordion-item-title-icon'>\n\t\t\t<span class='e-opened' ><svg aria-hidden=\"true\" class=\"e-font-icon-svg e-fas-minus\" viewBox=\"0 0 448 512\" xmlns=\"http:\/\/www.w3.org\/2000\/svg\"><path d=\"M416 208H32c-17.67 0-32 14.33-32 32v32c0 17.67 14.33 32 32 32h384c17.67 0 32-14.33 32-32v-32c0-17.67-14.33-32-32-32z\"><\/path><\/svg><\/span>\n\t\t\t<span class='e-closed'><svg aria-hidden=\"true\" class=\"e-font-icon-svg e-fas-plus\" viewBox=\"0 0 448 512\" xmlns=\"http:\/\/www.w3.org\/2000\/svg\"><path d=\"M416 208H272V64c0-17.67-14.33-32-32-32h-32c-17.67 0-32 14.33-32 32v144H32c-17.67 0-32 14.33-32 32v32c0 17.67 14.33 32 32 32h144v144c0 17.67 14.33 32 32 32h32c17.67 0 32-14.33 32-32V304h144c17.67 0 32-14.33 32-32v-32c0-17.67-14.33-32-32-32z\"><\/path><\/svg><\/span>\n\t\t<\/span>\n\n\t\t\t\t\t\t<\/summary>\n\t\t\t\t<div data-particle_enable=\"false\" data-particle-mobile-disabled=\"false\" role=\"region\" aria-labelledby=\"e-n-accordion-item-8603\" class=\"elementor-element elementor-element-55ac891 e-con-full e-flex e-con e-child\" data-id=\"55ac891\" data-element_type=\"container\" data-settings=\"{&quot;ekit_has_onepagescroll_dot&quot;:&quot;yes&quot;}\">\n\t\t\t\t<div class=\"elementor-element elementor-element-e9ff873 elementor-widget elementor-widget-text-editor\" data-id=\"e9ff873\" data-element_type=\"widget\" data-settings=\"{&quot;ekit_we_effect_on&quot;:&quot;none&quot;}\" data-widget_type=\"text-editor.default\">\n\t\t\t\t\t\t\t\t\t<p><strong><br \/>Abstract Submission Deadline: <\/strong>November 15, 2025<strong><br \/>Abstract Acceptance Announcement: <\/strong>November 30, 2025<strong><br \/><\/strong><\/p>\t\t\t\t\t\t\t\t<\/div>\n\t\t\t\t<\/div>\n\t\t\t\t\t<\/details>\n\t\t\t\t\t<\/div>\n\t\t\t\t\t\t<\/div>\n\t\t\t\t\t<\/div>\n\t\t\t\t<\/div>\n\t\t\t\t<\/div>\n\t\t","protected":false},"excerpt":{"rendered":"<p>EEMKON 2026 Electrical and Electronics Engineering Congress will include both invited and peer-reviewed papers.You can find more details below. Click here to apply for the First Abstracts Conference You should use the paper template in Microsoft Word to help you prepare your manuscript. ABSTRACT SUBMISSION RULES Submission of Abstracts: Online submission of abstracts through the [&hellip;]<\/p>\n","protected":false},"author":1,"featured_media":0,"parent":0,"menu_order":0,"comment_status":"closed","ping_status":"closed","template":"elementor_header_footer","meta":{"footnotes":""},"class_list":["post-1202","page","type-page","status-publish","hentry"],"aioseo_notices":[],"_links":{"self":[{"href":"https:\/\/eemkon.org.tr\/en\/wp-json\/wp\/v2\/pages\/1202","targetHints":{"allow":["GET"]}}],"collection":[{"href":"https:\/\/eemkon.org.tr\/en\/wp-json\/wp\/v2\/pages"}],"about":[{"href":"https:\/\/eemkon.org.tr\/en\/wp-json\/wp\/v2\/types\/page"}],"author":[{"embeddable":true,"href":"https:\/\/eemkon.org.tr\/en\/wp-json\/wp\/v2\/users\/1"}],"replies":[{"embeddable":true,"href":"https:\/\/eemkon.org.tr\/en\/wp-json\/wp\/v2\/comments?post=1202"}],"version-history":[{"count":12,"href":"https:\/\/eemkon.org.tr\/en\/wp-json\/wp\/v2\/pages\/1202\/revisions"}],"predecessor-version":[{"id":2409,"href":"https:\/\/eemkon.org.tr\/en\/wp-json\/wp\/v2\/pages\/1202\/revisions\/2409"}],"wp:attachment":[{"href":"https:\/\/eemkon.org.tr\/en\/wp-json\/wp\/v2\/media?parent=1202"}],"curies":[{"name":"wp","href":"https:\/\/api.w.org\/{rel}","templated":true}]}}