{"id":4124,"date":"2020-12-29T20:15:40","date_gmt":"2020-12-29T17:15:40","guid":{"rendered":"http:\/\/localhost\/eemkon.org.tr\/?page_id=4124"},"modified":"2021-02-28T00:33:17","modified_gmt":"2021-02-27T21:33:17","slug":"1kongre-sekreteryasi","status":"publish","type":"page","link":"https:\/\/eemkon.org.tr\/eemkon2019\/1kongre-sekreteryasi\/","title":{"rendered":"Kongre Sekreteryas\u0131"},"content":{"rendered":"\t\t<div data-elementor-type=\"wp-page\" data-elementor-id=\"4124\" class=\"elementor elementor-4124\" data-elementor-settings=\"[]\">\n\t\t\t\t\t\t<div class=\"elementor-inner\">\n\t\t\t\t\t\t\t<div class=\"elementor-section-wrap\">\n\t\t\t\t\t\t\t<section class=\"elementor-section elementor-top-section elementor-element elementor-element-4875b01 elementor-section-boxed elementor-section-height-default elementor-section-height-default\" data-id=\"4875b01\" data-element_type=\"section\">\n\t\t\t\t\t\t<div class=\"elementor-container elementor-column-gap-default\">\n\t\t\t\t\t\t\t<div class=\"elementor-row\">\n\t\t\t\t\t<div class=\"elementor-column elementor-col-66 elementor-top-column elementor-element elementor-element-ab21fdc\" data-id=\"ab21fdc\" data-element_type=\"column\">\n\t\t\t<div class=\"elementor-column-wrap elementor-element-populated\">\n\t\t\t\t\t\t\t<div class=\"elementor-widget-wrap\">\n\t\t\t\t\t\t<div class=\"elementor-element elementor-element-37aaf5f elementor-widget elementor-widget-heading\" data-id=\"37aaf5f\" data-element_type=\"widget\" data-widget_type=\"heading.default\">\n\t\t\t\t<div class=\"elementor-widget-container\">\n\t\t\t<h2 class=\"elementor-heading-title elementor-size-default\">KONGRE SEKRETERYASI<\/h2>\t\t<\/div>\n\t\t\t\t<\/div>\n\t\t\t\t<div class=\"elementor-element elementor-element-eaaec55 elementor-widget elementor-widget-text-editor\" data-id=\"eaaec55\" data-element_type=\"widget\" data-widget_type=\"text-editor.default\">\n\t\t\t\t<div class=\"elementor-widget-container\">\n\t\t\t\t\t<div class=\"elementor-text-editor elementor-clearfix\"><p><strong>Kongre D\u00fczenleme kurulu Ba\u015fkan\u0131:<\/strong> F. Kemal \u00d6zo\u011fuz<\/p><p><strong>Kongre Sekreteri:<\/strong> S\u0131dd\u0131ka \u00d6del<\/p><p><strong>Elektrik M\u00fchendisleri Odas\u0131 \u0130stanbul \u015eubesi<\/strong><br \/>Adres: Ergenekon Mah. Cumhuriyet Cad. No:173\/1 Harbiye 34367 \u015ei\u015fli &#8211; \u0130STANBUL<\/p><p><strong>Telefon:<\/strong> +90 212 259 11 50 &#8211; 113<br \/><strong>Faks:<\/strong> +90 212 258 36 55<br \/><strong>GSM:<\/strong> +90 542 808 03 47<br \/><strong>E-posta:<\/strong> eemkon2019@emo.org.tr<\/p><\/div>\n\t\t\t\t<\/div>\n\t\t\t\t<\/div>\n\t\t\t\t\t\t<\/div>\n\t\t\t\t\t<\/div>\n\t\t<\/div>\n\t\t\t\t<div class=\"elementor-column elementor-col-33 elementor-top-column elementor-element elementor-element-f93c2a3\" data-id=\"f93c2a3\" data-element_type=\"column\">\n\t\t\t<div class=\"elementor-column-wrap elementor-element-populated\">\n\t\t\t\t\t\t\t<div class=\"elementor-widget-wrap\">\n\t\t\t\t\t\t<div class=\"elementor-element elementor-element-ccb2692 elementor-widget elementor-widget-heading\" data-id=\"ccb2692\" data-element_type=\"widget\" data-widget_type=\"heading.default\">\n\t\t\t\t<div class=\"elementor-widget-container\">\n\t\t\t<h2 class=\"elementor-heading-title elementor-size-default\">SEKRETERYA HABERLER\u0130<\/h2>\t\t<\/div>\n\t\t\t\t<\/div>\n\t\t\t\t<div class=\"elementor-element elementor-element-7101fd9 elementor-widget elementor-widget-sidebar\" data-id=\"7101fd9\" data-element_type=\"widget\" data-widget_type=\"sidebar.default\">\n\t\t\t\t<div class=\"elementor-widget-container\">\n\t\t\t<div class=\"widget widget_jnews_module_block_11\" id=\"jnews_module_block_11-6\"><div  class=\"jeg_postblock_11 jeg_postblock jeg_module_hook jeg_pagination_disable jeg_col_1o3 jnews_module__0_69f1ba9489b9c  normal \" data-unique=\"jnews_module__0_69f1ba9489b9c\">\n                \n                <div class=\"jeg_block_container\">\n                \n                <div class=\"jeg_posts_wrap\">\n                <div class=\"jeg_posts jeg_load_more_flag\">\n                    <article class=\"jeg_post jeg_pl_md_card format-standard\">\n                <div class=\"jeg_inner_post\">\n                    <div class=\"jeg_thumb\">\n                        \n                        <a href=\"https:\/\/eemkon.org.tr\/eemkon2019\/yurutme-kurullari-toplantilari-devam-ediyor\/\"><div class=\"thumbnail-container animate-lazy  size-715 \"><img loading=\"lazy\" decoding=\"async\" width=\"350\" height=\"250\" src=\"https:\/\/eemkon.org.tr\/eemkon2019\/wp-content\/themes\/jnews\/assets\/img\/jeg-empty.png\" class=\"attachment-jnews-350x250 size-jnews-350x250 lazyload wp-post-image\" alt=\"Y\u00fcr\u00fctme Kurullar\u0131 Toplant\u0131lar\u0131 Devam Ediyor\" sizes=\"auto, (max-width: 350px) 100vw, 350px\" data-src=\"https:\/\/eemkon.org.tr\/eemkon2019\/wp-content\/uploads\/2019\/09\/20190403_205938-350x250.jpg\" data-srcset=\"https:\/\/eemkon.org.tr\/eemkon2019\/wp-content\/uploads\/2019\/09\/20190403_205938-350x250.jpg 350w, https:\/\/eemkon.org.tr\/eemkon2019\/wp-content\/uploads\/2019\/09\/20190403_205938-800x570.jpg 800w, https:\/\/eemkon.org.tr\/eemkon2019\/wp-content\/uploads\/2019\/09\/20190403_205938-120x86.jpg 120w, https:\/\/eemkon.org.tr\/eemkon2019\/wp-content\/uploads\/2019\/09\/20190403_205938-750x536.jpg 750w\" data-sizes=\"auto\" data-expand=\"700\" \/><\/div><\/a>\n                    <\/div>\n                    <div class=\"jeg_postblock_content\">\n                        <div class=\"jeg_post_category\">\n                            <span>\n                                <a href=\"https:\/\/eemkon.org.tr\/eemkon2019\/category\/bilim-kurulu-2019\/\">Bilim Kurulu 2019<\/a>\n                            <\/span>\n                        <\/div>\n                        <h3 class=\"jeg_post_title\">\n                            <a href=\"https:\/\/eemkon.org.tr\/eemkon2019\/yurutme-kurullari-toplantilari-devam-ediyor\/\">Y\u00fcr\u00fctme Kurullar\u0131 Toplant\u0131lar\u0131 Devam Ediyor<\/a>\n                        <\/h3>\n                        \n                    <\/div>\n                <\/div>\n            <\/article>\n                <\/div>\n            <\/div>\n                <div class='module-overlay'>\n\t\t\t\t    <div class='preloader_type preloader_dot'>\n\t\t\t\t        <div class=\"module-preloader jeg_preloader dot\">\n\t\t\t\t            <span><\/span><span><\/span><span><\/span>\n\t\t\t\t        <\/div>\n\t\t\t\t        <div class=\"module-preloader jeg_preloader circle\">\n\t\t\t\t            <div class=\"jnews_preloader_circle_outer\">\n\t\t\t\t                <div class=\"jnews_preloader_circle_inner\"><\/div>\n\t\t\t\t            <\/div>\n\t\t\t\t        <\/div>\n\t\t\t\t        <div class=\"module-preloader jeg_preloader square\">\n\t\t\t\t            <div class=\"jeg_square\">\n\t\t\t\t                <div class=\"jeg_square_inner\"><\/div>\n\t\t\t\t            <\/div>\n\t\t\t\t        <\/div>\n\t\t\t\t    <\/div>\n\t\t\t\t<\/div>\n            <\/div>\n            <div class=\"jeg_block_navigation\">\n                <div class='navigation_overlay'><div class='module-preloader jeg_preloader'><span><\/span><span><\/span><span><\/span><\/div><\/div>\n                \n                \n            <\/div>\n                \n                <script>var jnews_module__0_69f1ba9489b9c = {\"header_icon\":\"\",\"first_title\":\"\",\"second_title\":\"\",\"url\":\"\",\"header_type\":\"heading_6\",\"header_background\":\"\",\"header_secondary_background\":\"\",\"header_text_color\":\"\",\"header_line_color\":\"\",\"header_accent_color\":\"\",\"header_filter_category\":\"\",\"header_filter_author\":\"\",\"header_filter_tag\":\"\",\"header_filter_text\":\"All\",\"post_type\":\"post\",\"content_type\":\"all\",\"number_post\":\"10\",\"post_offset\":\"0\",\"unique_content\":\"disable\",\"include_post\":\"\",\"exclude_post\":\"\",\"include_category\":\"143\",\"exclude_category\":\"\",\"include_author\":\"\",\"include_tag\":\"\",\"exclude_tag\":\"\",\"sort_by\":\"latest\",\"date_format\":\"default\",\"date_format_custom\":\"Y\\\/m\\\/d\",\"force_normal_image_load\":\"0\",\"pagination_mode\":\"disable\",\"pagination_nextprev_showtext\":\"0\",\"pagination_number_post\":\"4\",\"pagination_scroll_limit\":\"0\",\"el_id\":\"\",\"el_class\":\"\",\"scheme\":\"normal\",\"column_width\":\"auto\",\"title_color\":\"\",\"accent_color\":\"\",\"alt_color\":\"\",\"excerpt_color\":\"\",\"block_background\":\"\",\"css\":\"\",\"paged\":1,\"column_class\":\"jeg_col_1o3\",\"class\":\"jnews_block_11\"};<\/script>\n            <\/div><\/div>\t\t<\/div>\n\t\t\t\t<\/div>\n\t\t\t\t\t\t<\/div>\n\t\t\t\t\t<\/div>\n\t\t<\/div>\n\t\t\t\t\t\t\t\t<\/div>\n\t\t\t\t\t<\/div>\n\t\t<\/section>\n\t\t\t\t\t\t<\/div>\n\t\t\t\t\t\t<\/div>\n\t\t\t\t\t<\/div>\n\t\t","protected":false},"excerpt":{"rendered":"<p>KONGRE SEKRETERYASI Kongre D\u00fczenleme kurulu Ba\u015fkan\u0131: F. Kemal \u00d6zo\u011fuz Kongre Sekreteri: S\u0131dd\u0131ka \u00d6del Elektrik M\u00fchendisleri Odas\u0131 \u0130stanbul \u015eubesiAdres: Ergenekon Mah. Cumhuriyet Cad. No:173\/1 Harbiye 34367 \u015ei\u015fli &#8211; \u0130STANBUL Telefon: +90 212 259 11 50 &#8211; 113Faks: +90 212 258 36 55GSM: +90 542 808 03 47E-posta: eemkon2019@emo.org.tr SEKRETERYA HABERLER\u0130<\/p>\n","protected":false},"author":4,"featured_media":0,"parent":0,"menu_order":10,"comment_status":"closed","ping_status":"closed","template":"template-index.php","meta":{"footnotes":""},"class_list":["post-4124","page","type-page","status-publish","hentry"],"_links":{"self":[{"href":"https:\/\/eemkon.org.tr\/eemkon2019\/wp-json\/wp\/v2\/pages\/4124","targetHints":{"allow":["GET"]}}],"collection":[{"href":"https:\/\/eemkon.org.tr\/eemkon2019\/wp-json\/wp\/v2\/pages"}],"about":[{"href":"https:\/\/eemkon.org.tr\/eemkon2019\/wp-json\/wp\/v2\/types\/page"}],"author":[{"embeddable":true,"href":"https:\/\/eemkon.org.tr\/eemkon2019\/wp-json\/wp\/v2\/users\/4"}],"replies":[{"embeddable":true,"href":"https:\/\/eemkon.org.tr\/eemkon2019\/wp-json\/wp\/v2\/comments?post=4124"}],"version-history":[{"count":13,"href":"https:\/\/eemkon.org.tr\/eemkon2019\/wp-json\/wp\/v2\/pages\/4124\/revisions"}],"predecessor-version":[{"id":4915,"href":"https:\/\/eemkon.org.tr\/eemkon2019\/wp-json\/wp\/v2\/pages\/4124\/revisions\/4915"}],"wp:attachment":[{"href":"https:\/\/eemkon.org.tr\/eemkon2019\/wp-json\/wp\/v2\/media?parent=4124"}],"curies":[{"name":"wp","href":"https:\/\/api.w.org\/{rel}","templated":true}]}}