{"id":4041,"date":"2020-12-28T18:59:39","date_gmt":"2020-12-28T15:59:39","guid":{"rendered":"http:\/\/localhost\/eemkon.org.tr\/?page_id=4041"},"modified":"2021-01-04T20:46:35","modified_gmt":"2021-01-04T17:46:35","slug":"1sponsorluk","status":"publish","type":"page","link":"https:\/\/eemkon.org.tr\/eemkon2019\/1sponsorluk\/","title":{"rendered":"Sponsorluk"},"content":{"rendered":"\t\t<div data-elementor-type=\"wp-page\" data-elementor-id=\"4041\" class=\"elementor elementor-4041\" data-elementor-settings=\"[]\">\n\t\t\t\t\t\t<div class=\"elementor-inner\">\n\t\t\t\t\t\t\t<div class=\"elementor-section-wrap\">\n\t\t\t\t\t\t\t<section class=\"elementor-section elementor-top-section elementor-element elementor-element-b5499cc elementor-section-boxed elementor-section-height-default elementor-section-height-default\" data-id=\"b5499cc\" data-element_type=\"section\">\n\t\t\t\t\t\t<div class=\"elementor-container elementor-column-gap-default\">\n\t\t\t\t\t\t\t<div class=\"elementor-row\">\n\t\t\t\t\t<div class=\"elementor-column elementor-col-100 elementor-top-column elementor-element elementor-element-25cc6c7\" data-id=\"25cc6c7\" data-element_type=\"column\">\n\t\t\t<div class=\"elementor-column-wrap elementor-element-populated\">\n\t\t\t\t\t\t\t<div class=\"elementor-widget-wrap\">\n\t\t\t\t\t\t<div class=\"elementor-element elementor-element-981ac21 elementor-widget elementor-widget-heading\" data-id=\"981ac21\" data-element_type=\"widget\" data-widget_type=\"heading.default\">\n\t\t\t\t<div class=\"elementor-widget-container\">\n\t\t\t<h2 class=\"elementor-heading-title elementor-size-default\">SPONSORLUK KO\u015eULLARI<\/h2>\t\t<\/div>\n\t\t\t\t<\/div>\n\t\t\t\t\t\t<\/div>\n\t\t\t\t\t<\/div>\n\t\t<\/div>\n\t\t\t\t\t\t\t\t<\/div>\n\t\t\t\t\t<\/div>\n\t\t<\/section>\n\t\t\t\t<section class=\"elementor-section elementor-top-section elementor-element elementor-element-9f3f4be elementor-section-boxed elementor-section-height-default elementor-section-height-default\" data-id=\"9f3f4be\" data-element_type=\"section\">\n\t\t\t\t\t\t<div class=\"elementor-container elementor-column-gap-default\">\n\t\t\t\t\t\t\t<div class=\"elementor-row\">\n\t\t\t\t\t<div class=\"elementor-column elementor-col-33 elementor-top-column elementor-element elementor-element-78abccd\" data-id=\"78abccd\" data-element_type=\"column\">\n\t\t\t<div class=\"elementor-column-wrap elementor-element-populated\">\n\t\t\t\t\t\t\t<div class=\"elementor-widget-wrap\">\n\t\t\t\t\t\t<div class=\"elementor-element elementor-element-c5acf24 elementor-widget elementor-widget-text-editor\" data-id=\"c5acf24\" data-element_type=\"widget\" data-widget_type=\"text-editor.default\">\n\t\t\t\t<div class=\"elementor-widget-container\">\n\t\t\t\t\t<div class=\"elementor-text-editor elementor-clearfix\"><p>\u00a0EEMKON 2019 \u00c7ANTA SPONSORLUK<br \/><strong>\u2022 EEMKON 2019 YAKA KARTI SPONSORLUK (DOLU)<\/strong><br \/><strong>\u2022 EEMKON 2019 KALEM SPONSORLUK (DOLU)<\/strong><br \/><strong>\u2022 EEMKON 2019 CD SPONSORLUK (DOLU)<\/strong><br \/><strong>\u2022 EEMKON 2019 BLOKNOT SPONSORLUK (DOLU)<\/strong><br \/>\u2022 EEMKON 2019 TANITIM BRO\u015e\u00dcR SPONSORLUK<br \/>\u2022 EEMKON 2019 GALA YEME\u011e\u0130 SPONSORLUK<br \/><strong><br \/>Yukar\u0131da belirtilen sponsorlara tan\u0131nan ayr\u0131cal\u0131klar;<\/strong><br \/>\u2022 10-12 m2 stant yeri verilmesi,<br \/>\u2022 Firma logosunu yaz\u0131l\u0131 ilanlarda, g\u00f6rsel yay\u0131nlanan ve bas\u0131lan t\u00fcm yay\u0131n ve afi\u015flerde kullan\u0131lmas\u0131,<br \/>\u2022 Firma logosunun online olarak kullan\u0131lmas\u0131,<br \/>\u2022 Her 5.000 TL i\u00e7in bir delege davetiyesinin verilmesi sa\u011flanacakt\u0131r.<\/p><p><strong>ANA SPONSORLUK<\/strong><\/p><p><strong>Ana sponsor olan firmalara tan\u0131nan ayr\u0131cal\u0131klar,<\/strong><br \/>1-Ana sponsor firma logosu b\u00fct\u00fcn yaz\u0131l\u0131 ve g\u00f6rsel tan\u0131t\u0131m mecralar\u0131nda yer almas\u0131, (Online \u00e7al\u0131\u015fmalar, yaz\u0131l\u0131 ilanlar vb.)<br \/>2-Ana sponsor firmaya 10-12 m2 stant yeri verilmesi,<br \/>3-Be\u015f adet delege biletinin \u00fccretsiz verilmesi,<br \/>4-Kongrenin olu\u015facak mevcut kitaplar\u0131nda reklam g\u00f6rseli yer almas\u0131,<br \/>5-Ana sponsorlar\u0131n her birine tan\u0131t\u0131m flamas\u0131 (\u00f6l\u00e7\u00fc 1.5m X 2 m) ve rollup (\u00d6l\u00e7\u00fc 85cm X 2m) haz\u0131rlanmas\u0131,<br \/>6-EMO Portal sosyal a\u011f\u0131nda 6 ay boyunca \u00fccretsiz reklam yay\u0131nlanmas\u0131.<\/p><p><strong>EEMKON 2019 MUHTEL\u0130F SPONSORLUK\u00a0<\/strong><\/p><p>EEMKON 2019 SERG\u0130 YER\u0130 SATI\u015e BEDEL\u0130: m2 bedeli 650,00 TL+ KDV<\/p><\/div>\n\t\t\t\t<\/div>\n\t\t\t\t<\/div>\n\t\t\t\t\t\t<\/div>\n\t\t\t\t\t<\/div>\n\t\t<\/div>\n\t\t\t\t<div class=\"elementor-column elementor-col-33 elementor-top-column elementor-element elementor-element-817f351\" data-id=\"817f351\" data-element_type=\"column\">\n\t\t\t<div class=\"elementor-column-wrap elementor-element-populated\">\n\t\t\t\t\t\t\t<div class=\"elementor-widget-wrap\">\n\t\t\t\t\t\t<div class=\"elementor-element elementor-element-aa4f8fd elementor-widget elementor-widget-text-editor\" data-id=\"aa4f8fd\" data-element_type=\"widget\" data-widget_type=\"text-editor.default\">\n\t\t\t\t<div class=\"elementor-widget-container\">\n\t\t\t\t\t<div class=\"elementor-text-editor elementor-clearfix\"><p><strong>Ana Sponsorluk<\/strong><br \/>\u2022 Kongre Giri\u015finde Logo<br \/>\u2022 Kongre Program Dok\u00fcman\u0131nda Logo<br \/>\u2022 Web Sayfas\u0131nda Logo<br \/>\u2022 Delege Kart\u0131 Hediyesi (10 Adet)<br \/>\u2022 T\u00fcm Sempozyum Kitaplar\u0131nda Logo<br \/>\u2022 T\u00fcm Salonlarda Logo<br \/>\u2022 Reklam ve Tan\u0131t\u0131m Faaliyetlerinde Logo<br \/>\u2022 \u00d6zel Oturum<br \/>\u2022 Fuayede Masa Tipi Stant<\/p><p><strong>Sponsorluk<\/strong><br \/>\u2022 Kongre Program dok\u00fcman\u0131nda ilgili sempozyum b\u00f6l\u00fcm\u00fcnde logo<br \/>\u2022 Web Sayfas\u0131nda ilgili Sempozyum b\u00f6l\u00fcm\u00fcnde logo<br \/>\u2022 Delege Kart\u0131 hediyesi (5 Adet)<br \/>\u2022 Sempozyum Kitab\u0131nda Logo<br \/>\u2022 \u0130lgili Sempozyum oturum salonlar\u0131nda Logo<br \/>\u2022 Reklam ve tan\u0131t\u0131m faaliyetlerinde logo<\/p><p><strong>Promosyon Sponsorlu\u011fu<\/strong><br \/>\u2022 \u0130lgili Promosyon \u00fczerinde Logo<br \/>\u2022 Tan\u0131t\u0131m ve program dok\u00fcmanlar\u0131nda sponsorlar k\u0131sm\u0131nda logo<br \/>\u2022 \u00c7e\u015fitli noktalarda sponsorlar k\u0131sm\u0131nda logo<br \/>\u2022 Kongre Web sayfas\u0131nda sponsorlar k\u0131sm\u0131nda logo<br \/>\u2022 Delege kart\u0131 hediyesi (5 Adet)<br \/>\u2022 Reklam ve tan\u0131t\u0131m faali<\/p><\/div>\n\t\t\t\t<\/div>\n\t\t\t\t<\/div>\n\t\t\t\t\t\t<\/div>\n\t\t\t\t\t<\/div>\n\t\t<\/div>\n\t\t\t\t<div class=\"elementor-column elementor-col-33 elementor-top-column elementor-element elementor-element-95ee74a\" data-id=\"95ee74a\" data-element_type=\"column\">\n\t\t\t<div class=\"elementor-column-wrap elementor-element-populated\">\n\t\t\t\t\t\t\t<div class=\"elementor-widget-wrap\">\n\t\t\t\t\t\t<div class=\"elementor-element elementor-element-fc35c72 elementor-widget elementor-widget-image\" data-id=\"fc35c72\" data-element_type=\"widget\" data-widget_type=\"image.default\">\n\t\t\t\t<div class=\"elementor-widget-container\">\n\t\t\t\t\t<div class=\"elementor-image\">\n\t\t\t\t\t\t\t\t\t\t<img loading=\"lazy\" decoding=\"async\" width=\"256\" height=\"256\" src=\"https:\/\/eemkon.org.tr\/eemkon2019\/wp-content\/uploads\/2019\/05\/pdf-download.png\" class=\"attachment-large size-large\" alt=\"\" srcset=\"https:\/\/eemkon.org.tr\/eemkon2019\/wp-content\/uploads\/2019\/05\/pdf-download.png 256w, https:\/\/eemkon.org.tr\/eemkon2019\/wp-content\/uploads\/2019\/05\/pdf-download-150x150.png 150w, https:\/\/eemkon.org.tr\/eemkon2019\/wp-content\/uploads\/2019\/05\/pdf-download-75x75.png 75w\" sizes=\"auto, (max-width: 256px) 100vw, 256px\" \/>\t\t\t\t\t\t\t\t\t\t\t<\/div>\n\t\t\t\t<\/div>\n\t\t\t\t<\/div>\n\t\t\t\t<div class=\"elementor-element elementor-element-2a67f836 elementor-widget elementor-widget-text-editor\" data-id=\"2a67f836\" data-element_type=\"widget\" data-widget_type=\"text-editor.default\">\n\t\t\t\t<div class=\"elementor-widget-container\">\n\t\t\t\t\t<div class=\"elementor-text-editor elementor-clearfix\"><p style=\"text-align: center;\"><a href=\"http:\/\/eemkon.org.tr\/wp-content\/uploads\/2019\/05\/eemkon2019-sponsorluk.pdf\">EEMKON 2019<br \/>SPONSORLUK S\u00d6ZLE\u015eMES\u0130 \u0130\u00c7\u0130N<br \/>TIKLAYINIZ<\/a><\/p><\/div>\n\t\t\t\t<\/div>\n\t\t\t\t<\/div>\n\t\t\t\t\t\t<\/div>\n\t\t\t\t\t<\/div>\n\t\t<\/div>\n\t\t\t\t\t\t\t\t<\/div>\n\t\t\t\t\t<\/div>\n\t\t<\/section>\n\t\t\t\t\t\t<\/div>\n\t\t\t\t\t\t<\/div>\n\t\t\t\t\t<\/div>\n\t\t","protected":false},"excerpt":{"rendered":"<p>SPONSORLUK KO\u015eULLARI \u00a0EEMKON 2019 \u00c7ANTA SPONSORLUK\u2022 EEMKON 2019 YAKA KARTI SPONSORLUK (DOLU)\u2022 EEMKON 2019 KALEM SPONSORLUK (DOLU)\u2022 EEMKON 2019 CD SPONSORLUK (DOLU)\u2022 EEMKON 2019 BLOKNOT SPONSORLUK (DOLU)\u2022 EEMKON 2019 TANITIM BRO\u015e\u00dcR SPONSORLUK\u2022 EEMKON 2019 GALA YEME\u011e\u0130 SPONSORLUKYukar\u0131da belirtilen sponsorlara tan\u0131nan ayr\u0131cal\u0131klar;\u2022 10-12 m2 stant yeri verilmesi,\u2022 Firma logosunu yaz\u0131l\u0131 ilanlarda, g\u00f6rsel yay\u0131nlanan ve bas\u0131lan t\u00fcm [&hellip;]<\/p>\n","protected":false},"author":4,"featured_media":0,"parent":0,"menu_order":11,"comment_status":"closed","ping_status":"closed","template":"template-index.php","meta":{"footnotes":""},"class_list":["post-4041","page","type-page","status-publish","hentry"],"_links":{"self":[{"href":"https:\/\/eemkon.org.tr\/eemkon2019\/wp-json\/wp\/v2\/pages\/4041","targetHints":{"allow":["GET"]}}],"collection":[{"href":"https:\/\/eemkon.org.tr\/eemkon2019\/wp-json\/wp\/v2\/pages"}],"about":[{"href":"https:\/\/eemkon.org.tr\/eemkon2019\/wp-json\/wp\/v2\/types\/page"}],"author":[{"embeddable":true,"href":"https:\/\/eemkon.org.tr\/eemkon2019\/wp-json\/wp\/v2\/users\/4"}],"replies":[{"embeddable":true,"href":"https:\/\/eemkon.org.tr\/eemkon2019\/wp-json\/wp\/v2\/comments?post=4041"}],"version-history":[{"count":4,"href":"https:\/\/eemkon.org.tr\/eemkon2019\/wp-json\/wp\/v2\/pages\/4041\/revisions"}],"predecessor-version":[{"id":4046,"href":"https:\/\/eemkon.org.tr\/eemkon2019\/wp-json\/wp\/v2\/pages\/4041\/revisions\/4046"}],"wp:attachment":[{"href":"https:\/\/eemkon.org.tr\/eemkon2019\/wp-json\/wp\/v2\/media?parent=4041"}],"curies":[{"name":"wp","href":"https:\/\/api.w.org\/{rel}","templated":true}]}}