{"id":2296,"date":"2019-06-24T13:45:24","date_gmt":"2019-06-24T10:45:24","guid":{"rendered":"http:\/\/eemkon.org.tr\/?page_id=2296"},"modified":"2021-01-04T20:46:39","modified_gmt":"2021-01-04T17:46:39","slug":"1katilim","status":"publish","type":"page","link":"https:\/\/eemkon.org.tr\/eemkon2019\/1katilim\/","title":{"rendered":"Kat\u0131l\u0131m"},"content":{"rendered":"\t\t<div data-elementor-type=\"wp-page\" data-elementor-id=\"2296\" class=\"elementor elementor-2296\" data-elementor-settings=\"[]\">\n\t\t\t\t\t\t<div class=\"elementor-inner\">\n\t\t\t\t\t\t\t<div class=\"elementor-section-wrap\">\n\t\t\t\t\t\t\t<section class=\"elementor-section elementor-top-section elementor-element elementor-element-2b92937 elementor-section-boxed elementor-section-height-default elementor-section-height-default\" data-id=\"2b92937\" data-element_type=\"section\">\n\t\t\t\t\t\t<div class=\"elementor-container elementor-column-gap-default\">\n\t\t\t\t\t\t\t<div class=\"elementor-row\">\n\t\t\t\t\t<div class=\"elementor-column elementor-col-33 elementor-top-column elementor-element elementor-element-6e36e27\" data-id=\"6e36e27\" data-element_type=\"column\">\n\t\t\t<div class=\"elementor-column-wrap elementor-element-populated\">\n\t\t\t\t\t\t\t<div class=\"elementor-widget-wrap\">\n\t\t\t\t\t\t<div class=\"elementor-element elementor-element-a50fa6c elementor-widget elementor-widget-heading\" data-id=\"a50fa6c\" data-element_type=\"widget\" data-widget_type=\"heading.default\">\n\t\t\t\t<div class=\"elementor-widget-container\">\n\t\t\t<h2 class=\"elementor-heading-title elementor-size-default\">Delege Kat\u0131l\u0131m<\/h2>\t\t<\/div>\n\t\t\t\t<\/div>\n\t\t\t\t<div class=\"elementor-element elementor-element-3e6fd7e elementor-widget elementor-widget-text-editor\" data-id=\"3e6fd7e\" data-element_type=\"widget\" data-widget_type=\"text-editor.default\">\n\t\t\t\t<div class=\"elementor-widget-container\">\n\t\t\t\t\t<div class=\"elementor-text-editor elementor-clearfix\"><ul><li style=\"list-style-type: none;\"><ul><li>Kat\u0131l\u0131m bedeli 400\u20ba + KDV<\/li><li>Kongre \u00e7antas\u0131, \u00d6\u011fle yemekleri, Gala Yeme\u011fi<\/li><li>Ara ikramlar<\/li><li>Kongre Kat\u0131l\u0131m Belgesi<\/li><\/ul><\/li><\/ul><\/div>\n\t\t\t\t<\/div>\n\t\t\t\t<\/div>\n\t\t\t\t\t\t<\/div>\n\t\t\t\t\t<\/div>\n\t\t<\/div>\n\t\t\t\t<div class=\"elementor-column elementor-col-33 elementor-top-column elementor-element elementor-element-aa49a0f\" data-id=\"aa49a0f\" data-element_type=\"column\">\n\t\t\t<div class=\"elementor-column-wrap elementor-element-populated\">\n\t\t\t\t\t\t\t<div class=\"elementor-widget-wrap\">\n\t\t\t\t\t\t<div class=\"elementor-element elementor-element-3c02ac7 elementor-widget elementor-widget-heading\" data-id=\"3c02ac7\" data-element_type=\"widget\" data-widget_type=\"heading.default\">\n\t\t\t\t<div class=\"elementor-widget-container\">\n\t\t\t<h2 class=\"elementor-heading-title elementor-size-default\">\u0130zleyici Kat\u0131l\u0131m<\/h2>\t\t<\/div>\n\t\t\t\t<\/div>\n\t\t\t\t<div class=\"elementor-element elementor-element-48fb020 elementor-widget elementor-widget-text-editor\" data-id=\"48fb020\" data-element_type=\"widget\" data-widget_type=\"text-editor.default\">\n\t\t\t\t<div class=\"elementor-widget-container\">\n\t\t\t\t\t<div class=\"elementor-text-editor elementor-clearfix\"><ul><li style=\"list-style-type: none;\"><ul><li>Kat\u0131l\u0131m \u00fccretsiz<\/li><li>Ara ikramlar<\/li><\/ul><\/li><\/ul><\/div>\n\t\t\t\t<\/div>\n\t\t\t\t<\/div>\n\t\t\t\t\t\t<\/div>\n\t\t\t\t\t<\/div>\n\t\t<\/div>\n\t\t\t\t<div class=\"elementor-column elementor-col-33 elementor-top-column elementor-element elementor-element-f9ef2c2\" data-id=\"f9ef2c2\" data-element_type=\"column\">\n\t\t\t<div class=\"elementor-column-wrap elementor-element-populated\">\n\t\t\t\t\t\t\t<div class=\"elementor-widget-wrap\">\n\t\t\t\t\t\t<div class=\"elementor-element elementor-element-9c87ad8 elementor-widget elementor-widget-heading\" data-id=\"9c87ad8\" data-element_type=\"widget\" data-widget_type=\"heading.default\">\n\t\t\t\t<div class=\"elementor-widget-container\">\n\t\t\t<h2 class=\"elementor-heading-title elementor-size-default\">\u00d6\u011frenci Kat\u0131l\u0131m<\/h2>\t\t<\/div>\n\t\t\t\t<\/div>\n\t\t\t\t<div class=\"elementor-element elementor-element-3d908b9 elementor-widget elementor-widget-text-editor\" data-id=\"3d908b9\" data-element_type=\"widget\" data-widget_type=\"text-editor.default\">\n\t\t\t\t<div class=\"elementor-widget-container\">\n\t\t\t\t\t<div class=\"elementor-text-editor elementor-clearfix\"><ul><li>Kat\u0131l\u0131m \u00fccretsiz<\/li><li>\u00d6\u011fle yeme\u011fi i\u00e7in kumanya<\/li><li>Ara ikramlar<\/li><li>\u00d6\u011frenci belgesi ile Kongre Kat\u0131l\u0131m Belgesi<\/li><\/ul><\/div>\n\t\t\t\t<\/div>\n\t\t\t\t<\/div>\n\t\t\t\t\t\t<\/div>\n\t\t\t\t\t<\/div>\n\t\t<\/div>\n\t\t\t\t\t\t\t\t<\/div>\n\t\t\t\t\t<\/div>\n\t\t<\/section>\n\t\t\t\t<section class=\"elementor-section elementor-top-section elementor-element elementor-element-c72b9fb elementor-section-boxed elementor-section-height-default elementor-section-height-default\" data-id=\"c72b9fb\" data-element_type=\"section\">\n\t\t\t\t\t\t<div class=\"elementor-container elementor-column-gap-default\">\n\t\t\t\t\t\t\t<div class=\"elementor-row\">\n\t\t\t\t\t<div class=\"elementor-column elementor-col-100 elementor-top-column elementor-element elementor-element-8644d35\" data-id=\"8644d35\" data-element_type=\"column\">\n\t\t\t<div class=\"elementor-column-wrap elementor-element-populated\">\n\t\t\t\t\t\t\t<div class=\"elementor-widget-wrap\">\n\t\t\t\t\t\t<div class=\"elementor-element elementor-element-6cb8cf6 elementor-widget elementor-widget-heading\" data-id=\"6cb8cf6\" data-element_type=\"widget\" data-widget_type=\"heading.default\">\n\t\t\t\t<div class=\"elementor-widget-container\">\n\t\t\t<h2 class=\"elementor-heading-title elementor-size-default\">KATILIM FORMU<\/h2>\t\t<\/div>\n\t\t\t\t<\/div>\n\t\t\t\t<div class=\"elementor-element elementor-element-c0cfc42 elementor-widget elementor-widget-shortcode\" data-id=\"c0cfc42\" data-element_type=\"widget\" data-widget_type=\"shortcode.default\">\n\t\t\t\t<div class=\"elementor-widget-container\">\n\t\t\t\t\t<div class=\"elementor-shortcode\"><div role=\"form\" class=\"wpcf7\" id=\"wpcf7-f2222-o1\" lang=\"tr-TR\" dir=\"ltr\">\n<div class=\"screen-reader-response\"><p role=\"status\" aria-live=\"polite\" aria-atomic=\"true\"><\/p> <ul><\/ul><\/div>\n<form action=\"\/eemkon2019\/wp-json\/wp\/v2\/pages\/2296#wpcf7-f2222-o1\" method=\"post\" class=\"wpcf7-form init\" novalidate=\"novalidate\" data-status=\"init\">\n<div style=\"display: none;\">\n<input type=\"hidden\" name=\"_wpcf7\" value=\"2222\" \/>\n<input type=\"hidden\" name=\"_wpcf7_version\" value=\"5.4.2\" \/>\n<input type=\"hidden\" name=\"_wpcf7_locale\" value=\"tr_TR\" \/>\n<input type=\"hidden\" name=\"_wpcf7_unit_tag\" value=\"wpcf7-f2222-o1\" \/>\n<input type=\"hidden\" name=\"_wpcf7_container_post\" value=\"0\" \/>\n<input type=\"hidden\" name=\"_wpcf7_posted_data_hash\" value=\"\" \/>\n<\/div>\n<p><label> Ad-Soyad (gerekli)<br \/>\n<span class=\"wpcf7-form-control-wrap your-name\"><input type=\"text\" name=\"your-name\" value=\"\" size=\"40\" class=\"wpcf7-form-control wpcf7-text wpcf7-validates-as-required\" aria-required=\"true\" aria-invalid=\"false\" \/><\/span><br \/>\n<\/label><\/p>\n<p><label> Telefon (gerekli)<br \/>\n<span class=\"wpcf7-form-control-wrap tel-227\"><input type=\"tel\" name=\"tel-227\" value=\"\" size=\"40\" class=\"wpcf7-form-control wpcf7-text wpcf7-tel wpcf7-validates-as-required wpcf7-validates-as-tel\" aria-required=\"true\" aria-invalid=\"false\" \/><\/span><br \/>\n<\/label><\/p>\n<p><label><br \/>\nE-posta (gerekli)<br \/>\n<span class=\"wpcf7-form-control-wrap your-email\"><input type=\"email\" name=\"your-email\" value=\"\" size=\"40\" class=\"wpcf7-form-control wpcf7-text wpcf7-email wpcf7-validates-as-required wpcf7-validates-as-email\" aria-required=\"true\" aria-invalid=\"false\" \/><\/span><br \/>\n<\/label><\/p>\n<p><label><br \/>\nKurum\/\u00dcniversite\/Firma<br \/>\n<span class=\"wpcf7-form-control-wrap text-735\"><input type=\"text\" name=\"text-735\" value=\"\" size=\"40\" class=\"wpcf7-form-control wpcf7-text\" aria-invalid=\"false\" \/><\/span><br \/>\n<\/label><\/p>\n<p><label> Kat\u0131l\u0131m T\u00fcr\u00fc<br \/>\n<span class=\"wpcf7-form-control-wrap menu-281\"><select name=\"menu-281\" class=\"wpcf7-form-control wpcf7-select\" aria-invalid=\"false\"><option value=\"\">---<\/option><option value=\"\u00d6\u011frenci\">\u00d6\u011frenci<\/option><option value=\"\u0130zleyici\">\u0130zleyici<\/option><option value=\"Delege\">Delege<\/option><\/select><\/span><br \/>\n<\/label><\/p>\n<p><label><br \/>\nKat\u0131l\u0131m G\u00fcn\u00fc<br \/>\n<span class=\"wpcf7-form-control-wrap checkbox-1\"><span class=\"wpcf7-form-control wpcf7-checkbox\"><span class=\"wpcf7-list-item first\"><input type=\"checkbox\" name=\"checkbox-1[]\" value=\"14 Kas\u0131m 2019\" \/><span class=\"wpcf7-list-item-label\">14 Kas\u0131m 2019<\/span><\/span><span class=\"wpcf7-list-item\"><input type=\"checkbox\" name=\"checkbox-1[]\" value=\"15 Kas\u0131m 2019\" \/><span class=\"wpcf7-list-item-label\">15 Kas\u0131m 2019<\/span><\/span><span class=\"wpcf7-list-item last\"><input type=\"checkbox\" name=\"checkbox-1[]\" value=\"16 Kas\u0131m 2019\" \/><span class=\"wpcf7-list-item-label\">16 Kas\u0131m 2019<\/span><\/span><\/span><\/span><br \/>\n<\/label><\/p>\n<p><label> Varsa Mesaj\u0131n\u0131z<br \/>\n<span class=\"wpcf7-form-control-wrap your-message\"><textarea name=\"your-message\" cols=\"40\" rows=\"10\" class=\"wpcf7-form-control wpcf7-textarea\" aria-invalid=\"false\"><\/textarea><\/span><br \/>\n<\/label><\/p>\n<p><input type=\"submit\" value=\"G\u00f6nder\" class=\"wpcf7-form-control wpcf7-submit\" \/><\/p>\n<div class=\"wpcf7-response-output\" aria-hidden=\"true\"><\/div><\/form><\/div><\/div>\n\t\t\t\t<\/div>\n\t\t\t\t<\/div>\n\t\t\t\t\t\t<\/div>\n\t\t\t\t\t<\/div>\n\t\t<\/div>\n\t\t\t\t\t\t\t\t<\/div>\n\t\t\t\t\t<\/div>\n\t\t<\/section>\n\t\t\t\t\t\t<\/div>\n\t\t\t\t\t\t<\/div>\n\t\t\t\t\t<\/div>\n\t\t","protected":false},"excerpt":{"rendered":"<p>Delege Kat\u0131l\u0131m Kat\u0131l\u0131m bedeli 400\u20ba + KDV Kongre \u00e7antas\u0131, \u00d6\u011fle yemekleri, Gala Yeme\u011fi Ara ikramlar Kongre Kat\u0131l\u0131m Belgesi \u0130zleyici Kat\u0131l\u0131m Kat\u0131l\u0131m \u00fccretsiz Ara ikramlar \u00d6\u011frenci Kat\u0131l\u0131m Kat\u0131l\u0131m \u00fccretsiz \u00d6\u011fle yeme\u011fi i\u00e7in kumanya Ara ikramlar \u00d6\u011frenci belgesi ile Kongre Kat\u0131l\u0131m Belgesi KATILIM FORMU<\/p>\n","protected":false},"author":4,"featured_media":0,"parent":0,"menu_order":12,"comment_status":"closed","ping_status":"closed","template":"template-index.php","meta":{"footnotes":""},"class_list":["post-2296","page","type-page","status-publish","hentry"],"_links":{"self":[{"href":"https:\/\/eemkon.org.tr\/eemkon2019\/wp-json\/wp\/v2\/pages\/2296","targetHints":{"allow":["GET"]}}],"collection":[{"href":"https:\/\/eemkon.org.tr\/eemkon2019\/wp-json\/wp\/v2\/pages"}],"about":[{"href":"https:\/\/eemkon.org.tr\/eemkon2019\/wp-json\/wp\/v2\/types\/page"}],"author":[{"embeddable":true,"href":"https:\/\/eemkon.org.tr\/eemkon2019\/wp-json\/wp\/v2\/users\/4"}],"replies":[{"embeddable":true,"href":"https:\/\/eemkon.org.tr\/eemkon2019\/wp-json\/wp\/v2\/comments?post=2296"}],"version-history":[{"count":32,"href":"https:\/\/eemkon.org.tr\/eemkon2019\/wp-json\/wp\/v2\/pages\/2296\/revisions"}],"predecessor-version":[{"id":4059,"href":"https:\/\/eemkon.org.tr\/eemkon2019\/wp-json\/wp\/v2\/pages\/2296\/revisions\/4059"}],"wp:attachment":[{"href":"https:\/\/eemkon.org.tr\/eemkon2019\/wp-json\/wp\/v2\/media?parent=2296"}],"curies":[{"name":"wp","href":"https:\/\/api.w.org\/{rel}","templated":true}]}}