{"id":2051,"date":"2019-05-23T16:39:08","date_gmt":"2019-05-23T13:39:08","guid":{"rendered":"http:\/\/eemkon.org.tr\/?page_id=2051"},"modified":"2021-01-04T20:46:44","modified_gmt":"2021-01-04T17:46:44","slug":"1uluslararasi-konusmacilar","status":"publish","type":"page","link":"https:\/\/eemkon.org.tr\/eemkon2019\/1uluslararasi-konusmacilar\/","title":{"rendered":"Uluslararas\u0131 Konu\u015fmac\u0131lar"},"content":{"rendered":"\t\t<div data-elementor-type=\"wp-page\" data-elementor-id=\"2051\" class=\"elementor elementor-2051\" data-elementor-settings=\"[]\">\n\t\t\t\t\t\t<div class=\"elementor-inner\">\n\t\t\t\t\t\t\t<div class=\"elementor-section-wrap\">\n\t\t\t\t\t\t\t<section class=\"elementor-section elementor-top-section elementor-element elementor-element-1941e7a elementor-section-boxed elementor-section-height-default elementor-section-height-default\" data-id=\"1941e7a\" data-element_type=\"section\">\n\t\t\t\t\t\t<div class=\"elementor-container elementor-column-gap-default\">\n\t\t\t\t\t\t\t<div class=\"elementor-row\">\n\t\t\t\t\t<div class=\"elementor-column elementor-col-33 elementor-top-column elementor-element elementor-element-4a6a6ee\" data-id=\"4a6a6ee\" data-element_type=\"column\">\n\t\t\t<div class=\"elementor-column-wrap elementor-element-populated\">\n\t\t\t\t\t\t\t<div class=\"elementor-widget-wrap\">\n\t\t\t\t\t\t<div class=\"elementor-element elementor-element-8ab51e9 elementor-widget elementor-widget-image\" data-id=\"8ab51e9\" data-element_type=\"widget\" data-widget_type=\"image.default\">\n\t\t\t\t<div class=\"elementor-widget-container\">\n\t\t\t\t\t<div class=\"elementor-image\">\n\t\t\t\t\t\t\t\t\t\t<img loading=\"lazy\" decoding=\"async\" width=\"500\" height=\"360\" src=\"https:\/\/eemkon.org.tr\/eemkon2019\/wp-content\/uploads\/2019\/05\/noboru-hidano.jpg\" class=\"attachment-large size-large\" alt=\"\" srcset=\"https:\/\/eemkon.org.tr\/eemkon2019\/wp-content\/uploads\/2019\/05\/noboru-hidano.jpg 500w, https:\/\/eemkon.org.tr\/eemkon2019\/wp-content\/uploads\/2019\/05\/noboru-hidano-300x216.jpg 300w, https:\/\/eemkon.org.tr\/eemkon2019\/wp-content\/uploads\/2019\/05\/noboru-hidano-120x86.jpg 120w\" sizes=\"auto, (max-width: 500px) 100vw, 500px\" \/>\t\t\t\t\t\t\t\t\t\t\t<\/div>\n\t\t\t\t<\/div>\n\t\t\t\t<\/div>\n\t\t\t\t<div class=\"elementor-element elementor-element-3dd30ce elementor-widget elementor-widget-heading\" data-id=\"3dd30ce\" data-element_type=\"widget\" data-widget_type=\"heading.default\">\n\t\t\t\t<div class=\"elementor-widget-container\">\n\t\t\t<h3 class=\"elementor-heading-title elementor-size-default\">Noboru HIDANO (Japonya)<\/h3>\t\t<\/div>\n\t\t\t\t<\/div>\n\t\t\t\t<div class=\"elementor-element elementor-element-d321000 elementor-widget elementor-widget-heading\" data-id=\"d321000\" data-element_type=\"widget\" data-widget_type=\"heading.default\">\n\t\t\t\t<div class=\"elementor-widget-container\">\n\t\t\t<h5 class=\"elementor-heading-title elementor-size-default\">Kongre A\u00e7\u0131l\u0131\u015f Konu\u015fmas\u0131<\/h5>\t\t<\/div>\n\t\t\t\t<\/div>\n\t\t\t\t\t\t<\/div>\n\t\t\t\t\t<\/div>\n\t\t<\/div>\n\t\t\t\t<div class=\"elementor-column elementor-col-33 elementor-top-column elementor-element elementor-element-85f0eee\" data-id=\"85f0eee\" data-element_type=\"column\">\n\t\t\t<div class=\"elementor-column-wrap elementor-element-populated\">\n\t\t\t\t\t\t\t<div class=\"elementor-widget-wrap\">\n\t\t\t\t\t\t<div class=\"elementor-element elementor-element-ff74603 elementor-widget elementor-widget-image\" data-id=\"ff74603\" data-element_type=\"widget\" data-widget_type=\"image.default\">\n\t\t\t\t<div class=\"elementor-widget-container\">\n\t\t\t\t\t<div class=\"elementor-image\">\n\t\t\t\t\t\t\t\t\t\t<img loading=\"lazy\" decoding=\"async\" width=\"500\" height=\"360\" src=\"https:\/\/eemkon.org.tr\/eemkon2019\/wp-content\/uploads\/2019\/08\/giovanni-mion.jpg\" class=\"attachment-large size-large\" alt=\"\" srcset=\"https:\/\/eemkon.org.tr\/eemkon2019\/wp-content\/uploads\/2019\/08\/giovanni-mion.jpg 500w, https:\/\/eemkon.org.tr\/eemkon2019\/wp-content\/uploads\/2019\/08\/giovanni-mion-300x216.jpg 300w, https:\/\/eemkon.org.tr\/eemkon2019\/wp-content\/uploads\/2019\/08\/giovanni-mion-120x86.jpg 120w\" sizes=\"auto, (max-width: 500px) 100vw, 500px\" \/>\t\t\t\t\t\t\t\t\t\t\t<\/div>\n\t\t\t\t<\/div>\n\t\t\t\t<\/div>\n\t\t\t\t<div class=\"elementor-element elementor-element-76364a1 elementor-widget elementor-widget-heading\" data-id=\"76364a1\" data-element_type=\"widget\" data-widget_type=\"heading.default\">\n\t\t\t\t<div class=\"elementor-widget-container\">\n\t\t\t<h3 class=\"elementor-heading-title elementor-size-default\">Giovanni MION (\u0130talya)<\/h3>\t\t<\/div>\n\t\t\t\t<\/div>\n\t\t\t\t<div class=\"elementor-element elementor-element-3829596 elementor-widget elementor-widget-heading\" data-id=\"3829596\" data-element_type=\"widget\" data-widget_type=\"heading.default\">\n\t\t\t\t<div class=\"elementor-widget-container\">\n\t\t\t<h5 class=\"elementor-heading-title elementor-size-default\">Elektronik ve Yeni Teknolojiler Sempozyumu<\/h5>\t\t<\/div>\n\t\t\t\t<\/div>\n\t\t\t\t\t\t<\/div>\n\t\t\t\t\t<\/div>\n\t\t<\/div>\n\t\t\t\t<div class=\"elementor-column elementor-col-33 elementor-top-column elementor-element elementor-element-087add6\" data-id=\"087add6\" data-element_type=\"column\">\n\t\t\t<div class=\"elementor-column-wrap elementor-element-populated\">\n\t\t\t\t\t\t\t<div class=\"elementor-widget-wrap\">\n\t\t\t\t\t\t<div class=\"elementor-element elementor-element-3c48416 elementor-widget elementor-widget-image\" data-id=\"3c48416\" data-element_type=\"widget\" data-widget_type=\"image.default\">\n\t\t\t\t<div class=\"elementor-widget-container\">\n\t\t\t\t\t<div class=\"elementor-image\">\n\t\t\t\t\t\t\t\t\t\t<img loading=\"lazy\" decoding=\"async\" width=\"500\" height=\"360\" src=\"https:\/\/eemkon.org.tr\/eemkon2019\/wp-content\/uploads\/2019\/05\/franco-maloberti1.jpg\" class=\"attachment-large size-large\" alt=\"\" srcset=\"https:\/\/eemkon.org.tr\/eemkon2019\/wp-content\/uploads\/2019\/05\/franco-maloberti1.jpg 500w, https:\/\/eemkon.org.tr\/eemkon2019\/wp-content\/uploads\/2019\/05\/franco-maloberti1-300x216.jpg 300w, https:\/\/eemkon.org.tr\/eemkon2019\/wp-content\/uploads\/2019\/05\/franco-maloberti1-120x86.jpg 120w\" sizes=\"auto, (max-width: 500px) 100vw, 500px\" \/>\t\t\t\t\t\t\t\t\t\t\t<\/div>\n\t\t\t\t<\/div>\n\t\t\t\t<\/div>\n\t\t\t\t<div class=\"elementor-element elementor-element-f9aac99 elementor-widget elementor-widget-heading\" data-id=\"f9aac99\" data-element_type=\"widget\" data-widget_type=\"heading.default\">\n\t\t\t\t<div class=\"elementor-widget-container\">\n\t\t\t<h3 class=\"elementor-heading-title elementor-size-default\">Franco MALOBERTI (\u0130talya)<\/h3>\t\t<\/div>\n\t\t\t\t<\/div>\n\t\t\t\t<div class=\"elementor-element elementor-element-dc22e43 elementor-widget elementor-widget-heading\" data-id=\"dc22e43\" data-element_type=\"widget\" data-widget_type=\"heading.default\">\n\t\t\t\t<div class=\"elementor-widget-container\">\n\t\t\t<h5 class=\"elementor-heading-title elementor-size-default\">M\u00fchendislik E\u011fitimi Sempozyumu<\/h5>\t\t<\/div>\n\t\t\t\t<\/div>\n\t\t\t\t\t\t<\/div>\n\t\t\t\t\t<\/div>\n\t\t<\/div>\n\t\t\t\t\t\t\t\t<\/div>\n\t\t\t\t\t<\/div>\n\t\t<\/section>\n\t\t\t\t<section class=\"elementor-section elementor-top-section elementor-element elementor-element-c6a7b38 elementor-section-boxed elementor-section-height-default elementor-section-height-default\" data-id=\"c6a7b38\" data-element_type=\"section\">\n\t\t\t\t\t\t<div class=\"elementor-container elementor-column-gap-default\">\n\t\t\t\t\t\t\t<div class=\"elementor-row\">\n\t\t\t\t\t<div class=\"elementor-column elementor-col-33 elementor-top-column elementor-element elementor-element-3e0adb5\" data-id=\"3e0adb5\" data-element_type=\"column\">\n\t\t\t<div class=\"elementor-column-wrap elementor-element-populated\">\n\t\t\t\t\t\t\t<div class=\"elementor-widget-wrap\">\n\t\t\t\t\t\t<div class=\"elementor-element elementor-element-e819902 elementor-widget elementor-widget-image\" data-id=\"e819902\" data-element_type=\"widget\" data-widget_type=\"image.default\">\n\t\t\t\t<div class=\"elementor-widget-container\">\n\t\t\t\t\t<div class=\"elementor-image\">\n\t\t\t\t\t\t\t\t\t\t<img loading=\"lazy\" decoding=\"async\" width=\"500\" height=\"360\" src=\"https:\/\/eemkon.org.tr\/eemkon2019\/wp-content\/uploads\/2019\/05\/nuri-firat-ince.jpg\" class=\"attachment-large size-large\" alt=\"\" srcset=\"https:\/\/eemkon.org.tr\/eemkon2019\/wp-content\/uploads\/2019\/05\/nuri-firat-ince.jpg 500w, https:\/\/eemkon.org.tr\/eemkon2019\/wp-content\/uploads\/2019\/05\/nuri-firat-ince-300x216.jpg 300w, https:\/\/eemkon.org.tr\/eemkon2019\/wp-content\/uploads\/2019\/05\/nuri-firat-ince-120x86.jpg 120w\" sizes=\"auto, (max-width: 500px) 100vw, 500px\" \/>\t\t\t\t\t\t\t\t\t\t\t<\/div>\n\t\t\t\t<\/div>\n\t\t\t\t<\/div>\n\t\t\t\t<div class=\"elementor-element elementor-element-3d9381d elementor-widget elementor-widget-heading\" data-id=\"3d9381d\" data-element_type=\"widget\" data-widget_type=\"heading.default\">\n\t\t\t\t<div class=\"elementor-widget-container\">\n\t\t\t<h3 class=\"elementor-heading-title elementor-size-default\">Nuri F\u0131rat \u0130NCE (ABD)<\/h3>\t\t<\/div>\n\t\t\t\t<\/div>\n\t\t\t\t<div class=\"elementor-element elementor-element-4f15213 elementor-widget elementor-widget-heading\" data-id=\"4f15213\" data-element_type=\"widget\" data-widget_type=\"heading.default\">\n\t\t\t\t<div class=\"elementor-widget-container\">\n\t\t\t<h5 class=\"elementor-heading-title elementor-size-default\">Biyomedikal M\u00fchendisli\u011fi Sempozyumu<\/h5>\t\t<\/div>\n\t\t\t\t<\/div>\n\t\t\t\t\t\t<\/div>\n\t\t\t\t\t<\/div>\n\t\t<\/div>\n\t\t\t\t<div class=\"elementor-column elementor-col-33 elementor-top-column elementor-element elementor-element-22abeaa\" data-id=\"22abeaa\" data-element_type=\"column\">\n\t\t\t<div class=\"elementor-column-wrap elementor-element-populated\">\n\t\t\t\t\t\t\t<div class=\"elementor-widget-wrap\">\n\t\t\t\t\t\t<div class=\"elementor-element elementor-element-bd13f9a elementor-widget elementor-widget-image\" data-id=\"bd13f9a\" data-element_type=\"widget\" data-widget_type=\"image.default\">\n\t\t\t\t<div class=\"elementor-widget-container\">\n\t\t\t\t\t<div class=\"elementor-image\">\n\t\t\t\t\t\t\t\t\t\t<img loading=\"lazy\" decoding=\"async\" width=\"500\" height=\"360\" src=\"https:\/\/eemkon.org.tr\/eemkon2019\/wp-content\/uploads\/2019\/05\/roger-narboni.jpg\" class=\"attachment-large size-large\" alt=\"\" srcset=\"https:\/\/eemkon.org.tr\/eemkon2019\/wp-content\/uploads\/2019\/05\/roger-narboni.jpg 500w, https:\/\/eemkon.org.tr\/eemkon2019\/wp-content\/uploads\/2019\/05\/roger-narboni-300x216.jpg 300w, https:\/\/eemkon.org.tr\/eemkon2019\/wp-content\/uploads\/2019\/05\/roger-narboni-120x86.jpg 120w\" sizes=\"auto, (max-width: 500px) 100vw, 500px\" \/>\t\t\t\t\t\t\t\t\t\t\t<\/div>\n\t\t\t\t<\/div>\n\t\t\t\t<\/div>\n\t\t\t\t<div class=\"elementor-element elementor-element-c956a8a elementor-widget elementor-widget-heading\" data-id=\"c956a8a\" data-element_type=\"widget\" data-widget_type=\"heading.default\">\n\t\t\t\t<div class=\"elementor-widget-container\">\n\t\t\t<h3 class=\"elementor-heading-title elementor-size-default\">Roger NARBONI (Fransa)<\/h3>\t\t<\/div>\n\t\t\t\t<\/div>\n\t\t\t\t<div class=\"elementor-element elementor-element-a27d09a elementor-widget elementor-widget-heading\" data-id=\"a27d09a\" data-element_type=\"widget\" data-widget_type=\"heading.default\">\n\t\t\t\t<div class=\"elementor-widget-container\">\n\t\t\t<h5 class=\"elementor-heading-title elementor-size-default\">Kent ve Elektrik Sempozyumu<\/h5>\t\t<\/div>\n\t\t\t\t<\/div>\n\t\t\t\t\t\t<\/div>\n\t\t\t\t\t<\/div>\n\t\t<\/div>\n\t\t\t\t<div class=\"elementor-column elementor-col-33 elementor-top-column elementor-element elementor-element-4746cc5\" data-id=\"4746cc5\" data-element_type=\"column\">\n\t\t\t<div class=\"elementor-column-wrap elementor-element-populated\">\n\t\t\t\t\t\t\t<div class=\"elementor-widget-wrap\">\n\t\t\t\t\t\t<div class=\"elementor-element elementor-element-a2f38a8 elementor-widget elementor-widget-image\" data-id=\"a2f38a8\" data-element_type=\"widget\" data-widget_type=\"image.default\">\n\t\t\t\t<div class=\"elementor-widget-container\">\n\t\t\t\t\t<div class=\"elementor-image\">\n\t\t\t\t\t\t\t\t\t\t<img loading=\"lazy\" decoding=\"async\" width=\"500\" height=\"360\" src=\"https:\/\/eemkon.org.tr\/eemkon2019\/wp-content\/uploads\/2019\/05\/umit-ozguner.jpg\" class=\"attachment-large size-large\" alt=\"\" srcset=\"https:\/\/eemkon.org.tr\/eemkon2019\/wp-content\/uploads\/2019\/05\/umit-ozguner.jpg 500w, https:\/\/eemkon.org.tr\/eemkon2019\/wp-content\/uploads\/2019\/05\/umit-ozguner-300x216.jpg 300w, https:\/\/eemkon.org.tr\/eemkon2019\/wp-content\/uploads\/2019\/05\/umit-ozguner-120x86.jpg 120w\" sizes=\"auto, (max-width: 500px) 100vw, 500px\" \/>\t\t\t\t\t\t\t\t\t\t\t<\/div>\n\t\t\t\t<\/div>\n\t\t\t\t<\/div>\n\t\t\t\t<div class=\"elementor-element elementor-element-7bf4293 elementor-widget elementor-widget-heading\" data-id=\"7bf4293\" data-element_type=\"widget\" data-widget_type=\"heading.default\">\n\t\t\t\t<div class=\"elementor-widget-container\">\n\t\t\t<h3 class=\"elementor-heading-title elementor-size-default\">\u00dcmit \u00d6ZG\u00dcNER (ABD)<\/h3>\t\t<\/div>\n\t\t\t\t<\/div>\n\t\t\t\t<div class=\"elementor-element elementor-element-6bbf216 elementor-widget elementor-widget-heading\" data-id=\"6bbf216\" data-element_type=\"widget\" data-widget_type=\"heading.default\">\n\t\t\t\t<div class=\"elementor-widget-container\">\n\t\t\t<h5 class=\"elementor-heading-title elementor-size-default\">Elektrik ve Kontrol M\u00fchendisli\u011fi Sempozyumu<\/h5>\t\t<\/div>\n\t\t\t\t<\/div>\n\t\t\t\t\t\t<\/div>\n\t\t\t\t\t<\/div>\n\t\t<\/div>\n\t\t\t\t\t\t\t\t<\/div>\n\t\t\t\t\t<\/div>\n\t\t<\/section>\n\t\t\t\t<section class=\"elementor-section elementor-top-section elementor-element elementor-element-cf11c19 elementor-section-boxed elementor-section-height-default elementor-section-height-default\" data-id=\"cf11c19\" data-element_type=\"section\">\n\t\t\t\t\t\t<div class=\"elementor-container elementor-column-gap-default\">\n\t\t\t\t\t\t\t<div class=\"elementor-row\">\n\t\t\t\t\t<div class=\"elementor-column elementor-col-33 elementor-top-column elementor-element elementor-element-895f718\" data-id=\"895f718\" data-element_type=\"column\">\n\t\t\t<div class=\"elementor-column-wrap elementor-element-populated\">\n\t\t\t\t\t\t\t<div class=\"elementor-widget-wrap\">\n\t\t\t\t\t\t<div class=\"elementor-element elementor-element-124c8ea elementor-widget elementor-widget-image\" data-id=\"124c8ea\" data-element_type=\"widget\" data-widget_type=\"image.default\">\n\t\t\t\t<div class=\"elementor-widget-container\">\n\t\t\t\t\t<div class=\"elementor-image\">\n\t\t\t\t\t\t\t\t\t\t<img loading=\"lazy\" decoding=\"async\" width=\"500\" height=\"360\" src=\"https:\/\/eemkon.org.tr\/eemkon2019\/wp-content\/uploads\/2019\/08\/witmann.jpg\" class=\"attachment-large size-large\" alt=\"\" srcset=\"https:\/\/eemkon.org.tr\/eemkon2019\/wp-content\/uploads\/2019\/08\/witmann.jpg 500w, https:\/\/eemkon.org.tr\/eemkon2019\/wp-content\/uploads\/2019\/08\/witmann-300x216.jpg 300w, https:\/\/eemkon.org.tr\/eemkon2019\/wp-content\/uploads\/2019\/08\/witmann-120x86.jpg 120w\" sizes=\"auto, (max-width: 500px) 100vw, 500px\" \/>\t\t\t\t\t\t\t\t\t\t\t<\/div>\n\t\t\t\t<\/div>\n\t\t\t\t<\/div>\n\t\t\t\t<div class=\"elementor-element elementor-element-e1b9bcf elementor-widget elementor-widget-heading\" data-id=\"e1b9bcf\" data-element_type=\"widget\" data-widget_type=\"heading.default\">\n\t\t\t\t<div class=\"elementor-widget-container\">\n\t\t\t<h3 class=\"elementor-heading-title elementor-size-default\">Ingolf WITTMANN (Almanya)<\/h3>\t\t<\/div>\n\t\t\t\t<\/div>\n\t\t\t\t<div class=\"elementor-element elementor-element-f294c80 elementor-widget elementor-widget-heading\" data-id=\"f294c80\" data-element_type=\"widget\" data-widget_type=\"heading.default\">\n\t\t\t\t<div class=\"elementor-widget-container\">\n\t\t\t<h5 class=\"elementor-heading-title elementor-size-default\">Elektronik ve Yeni Teknolojiler Sempozyumu<\/h5>\t\t<\/div>\n\t\t\t\t<\/div>\n\t\t\t\t\t\t<\/div>\n\t\t\t\t\t<\/div>\n\t\t<\/div>\n\t\t\t\t<div class=\"elementor-column elementor-col-33 elementor-top-column elementor-element elementor-element-69923ef\" data-id=\"69923ef\" data-element_type=\"column\">\n\t\t\t<div class=\"elementor-column-wrap elementor-element-populated\">\n\t\t\t\t\t\t\t<div class=\"elementor-widget-wrap\">\n\t\t\t\t\t\t<div class=\"elementor-element elementor-element-0951672 elementor-widget elementor-widget-image\" data-id=\"0951672\" data-element_type=\"widget\" data-widget_type=\"image.default\">\n\t\t\t\t<div class=\"elementor-widget-container\">\n\t\t\t\t\t<div class=\"elementor-image\">\n\t\t\t\t\t\t\t\t\t\t<img loading=\"lazy\" decoding=\"async\" width=\"500\" height=\"360\" src=\"https:\/\/eemkon.org.tr\/eemkon2019\/wp-content\/uploads\/2019\/09\/tobias.jpg\" class=\"attachment-large size-large\" alt=\"\" srcset=\"https:\/\/eemkon.org.tr\/eemkon2019\/wp-content\/uploads\/2019\/09\/tobias.jpg 500w, https:\/\/eemkon.org.tr\/eemkon2019\/wp-content\/uploads\/2019\/09\/tobias-300x216.jpg 300w, https:\/\/eemkon.org.tr\/eemkon2019\/wp-content\/uploads\/2019\/09\/tobias-120x86.jpg 120w\" sizes=\"auto, (max-width: 500px) 100vw, 500px\" \/>\t\t\t\t\t\t\t\t\t\t\t<\/div>\n\t\t\t\t<\/div>\n\t\t\t\t<\/div>\n\t\t\t\t<div class=\"elementor-element elementor-element-7cca363 elementor-widget elementor-widget-heading\" data-id=\"7cca363\" data-element_type=\"widget\" data-widget_type=\"heading.default\">\n\t\t\t\t<div class=\"elementor-widget-container\">\n\t\t\t<h3 class=\"elementor-heading-title elementor-size-default\">Tobias HARLAND (Almanya)<\/h3>\t\t<\/div>\n\t\t\t\t<\/div>\n\t\t\t\t<div class=\"elementor-element elementor-element-d64edd4 elementor-widget elementor-widget-heading\" data-id=\"d64edd4\" data-element_type=\"widget\" data-widget_type=\"heading.default\">\n\t\t\t\t<div class=\"elementor-widget-container\">\n\t\t\t<h5 class=\"elementor-heading-title elementor-size-default\">Elektrik ve Kontrol M\u00fchendisli\u011fi Sempozyumu<\/h5>\t\t<\/div>\n\t\t\t\t<\/div>\n\t\t\t\t\t\t<\/div>\n\t\t\t\t\t<\/div>\n\t\t<\/div>\n\t\t\t\t<div class=\"elementor-column elementor-col-33 elementor-top-column elementor-element elementor-element-f5b18eb\" data-id=\"f5b18eb\" data-element_type=\"column\">\n\t\t\t<div class=\"elementor-column-wrap elementor-element-populated\">\n\t\t\t\t\t\t\t<div class=\"elementor-widget-wrap\">\n\t\t\t\t\t\t<div class=\"elementor-element elementor-element-abd6bb1 elementor-widget elementor-widget-image\" data-id=\"abd6bb1\" data-element_type=\"widget\" data-widget_type=\"image.default\">\n\t\t\t\t<div class=\"elementor-widget-container\">\n\t\t\t\t\t<div class=\"elementor-image\">\n\t\t\t\t\t\t\t\t\t\t<img loading=\"lazy\" decoding=\"async\" width=\"500\" height=\"360\" src=\"https:\/\/eemkon.org.tr\/eemkon2019\/wp-content\/uploads\/2021\/01\/mehmet-ogutcu.jpg\" class=\"attachment-large size-large\" alt=\"\" srcset=\"https:\/\/eemkon.org.tr\/eemkon2019\/wp-content\/uploads\/2021\/01\/mehmet-ogutcu.jpg 500w, https:\/\/eemkon.org.tr\/eemkon2019\/wp-content\/uploads\/2021\/01\/mehmet-ogutcu-300x216.jpg 300w, https:\/\/eemkon.org.tr\/eemkon2019\/wp-content\/uploads\/2021\/01\/mehmet-ogutcu-120x86.jpg 120w\" sizes=\"auto, (max-width: 500px) 100vw, 500px\" \/>\t\t\t\t\t\t\t\t\t\t\t<\/div>\n\t\t\t\t<\/div>\n\t\t\t\t<\/div>\n\t\t\t\t<div class=\"elementor-element elementor-element-924e299 elementor-widget elementor-widget-heading\" data-id=\"924e299\" data-element_type=\"widget\" data-widget_type=\"heading.default\">\n\t\t\t\t<div class=\"elementor-widget-container\">\n\t\t\t<h3 class=\"elementor-heading-title elementor-size-default\">Mehmet \u00d6\u011e\u00dcT\u00c7\u00dc (\u0130ngiltere)<\/h3>\t\t<\/div>\n\t\t\t\t<\/div>\n\t\t\t\t<div class=\"elementor-element elementor-element-88f4996 elementor-widget elementor-widget-heading\" data-id=\"88f4996\" data-element_type=\"widget\" data-widget_type=\"heading.default\">\n\t\t\t\t<div class=\"elementor-widget-container\">\n\t\t\t<h5 class=\"elementor-heading-title elementor-size-default\">Enerji Politikalar\u0131 Sempozyumu<\/h5>\t\t<\/div>\n\t\t\t\t<\/div>\n\t\t\t\t\t\t<\/div>\n\t\t\t\t\t<\/div>\n\t\t<\/div>\n\t\t\t\t\t\t\t\t<\/div>\n\t\t\t\t\t<\/div>\n\t\t<\/section>\n\t\t\t\t\t\t<\/div>\n\t\t\t\t\t\t<\/div>\n\t\t\t\t\t<\/div>\n\t\t","protected":false},"excerpt":{"rendered":"<p>Noboru HIDANO (Japonya) Kongre A\u00e7\u0131l\u0131\u015f Konu\u015fmas\u0131 Giovanni MION (\u0130talya) Elektronik ve Yeni Teknolojiler Sempozyumu Franco MALOBERTI (\u0130talya) M\u00fchendislik E\u011fitimi Sempozyumu Nuri F\u0131rat \u0130NCE (ABD) Biyomedikal M\u00fchendisli\u011fi Sempozyumu Roger NARBONI (Fransa) Kent ve Elektrik Sempozyumu \u00dcmit \u00d6ZG\u00dcNER (ABD) Elektrik ve Kontrol M\u00fchendisli\u011fi Sempozyumu Ingolf WITTMANN (Almanya) Elektronik ve Yeni Teknolojiler Sempozyumu Tobias HARLAND (Almanya) Elektrik ve [&hellip;]<\/p>\n","protected":false},"author":4,"featured_media":0,"parent":0,"menu_order":13,"comment_status":"closed","ping_status":"closed","template":"template-index.php","meta":{"footnotes":""},"class_list":["post-2051","page","type-page","status-publish","hentry"],"_links":{"self":[{"href":"https:\/\/eemkon.org.tr\/eemkon2019\/wp-json\/wp\/v2\/pages\/2051","targetHints":{"allow":["GET"]}}],"collection":[{"href":"https:\/\/eemkon.org.tr\/eemkon2019\/wp-json\/wp\/v2\/pages"}],"about":[{"href":"https:\/\/eemkon.org.tr\/eemkon2019\/wp-json\/wp\/v2\/types\/page"}],"author":[{"embeddable":true,"href":"https:\/\/eemkon.org.tr\/eemkon2019\/wp-json\/wp\/v2\/users\/4"}],"replies":[{"embeddable":true,"href":"https:\/\/eemkon.org.tr\/eemkon2019\/wp-json\/wp\/v2\/comments?post=2051"}],"version-history":[{"count":26,"href":"https:\/\/eemkon.org.tr\/eemkon2019\/wp-json\/wp\/v2\/pages\/2051\/revisions"}],"predecessor-version":[{"id":4484,"href":"https:\/\/eemkon.org.tr\/eemkon2019\/wp-json\/wp\/v2\/pages\/2051\/revisions\/4484"}],"wp:attachment":[{"href":"https:\/\/eemkon.org.tr\/eemkon2019\/wp-json\/wp\/v2\/media?parent=2051"}],"curies":[{"name":"wp","href":"https:\/\/api.w.org\/{rel}","templated":true}]}}