{"id":1633,"date":"2019-01-15T11:47:29","date_gmt":"2019-01-15T08:47:29","guid":{"rendered":"http:\/\/eemkon.org.tr\/?page_id=1633"},"modified":"2021-01-25T11:05:17","modified_gmt":"2021-01-25T08:05:17","slug":"1yurutme-kurulu","status":"publish","type":"page","link":"https:\/\/eemkon.org.tr\/eemkon2019\/1yurutme-kurulu\/","title":{"rendered":"Y\u00fcr\u00fctme Kurulu"},"content":{"rendered":"\t\t<div data-elementor-type=\"wp-page\" data-elementor-id=\"1633\" class=\"elementor elementor-1633\" data-elementor-settings=\"[]\">\n\t\t\t\t\t\t<div class=\"elementor-inner\">\n\t\t\t\t\t\t\t<div class=\"elementor-section-wrap\">\n\t\t\t\t\t\t\t<section class=\"elementor-section elementor-top-section elementor-element elementor-element-d1a4528 elementor-section-boxed elementor-section-height-default elementor-section-height-default\" data-id=\"d1a4528\" data-element_type=\"section\">\n\t\t\t\t\t\t<div class=\"elementor-container elementor-column-gap-default\">\n\t\t\t\t\t\t\t<div class=\"elementor-row\">\n\t\t\t\t\t<div class=\"elementor-column elementor-col-66 elementor-top-column elementor-element elementor-element-b8b7512\" data-id=\"b8b7512\" data-element_type=\"column\">\n\t\t\t<div class=\"elementor-column-wrap elementor-element-populated\">\n\t\t\t\t\t\t\t<div class=\"elementor-widget-wrap\">\n\t\t\t\t\t\t<div class=\"elementor-element elementor-element-f608178 elementor-widget elementor-widget-heading\" data-id=\"f608178\" data-element_type=\"widget\" data-widget_type=\"heading.default\">\n\t\t\t\t<div class=\"elementor-widget-container\">\n\t\t\t<h2 class=\"elementor-heading-title elementor-size-default\">EEMKON 2019 Y\u00dcR\u00dcTME KURULU<\/h2>\t\t<\/div>\n\t\t\t\t<\/div>\n\t\t\t\t<div class=\"elementor-element elementor-element-462e84d elementor-widget elementor-widget-text-editor\" data-id=\"462e84d\" data-element_type=\"widget\" data-widget_type=\"text-editor.default\">\n\t\t\t\t<div class=\"elementor-widget-container\">\n\t\t\t\t\t<div class=\"elementor-text-editor elementor-clearfix\"><table width=\"100%\"><tbody><tr><td width=\"45%\">Abdullah T. Tola<\/td><td width=\"45%\">PAMUKKALE \u00dcN\u0130VERS\u0130TES\u0130<\/td><\/tr><tr><td>Adnan Kaypmaz<\/td><td>BEYKENT \u00dcN\u0130VERS\u0130TES\u0130<\/td><\/tr><tr><td>Ahmet Turan Aydemir<\/td><td>EMO<\/td><\/tr><tr><td>Ali I\u015f\u0131n<\/td><td>KTMMOB EMO<\/td><\/tr><tr><td>Ali Se\u00e7er<\/td><td>EMO<\/td><\/tr><tr><td>Ali Serdar Eri\u015f<\/td><td>EMO<\/td><\/tr><tr><td>Alk\u0131m Berk Narin<\/td><td>ENERMUHDER<\/td><\/tr><tr><td>Ata Ak\u0131n<\/td><td>ACIBADEM \u00dcN\u0130VERS\u0130TES\u0130<\/td><\/tr><tr><td>Atila Bir<\/td><td>\u0130STANBUL TEKN\u0130K \u00dcN\u0130VERS\u0130TES\u0130<\/td><\/tr><tr><td>Barbaros \u015eekerk\u0131ran<\/td><td>M\u0130KROELEKTRON\u0130K LTD.<\/td><\/tr><tr><td>Bat\u0131n Bilten<\/td><td>ENERMUHDER<\/td><\/tr><tr><td>Belgin Emre T\u00fcrkay<\/td><td>\u0130STANBUL TEKN\u0130K \u00dcN\u0130VERS\u0130TES\u0130<\/td><\/tr><tr><td>Berk \u015eeker<\/td><td>ENERMUHDER<\/td><\/tr><tr><td>Berkcan G\u00fccer<\/td><td>EMO<\/td><\/tr><tr><td>Beyza Metin<\/td><td>EMO<\/td><\/tr><tr><td>Bilgin Akbal<\/td><td>EMO<\/td><\/tr><tr><td>Bu\u011fra Gazio\u011flu<\/td><td>KTMMOB EMO<\/td><\/tr><tr><td>Cemil Kocatepe<\/td><td>EMO<\/td><\/tr><tr><td>Cemil \u00dcnal<\/td><td>EMO<\/td><\/tr><tr><td>Da\u011f\u0131stan Bekiro\u011flu<\/td><td>EMO<\/td><\/tr><tr><td>Davut Solyal\u0131<\/td><td>KTMMOB EMO<\/td><\/tr><tr><td>Deniz Demirkaplan<\/td><td>TAS\u0130AD<\/td><\/tr><tr><td>Duran Leblebici<\/td><td>\u0130STANBUL TEKN\u0130K \u00dcN\u0130VERS\u0130TES\u0130<\/td><\/tr><tr><td>Ekrem \u00c7e\u015ftepe<\/td><td>EMO<\/td><\/tr><tr><td>Elif \u00c7i\u00e7ek<\/td><td>YILDIZ TEKN\u0130K \u00dcN\u0130VERS\u0130TES\u0130<\/td><\/tr><tr><td>Enes Y\u0131lmazer<\/td><td>EMO<\/td><\/tr><tr><td>Engin Ay\u00e7i\u00e7ek<\/td><td>YILDIZ TEKN\u0130K \u00dcN\u0130VERS\u0130TES\u0130<\/td><\/tr><tr><td>Erdal Panay\u0131rc\u0131<\/td><td>KAD\u0130R HAS \u00dcN\u0130VERS\u0130TES\u0130<\/td><\/tr><tr><td>Erdener Ild\u0131z<\/td><td>EMO<\/td><\/tr><tr><td>Erhan Kara\u00e7ay<\/td><td>EMO<\/td><\/tr><tr><td>Erol Celepsoy<\/td><td>EMO<\/td><\/tr><tr><td>F. Kemal \u00d6zo\u011fuz<\/td><td>EMO<\/td><\/tr><tr><td>Fazilet Vardar Sukan<\/td><td>SABANCI \u00dcN\u0130VERS\u0130TES\u0130<\/td><\/tr><tr><td>Ferruh \u0130skendero\u011flu<\/td><td>EMO<\/td><\/tr><tr><td>Fevzi Y\u0131ld\u0131r\u0131m<\/td><td>GTS ASNAS\u00d6R<\/td><\/tr><tr><td>Figen \u00d6zen<\/td><td>HAL\u0130\u00c7 \u00dcN\u0130VERS\u0130TES\u0130<\/td><\/tr><tr><td>Fikret K\u00fc\u00e7\u00fckdeveci<\/td><td>KARD\u0130NERO<\/td><\/tr><tr><td>Fuat G\u00fcrleyen<\/td><td>EMO<\/td><\/tr><tr><td>Galip Cansever<\/td><td>YILDIZ TEKN\u0130K \u00dcN\u0130VERS\u0130TES\u0130<\/td><\/tr><tr><td>Gazi \u0130pek<\/td><td>EMO<\/td><\/tr><tr><td>Giyasi G\u00fcng\u00f6r<\/td><td>EMO<\/td><\/tr><tr><td>G\u00f6rkem \u00c7elik<\/td><td>KTMMOB EMO<\/td><\/tr><tr><td>G\u00fclcihan \u00d6zdemir<\/td><td>\u0130STANBUL TEKN\u0130K \u00dcN\u0130VERS\u0130TES\u0130<\/td><\/tr><tr><td>Hakan Kuntman<\/td><td>\u0130STANBUL TEKN\u0130K \u00dcN\u0130VERS\u0130TES\u0130<\/td><\/tr><tr><td>Hakk\u0131 K. Ocaka\u00e7an<\/td><td>EMO<\/td><\/tr><tr><td>Haldun \u0130\u015f\u00f6zen<\/td><td>EMO<\/td><\/tr><tr><td>Hasan Demirel<\/td><td>KTMMOB EMO<\/td><\/tr><tr><td>Hasan Din\u00e7er<\/td><td>EMO<\/td><\/tr><tr><td>\u0130pek \u015een<\/td><td>EMO<\/td><\/tr><tr><td>\u0130sa G\u00fcng\u00f6r<\/td><td>EMO<\/td><\/tr><tr><td>Janset Da\u015fdemir<\/td><td>YILDIZ TEKN\u0130K \u00dcN\u0130VERS\u0130TES\u0130<\/td><\/tr><tr><td>Kayhan \u00c7etin Atasoy<\/td><td>T\u00dcRK TAB\u0130PLER B\u0130RL\u0130\u011e\u0130<\/td><\/tr><tr><td>M. Celal P\u0131narg\u00f6z\u00fc<\/td><td>EMO<\/td><\/tr><tr><td>M. Demir G\u00fcrsoytrak<\/td><td>EMO<\/td><\/tr><tr><td>M. I\u015f\u0131k G\u00fcrbulak<\/td><td>EMO<\/td><\/tr><tr><td>M. Timur Aydemir<\/td><td>GAZ\u0130 \u00dcN\u0130VERS\u0130TES\u0130<\/td><\/tr><tr><td>Mazlum Kaplan<\/td><td>EMO<\/td><\/tr><tr><td>Mehmet Ali Ar\u0131c\u0131<\/td><td>EMO<\/td><\/tr><tr><td>Mehmet Toycan<\/td><td>KTMMOB EMO<\/td><\/tr><tr><td>Mehmet Turgut<\/td><td>EMO<\/td><\/tr><tr><td>Mert Umut \u00d6zkaynak<\/td><td>SABANCI \u00dcN\u0130VERS\u0130TES\u0130<\/td><\/tr><tr><td>Mustafa Ak\u00e7akaya<\/td><td>EMO<\/td><\/tr><tr><td>Mustafa Ayd\u0131n<\/td><td>EMO<\/td><\/tr><tr><td>Mustafa Ba\u011fr\u0131yan\u0131k<\/td><td>\u0130STANBUL TEKN\u0130K \u00dcN\u0130VERS\u0130TES\u0130<\/td><\/tr><tr><td>Mustafa Seven<\/td><td>SEVEN L\u0130GHTS<\/td><\/tr><tr><td>Mustafa S\u00fclk\u00fc<\/td><td>\u0130STANBUL TAB\u0130P ODASI<\/td><\/tr><tr><td>M\u00fc\u015ftak Erhan Yal\u00e7\u0131n<\/td><td>\u0130STANBUL TEKN\u0130K \u00dcN\u0130VERS\u0130TES\u0130<\/td><\/tr><tr><td>N. \u00d6zlem \u00dcnverdi<\/td><td>YILDIZ TEKN\u0130K \u00dcN\u0130VERS\u0130TES\u0130<\/td><\/tr><tr><td>Nam\u0131k Demira\u011f<\/td><td>ETMD<\/td><\/tr><tr><td>Nidal Aras<\/td><td>EMO<\/td><\/tr><tr><td>Nihal T\u00fcr\u00fct<\/td><td>EMO<\/td><\/tr><tr><td>Nihat Kaplan<\/td><td>EMO<\/td><\/tr><tr><td>Onur Ko\u00e7ak<\/td><td>EMO<\/td><\/tr><tr><td>Osman \u00c7erezci<\/td><td>\u00dcSK\u00dcDAR \u00dcN\u0130VERS\u0130TES\u0130<\/td><\/tr><tr><td>Osman Ero\u011ful<\/td><td>TOBB EKONOM\u0130 VE TEKNOLOJ\u0130 \u00dcN\u0130VERS\u0130TES\u0130<\/td><\/tr><tr><td>\u00d6zcan Kalenderli<\/td><td>\u0130STANBUL TEKN\u0130K \u00dcN\u0130VERS\u0130TES\u0130<\/td><\/tr><tr><td>Rafet Akdeniz<\/td><td>NAMIK KEMAL \u00dcN\u0130VERS\u0130TES\u0130<\/td><\/tr><tr><td>R. Beh\u00e7et Akcan<\/td><td>EMO<\/td><\/tr><tr><td>Saadet Nuruilah G\u00fcle\u00e7<\/td><td>EMO<\/td><\/tr><tr><td>Sacit Karam\u00fcrsel<\/td><td>\u0130ST\u0130NYE \u00dcN\u0130VERS\u0130TES\u0130 TIP FAK\u00dcLTEC\u0130<\/td><\/tr><tr><td>Salman Kurtulan<\/td><td>\u0130STANBUL TEKN\u0130K \u00dcN\u0130VERS\u0130TES\u0130<\/td><\/tr><tr><td>Seda Deniz Acar<\/td><td>MALTEPE BELED\u0130YES\u0130<\/td><\/tr><tr><td>Selim \u015eeker<\/td><td>\u00dcSK\u00dcDAR \u00dcN\u0130VERS\u0130TES\u0130<\/td><\/tr><tr><td>Serdar Harmanc\u0131o\u011flu<\/td><td>EMO<\/td><\/tr><tr><td>Serhat \u015eeker<\/td><td>\u0130STANBUL TEKN\u0130K \u00dcN\u0130VERS\u0130TES\u0130<\/td><\/tr><tr><td>Serkan U\u011fur Bayraktar<\/td><td>EMO<\/td><\/tr><tr><td>Servet Kumsal<\/td><td>EMO<\/td><\/tr><tr><td>S\u0131dd\u0131k Yarman<\/td><td>\u0130STANBUL \u00dcN\u0130VERS\u0130TES\u0130<\/td><\/tr><tr><td>S\u0131dd\u0131ka \u00d6del<\/td><td>EMO<\/td><\/tr><tr><td>S\u00fcleyman Da\u015fda\u011f<\/td><td>\u0130STANBUL MEDEN\u0130YET \u00dcN\u0130VERS\u0130TES\u0130<\/td><\/tr><tr><td>Tamer Demiralp<\/td><td>\u0130STANBUL \u00dcN\u0130VERS\u0130TES\u0130<\/td><\/tr><tr><td>Tanay S\u0131dk\u0131 Uyar<\/td><td>MARMARA \u00dcN\u0130VERS\u0130TES\u0130<\/td><\/tr><tr><td>Tayfun Akg\u00fcl<\/td><td>\u0130STANBUL TEKN\u0130K \u00dcN\u0130VERS\u0130TES\u0130<\/td><\/tr><tr><td>Tayfun \u0130\u015fbilen<\/td><td>EMO<\/td><\/tr><tr><td>Tuba Ayhan<\/td><td>MEF \u00dcN\u0130VERS\u0130TES\u0130<\/td><\/tr><tr><td>Tufan Kumbasar<\/td><td>\u0130STANBUL TEKN\u0130K \u00dcN\u0130VERS\u0130TES\u0130<\/td><\/tr><tr><td>T\u00fclay Y\u0131ld\u0131r\u0131m<\/td><td>YILDIZ TEKN\u0130K \u00dcN\u0130VERS\u0130TES\u0130<\/td><\/tr><tr><td>U\u011fur \u00c7eltekligil<\/td><td>P\u0130R\u0130 RE\u0130S \u00dcN\u0130VERS\u0130TES\u0130<\/td><\/tr><tr><td>\u00dcner Kutalm\u0131\u015f<\/td><td>KTMMOB EMO<\/td><\/tr><tr><td>Vasfiye \u00d6ztala\u015fl\u0131<\/td><td>EMO<\/td><\/tr><tr><td>Yakup \u015eeng\u00fcl<\/td><td>EMO<\/td><\/tr><tr><td>Yaprak Yal\u00e7\u0131n<\/td><td>\u0130STANBUL TEKN\u0130K \u00dcN\u0130VERS\u0130TES\u0130<\/td><\/tr><tr><td>Yavuz \u015eerbet\u00e7i<\/td><td>PESA<\/td><\/tr><tr><td>Ye\u015fim \u00c7elikkol<\/td><td>EMO<\/td><\/tr><tr><td>Zafer S\u00f6z<\/td><td>OT\u0130S<\/td><\/tr><tr><td>Ziya Telatar<\/td><td>ANKARA \u00dcN\u0130VERS\u0130TES\u0130<\/td><\/tr><\/tbody><\/table><\/div>\n\t\t\t\t<\/div>\n\t\t\t\t<\/div>\n\t\t\t\t\t\t<\/div>\n\t\t\t\t\t<\/div>\n\t\t<\/div>\n\t\t\t\t<div class=\"elementor-column elementor-col-33 elementor-top-column elementor-element elementor-element-b35615b\" data-id=\"b35615b\" data-element_type=\"column\">\n\t\t\t<div class=\"elementor-column-wrap elementor-element-populated\">\n\t\t\t\t\t\t\t<div class=\"elementor-widget-wrap\">\n\t\t\t\t\t\t<div class=\"elementor-element elementor-element-33150c6 elementor-widget elementor-widget-heading\" data-id=\"33150c6\" data-element_type=\"widget\" data-widget_type=\"heading.default\">\n\t\t\t\t<div class=\"elementor-widget-container\">\n\t\t\t<h3 class=\"elementor-heading-title elementor-size-default\">Y\u00dcR\u00dcTME KURULU HABERLER\u0130<\/h3>\t\t<\/div>\n\t\t\t\t<\/div>\n\t\t\t\t<div class=\"elementor-element elementor-element-9997ed2 elementor-widget elementor-widget-sidebar\" data-id=\"9997ed2\" data-element_type=\"widget\" data-widget_type=\"sidebar.default\">\n\t\t\t\t<div class=\"elementor-widget-container\">\n\t\t\t<div class=\"widget widget_jnews_module_block_11\" id=\"jnews_module_block_11-3\"><div  class=\"jeg_postblock_11 jeg_postblock jeg_module_hook jeg_pagination_disable jeg_col_1o3 jnews_module__0_69f1c91563181  normal \" data-unique=\"jnews_module__0_69f1c91563181\">\n                \n                <div class=\"jeg_block_container\">\n                \n                <div class=\"jeg_posts_wrap\">\n                <div class=\"jeg_posts jeg_load_more_flag\">\n                    <article class=\"jeg_post jeg_pl_md_card format-standard\">\n                <div class=\"jeg_inner_post\">\n                    <div class=\"jeg_thumb\">\n                        \n                        <a href=\"https:\/\/eemkon.org.tr\/eemkon2019\/yurutme-kurullari-toplantilari-devam-ediyor\/\"><div class=\"thumbnail-container animate-lazy  size-715 \"><img loading=\"lazy\" decoding=\"async\" width=\"350\" height=\"250\" src=\"https:\/\/eemkon.org.tr\/eemkon2019\/wp-content\/themes\/jnews\/assets\/img\/jeg-empty.png\" class=\"attachment-jnews-350x250 size-jnews-350x250 lazyload wp-post-image\" alt=\"Y\u00fcr\u00fctme Kurullar\u0131 Toplant\u0131lar\u0131 Devam Ediyor\" sizes=\"auto, (max-width: 350px) 100vw, 350px\" data-src=\"https:\/\/eemkon.org.tr\/eemkon2019\/wp-content\/uploads\/2019\/09\/20190403_205938-350x250.jpg\" data-srcset=\"https:\/\/eemkon.org.tr\/eemkon2019\/wp-content\/uploads\/2019\/09\/20190403_205938-350x250.jpg 350w, https:\/\/eemkon.org.tr\/eemkon2019\/wp-content\/uploads\/2019\/09\/20190403_205938-800x570.jpg 800w, https:\/\/eemkon.org.tr\/eemkon2019\/wp-content\/uploads\/2019\/09\/20190403_205938-120x86.jpg 120w, https:\/\/eemkon.org.tr\/eemkon2019\/wp-content\/uploads\/2019\/09\/20190403_205938-750x536.jpg 750w\" data-sizes=\"auto\" data-expand=\"700\" \/><\/div><\/a>\n                    <\/div>\n                    <div class=\"jeg_postblock_content\">\n                        <div class=\"jeg_post_category\">\n                            <span>\n                                <a href=\"https:\/\/eemkon.org.tr\/eemkon2019\/category\/bilim-kurulu-2019\/\">Bilim Kurulu 2019<\/a>\n                            <\/span>\n                        <\/div>\n                        <h3 class=\"jeg_post_title\">\n                            <a href=\"https:\/\/eemkon.org.tr\/eemkon2019\/yurutme-kurullari-toplantilari-devam-ediyor\/\">Y\u00fcr\u00fctme Kurullar\u0131 Toplant\u0131lar\u0131 Devam Ediyor<\/a>\n                        <\/h3>\n                        \n                    <\/div>\n                <\/div>\n            <\/article><article class=\"jeg_post jeg_pl_md_card format-standard\">\n                <div class=\"jeg_inner_post\">\n                    <div class=\"jeg_thumb\">\n                        \n                        <a href=\"https:\/\/eemkon.org.tr\/eemkon2019\/sempozyum-yurutme-kurullari-toplantilara-basladi\/\"><div class=\"thumbnail-container animate-lazy  size-715 \"><img loading=\"lazy\" decoding=\"async\" width=\"350\" height=\"250\" src=\"https:\/\/eemkon.org.tr\/eemkon2019\/wp-content\/themes\/jnews\/assets\/img\/jeg-empty.png\" class=\"attachment-jnews-350x250 size-jnews-350x250 lazyload wp-post-image\" alt=\"Sempozyum Y\u00fcr\u00fctme Kurullar\u0131 Toplant\u0131lara Ba\u015flad\u0131\" sizes=\"auto, (max-width: 350px) 100vw, 350px\" data-src=\"https:\/\/eemkon.org.tr\/eemkon2019\/wp-content\/uploads\/2019\/02\/7-350x250.jpg\" data-srcset=\"https:\/\/eemkon.org.tr\/eemkon2019\/wp-content\/uploads\/2019\/02\/7-350x250.jpg 350w, https:\/\/eemkon.org.tr\/eemkon2019\/wp-content\/uploads\/2019\/02\/7-120x86.jpg 120w, https:\/\/eemkon.org.tr\/eemkon2019\/wp-content\/uploads\/2019\/02\/7-750x536.jpg 750w, https:\/\/eemkon.org.tr\/eemkon2019\/wp-content\/uploads\/2019\/02\/7-1140x815.jpg 1140w\" data-sizes=\"auto\" data-expand=\"700\" \/><\/div><\/a>\n                    <\/div>\n                    <div class=\"jeg_postblock_content\">\n                        <div class=\"jeg_post_category\">\n                            <span>\n                                <a href=\"https:\/\/eemkon.org.tr\/eemkon2019\/category\/guncel-2019\/\">G\u00fcncel 2019<\/a>\n                            <\/span>\n                        <\/div>\n                        <h3 class=\"jeg_post_title\">\n                            <a href=\"https:\/\/eemkon.org.tr\/eemkon2019\/sempozyum-yurutme-kurullari-toplantilara-basladi\/\">Sempozyum Y\u00fcr\u00fctme Kurullar\u0131 Toplant\u0131lara Ba\u015flad\u0131<\/a>\n                        <\/h3>\n                        \n                    <\/div>\n                <\/div>\n            <\/article>\n                <\/div>\n            <\/div>\n                <div class='module-overlay'>\n\t\t\t\t    <div class='preloader_type preloader_dot'>\n\t\t\t\t        <div class=\"module-preloader jeg_preloader dot\">\n\t\t\t\t            <span><\/span><span><\/span><span><\/span>\n\t\t\t\t        <\/div>\n\t\t\t\t        <div class=\"module-preloader jeg_preloader circle\">\n\t\t\t\t            <div class=\"jnews_preloader_circle_outer\">\n\t\t\t\t                <div class=\"jnews_preloader_circle_inner\"><\/div>\n\t\t\t\t            <\/div>\n\t\t\t\t        <\/div>\n\t\t\t\t        <div class=\"module-preloader jeg_preloader square\">\n\t\t\t\t            <div class=\"jeg_square\">\n\t\t\t\t                <div class=\"jeg_square_inner\"><\/div>\n\t\t\t\t            <\/div>\n\t\t\t\t        <\/div>\n\t\t\t\t    <\/div>\n\t\t\t\t<\/div>\n            <\/div>\n            <div class=\"jeg_block_navigation\">\n                <div class='navigation_overlay'><div class='module-preloader jeg_preloader'><span><\/span><span><\/span><span><\/span><\/div><\/div>\n                \n                \n            <\/div>\n                \n                <script>var jnews_module__0_69f1c91563181 = {\"header_icon\":\"\",\"first_title\":\"\",\"second_title\":\"\",\"url\":\"\",\"header_type\":\"heading_6\",\"header_background\":\"\",\"header_secondary_background\":\"\",\"header_text_color\":\"\",\"header_line_color\":\"\",\"header_accent_color\":\"\",\"header_filter_category\":\"\",\"header_filter_author\":\"\",\"header_filter_tag\":\"\",\"header_filter_text\":\"All\",\"post_type\":\"post\",\"content_type\":\"all\",\"number_post\":\"10\",\"post_offset\":\"0\",\"unique_content\":\"disable\",\"include_post\":\"\",\"exclude_post\":\"\",\"include_category\":\"120\",\"exclude_category\":\"\",\"include_author\":\"\",\"include_tag\":\"\",\"exclude_tag\":\"\",\"sort_by\":\"latest\",\"date_format\":\"default\",\"date_format_custom\":\"Y\\\/m\\\/d\",\"force_normal_image_load\":\"0\",\"pagination_mode\":\"disable\",\"pagination_nextprev_showtext\":\"0\",\"pagination_number_post\":\"4\",\"pagination_scroll_limit\":\"0\",\"el_id\":\"\",\"el_class\":\"\",\"scheme\":\"normal\",\"column_width\":\"auto\",\"title_color\":\"\",\"accent_color\":\"\",\"alt_color\":\"\",\"excerpt_color\":\"\",\"block_background\":\"\",\"css\":\"\",\"paged\":1,\"column_class\":\"jeg_col_1o3\",\"class\":\"jnews_block_11\"};<\/script>\n            <\/div><\/div>\t\t<\/div>\n\t\t\t\t<\/div>\n\t\t\t\t\t\t<\/div>\n\t\t\t\t\t<\/div>\n\t\t<\/div>\n\t\t\t\t\t\t\t\t<\/div>\n\t\t\t\t\t<\/div>\n\t\t<\/section>\n\t\t\t\t\t\t<\/div>\n\t\t\t\t\t\t<\/div>\n\t\t\t\t\t<\/div>\n\t\t","protected":false},"excerpt":{"rendered":"<p>EEMKON 2019 Y\u00dcR\u00dcTME KURULU Abdullah T. Tola PAMUKKALE \u00dcN\u0130VERS\u0130TES\u0130 Adnan Kaypmaz BEYKENT \u00dcN\u0130VERS\u0130TES\u0130 Ahmet Turan Aydemir EMO Ali I\u015f\u0131n KTMMOB EMO Ali Se\u00e7er EMO Ali Serdar Eri\u015f EMO Alk\u0131m Berk Narin ENERMUHDER Ata Ak\u0131n ACIBADEM \u00dcN\u0130VERS\u0130TES\u0130 Atila Bir \u0130STANBUL TEKN\u0130K \u00dcN\u0130VERS\u0130TES\u0130 Barbaros \u015eekerk\u0131ran M\u0130KROELEKTRON\u0130K LTD. Bat\u0131n Bilten ENERMUHDER Belgin Emre T\u00fcrkay \u0130STANBUL TEKN\u0130K \u00dcN\u0130VERS\u0130TES\u0130 Berk [&hellip;]<\/p>\n","protected":false},"author":4,"featured_media":0,"parent":0,"menu_order":16,"comment_status":"closed","ping_status":"closed","template":"template-index.php","meta":{"footnotes":""},"class_list":["post-1633","page","type-page","status-publish","hentry"],"_links":{"self":[{"href":"https:\/\/eemkon.org.tr\/eemkon2019\/wp-json\/wp\/v2\/pages\/1633","targetHints":{"allow":["GET"]}}],"collection":[{"href":"https:\/\/eemkon.org.tr\/eemkon2019\/wp-json\/wp\/v2\/pages"}],"about":[{"href":"https:\/\/eemkon.org.tr\/eemkon2019\/wp-json\/wp\/v2\/types\/page"}],"author":[{"embeddable":true,"href":"https:\/\/eemkon.org.tr\/eemkon2019\/wp-json\/wp\/v2\/users\/4"}],"replies":[{"embeddable":true,"href":"https:\/\/eemkon.org.tr\/eemkon2019\/wp-json\/wp\/v2\/comments?post=1633"}],"version-history":[{"count":24,"href":"https:\/\/eemkon.org.tr\/eemkon2019\/wp-json\/wp\/v2\/pages\/1633\/revisions"}],"predecessor-version":[{"id":4513,"href":"https:\/\/eemkon.org.tr\/eemkon2019\/wp-json\/wp\/v2\/pages\/1633\/revisions\/4513"}],"wp:attachment":[{"href":"https:\/\/eemkon.org.tr\/eemkon2019\/wp-json\/wp\/v2\/media?parent=1633"}],"curies":[{"name":"wp","href":"https:\/\/api.w.org\/{rel}","templated":true}]}}