{"id":1605,"date":"2019-01-14T14:59:04","date_gmt":"2019-01-14T11:59:04","guid":{"rendered":"http:\/\/eemkon.org.tr\/?page_id=1605"},"modified":"2021-01-25T11:06:30","modified_gmt":"2021-01-25T08:06:30","slug":"1bilim-kurulu","status":"publish","type":"page","link":"https:\/\/eemkon.org.tr\/eemkon2019\/1bilim-kurulu\/","title":{"rendered":"Bilim Kurulu"},"content":{"rendered":"\t\t<div data-elementor-type=\"wp-page\" data-elementor-id=\"1605\" class=\"elementor elementor-1605\" data-elementor-settings=\"[]\">\n\t\t\t\t\t\t<div class=\"elementor-inner\">\n\t\t\t\t\t\t\t<div class=\"elementor-section-wrap\">\n\t\t\t\t\t\t\t<section class=\"elementor-section elementor-top-section elementor-element elementor-element-cfd71f3 elementor-section-boxed elementor-section-height-default elementor-section-height-default\" data-id=\"cfd71f3\" data-element_type=\"section\">\n\t\t\t\t\t\t<div class=\"elementor-container elementor-column-gap-default\">\n\t\t\t\t\t\t\t<div class=\"elementor-row\">\n\t\t\t\t\t<div class=\"elementor-column elementor-col-66 elementor-top-column elementor-element elementor-element-2f73442\" data-id=\"2f73442\" data-element_type=\"column\">\n\t\t\t<div class=\"elementor-column-wrap elementor-element-populated\">\n\t\t\t\t\t\t\t<div class=\"elementor-widget-wrap\">\n\t\t\t\t\t\t<div class=\"elementor-element elementor-element-11bfa8a elementor-widget elementor-widget-heading\" data-id=\"11bfa8a\" data-element_type=\"widget\" data-widget_type=\"heading.default\">\n\t\t\t\t<div class=\"elementor-widget-container\">\n\t\t\t<h2 class=\"elementor-heading-title elementor-size-default\">EEMKON 2019 B\u0130L\u0130M KURULU<\/h2>\t\t<\/div>\n\t\t\t\t<\/div>\n\t\t\t\t<div class=\"elementor-element elementor-element-a44ac44 elementor-widget elementor-widget-text-editor\" data-id=\"a44ac44\" data-element_type=\"widget\" data-widget_type=\"text-editor.default\">\n\t\t\t\t<div class=\"elementor-widget-container\">\n\t\t\t\t\t<div class=\"elementor-text-editor elementor-clearfix\"><table width=\"923\"><tbody><tr><td width=\"197\">A. Burak Polat<\/td><td width=\"296\">Y\u0131ld\u0131z Teknik \u00dcniversitesi<\/td><\/tr><tr><td>Abdullah T. Tola<\/td><td>Pamukkale \u00dcniversitesi<\/td><\/tr><tr><td>Adnan Kaypmaz<\/td><td>Beykent \u00dcniversitesi<\/td><\/tr><tr><td>Ahmet Dervi\u015fo\u011flu<\/td><td>\u0130stanbul Teknik \u00dcniversitesi<\/td><\/tr><tr><td>Alaa Eleyan<\/td><td>Avrasya \u00dcniversitesi<\/td><\/tr><tr><td>Ali Fuat Ergen\u00e7<\/td><td>\u0130stanbul Teknik \u00dcniversitesi<\/td><\/tr><tr><td>Ali R\u0131fat Boynue\u011fri<\/td><td>Y\u0131ld\u0131z Teknik \u00dcniversitesi<\/td><\/tr><tr><td>Altu\u011f Bozkurt<\/td><td>Y\u0131ld\u0131z Teknik \u00dcniversitesi<\/td><\/tr><tr><td>Arif Dolma<\/td><td>Kocaeli \u00dcniversitesi<\/td><\/tr><tr><td>Ata Ak\u0131n<\/td><td>Ac\u0131badem \u00dcniversitesi<\/td><\/tr><tr><td>Atila Bir<\/td><td>\u0130stanbul Teknik \u00dcniversitesi<\/td><\/tr><tr><td>Aydo\u011fan \u00d6zdemir<\/td><td>\u0130stanbul Teknik \u00dcniversitesi<\/td><\/tr><tr><td>Ay\u015fe G. Canseven Kur\u015fun<\/td><td>Gazi \u00dcniversitesi<\/td><\/tr><tr><td>Ayten Kuntman<\/td><td>\u0130stanbul \u00dcniversitesi<\/td><\/tr><tr><td>Beh\u00e7et U\u011fur T\u00f6reyin<\/td><td>\u0130stanbul Teknik \u00dcniversitesi<\/td><\/tr><tr><td>Belgin Emre T\u00fcrkay<\/td><td>\u0130stanbul Teknik \u00dcniversitesi<\/td><\/tr><tr><td>Birol Arifo\u011flu<\/td><td>Kocaeli \u00dcniversitesi<\/td><\/tr><tr><td>Birsen Saka<\/td><td>Hacettepe \u00dcniversitesi<\/td><\/tr><tr><td>Burak Ak\u0131n<\/td><td>Y\u0131ld\u0131z Teknik \u00dcniversitesi<\/td><\/tr><tr><td>B\u00fclent Sankur<\/td><td>Bo\u011fazi\u00e7i \u00dcniversitesi<\/td><\/tr><tr><td>Canan At\u0131lgan<\/td><td>Sabanci \u00dcniversitesi<\/td><\/tr><tr><td>Canbolat U\u00e7ak<\/td><td>Yeditepe \u00dcniversitesi<\/td><\/tr><tr><td>Cemil Sert<\/td><td width=\"296\">Harran \u00dcniversitesi<\/td><\/tr><tr><td>Claudia Fernanda Ya\u015far<\/td><td>Y\u0131ld\u0131z Teknik \u00dcniversitesi<\/td><\/tr><tr><td>Cevat Erdem \u0130mrak<\/td><td>\u0130stanbul Teknik \u00dcniversitesi<\/td><\/tr><tr><td>\u00c7i\u011fdem \u00c7etinkaya<\/td><td width=\"296\">Ya\u015far \u00dcniversitesi<\/td><\/tr><tr><td>Cihan Bereketo\u011flu<\/td><td>Y\u0131ld\u0131z Teknik \u00dcniversitesi<\/td><\/tr><tr><td>Dilek T\u00fckel<\/td><td>Do\u011fu\u015f \u00dcniversitesi<\/td><\/tr><tr><td>Duran Leblebici<\/td><td>\u0130stanbul Teknik \u00dcniversitesi<\/td><\/tr><tr><td>Elif \u00c7i\u00e7ek<\/td><td>Y\u0131ld\u0131z Teknik \u00dcniversitesi<\/td><\/tr><tr><td>Engin Ay\u00e7i\u00e7ek<\/td><td>Y\u0131ld\u0131z Teknik \u00dcniversitesi<\/td><\/tr><tr><td>Erdal Panay\u0131rc\u0131<\/td><td>Kadir Has \u00dcniversitesi<\/td><\/tr><tr><td>Erdem Yazgan<\/td><td>Ted \u00dcniversitesi<\/td><\/tr><tr><td>Erg\u00fcl Ak\u00e7akaya<\/td><td>I\u015f\u0131k \u00dcniversitesi<\/td><\/tr><tr><td>Ertu\u011frul Saat\u00e7i<\/td><td>\u0130stanbul K\u00fclt\u00fcr \u00dcniversitesi<\/td><\/tr><tr><td>Esra Saat\u00e7i<\/td><td>\u0130stanbul K\u00fclt\u00fcr \u00dcniversitesi<\/td><\/tr><tr><td>Fazilet Vardar Sukan<\/td><td>Sabanci \u00dcniversitesi<\/td><\/tr><tr><td>Fethi Olcaytu\u011f<\/td><td>Yeditepe \u00dcniversitesi<\/td><\/tr><tr><td>Figen \u00d6zen<\/td><td>Hali\u00e7 \u00dcniversitesi<\/td><\/tr><tr><td>Fuat G\u00fcrleyen<\/td><td>\u0130stanbul Teknik \u00dcniversitesi<\/td><\/tr><tr><td>Fulya Kunter<\/td><td>Marmara \u00dcniversitesi<\/td><\/tr><tr><td>Galip Cansever<\/td><td>Y\u0131ld\u0131z Teknik \u00dcniversitesi<\/td><\/tr><tr><td>G\u00f6khan Erta\u015f<\/td><td>Yeditepe \u00dcniversitesi<\/td><\/tr><tr><td>G\u00fclcihan \u00d6zdemir<\/td><td>\u0130stanbul Teknik \u00dcniversitesi<\/td><\/tr><tr><td>G\u00fclden Eleyan<\/td><td>Avrasya \u00dcniversitesi<\/td><\/tr><tr><td>Hakan Hocao\u011flu<\/td><td>Gebze Teknik \u00dcniversitesi<\/td><\/tr><tr><td>Hakan Kuntman<\/td><td>\u0130stanbul Teknik \u00dcniversitesi<\/td><\/tr><tr><td>Hakan Temelta\u015f<\/td><td>\u0130stanbul Teknik \u00dcniversitesi<\/td><\/tr><tr><td>Hamit Serbest<\/td><td>\u00c7ukurova \u00dcniversitesi<\/td><\/tr><tr><td>Hasan Din\u00e7er<\/td><td>EMO<\/td><\/tr><tr><td>Hasbi \u0130smailo\u011flu<\/td><td>Kocaeli \u00dcniversitesi<\/td><\/tr><tr><td>H\u00fcseyin U\u011fur Y\u0131ld\u0131z<\/td><td>Y\u0131ld\u0131z Teknik \u00dcniversitesi<\/td><\/tr><tr><td>\u0130. Cem G\u00f6knar<\/td><td>I\u015f\u0131k \u00dcniversitesi<\/td><\/tr><tr><td>\u0130brahim Akduman<\/td><td>\u0130stanbul Teknik \u00dcniversitesi<\/td><\/tr><tr><td>\u0130brahim Eksin<\/td><td>\u0130stanbul Teknik \u00dcniversitesi<\/td><\/tr><tr><td>\u0130lhan Garip<\/td><td>Ni\u015fanta\u015f\u0131 \u00dcniversitesi<\/td><\/tr><tr><td>\u0130lker \u00dcsto\u011flu<\/td><td>\u0130stanbul Teknik \u00dcniversitesi<\/td><\/tr><tr><td>\u0130pek \u015een<\/td><td>\u0130stanbul Bilgi \u00dcniversitesi<\/td><\/tr><tr><td>Janset Da\u015fdemir<\/td><td>Y\u0131ld\u0131z Teknik \u00dcniversitesi<\/td><\/tr><tr><td>Korkut Ye\u011fin<\/td><td width=\"296\">Ege \u00dcniversitesi<\/td><\/tr><tr><td>Levent Ucun<\/td><td>Y\u0131ld\u0131z Teknik \u00dcniversitesi<\/td><\/tr><tr><td>Leyla G\u00f6ren<\/td><td>\u0130stanbul Teknik \u00dcniversitesi<\/td><\/tr><tr><td>M. Kemal Leblebicio\u011flu<\/td><td>Orta Do\u011fu Teknik \u00dcniversitesi<\/td><\/tr><tr><td>M. Timur Aydemir<\/td><td>Gazi \u00dcniversitesi<\/td><\/tr><tr><td>M. Z\u00fclk\u00fcf Akda\u011f<\/td><td>Dicle \u00dcniversitesi<\/td><\/tr><tr><td>Mana Sezdi<\/td><td>\u0130stanbul \u00dcniversitesi<\/td><\/tr><tr><td>Mehmet Akif \u015eenol<\/td><td>\u0130stanbul Geli\u015fim \u00dcniversitesi<\/td><\/tr><tr><td>Mehmet Bayrak<\/td><td>Sakarya \u00dcniversitesi<\/td><\/tr><tr><td>Mehmet Emin Tacer<\/td><td>\u0130stanbul Ayd\u0131n \u00dcniversitesi<\/td><\/tr><tr><td>Mehmet \u015eener K\u00fc\u00e7\u00fckdo\u011fu<\/td><td>\u0130stanbul K\u00fclt\u00fcr \u00dcniversitesi<\/td><\/tr><tr><td>Mehmet Toycan<\/td><td>K\u0131br\u0131s EMO<\/td><\/tr><tr><td>Mehmet Turan S\u00f6ylemez<\/td><td>\u0130stanbul Teknik \u00dcniversitesi<\/td><\/tr><tr><td>Mert Umut \u00d6zkaynak<\/td><td>Sabanci \u00dcniversitesi<\/td><\/tr><tr><td>Mithat \u0130demen<\/td><td>\u0130stanbul Teknik \u00dcniversitesi<\/td><\/tr><tr><td>Muharrem Mercimek<\/td><td>Y\u0131ld\u0131z Teknik \u00dcniversitesi<\/td><\/tr><tr><td>Muhittin G\u00f6kmen<\/td><td>MEF \u00dcniversitesi<\/td><\/tr><tr><td>Murat Y\u0131lmaz<\/td><td>\u0130stanbul Teknik \u00dcniversitesi<\/td><\/tr><tr><td>Mustafa Ba\u011fr\u0131yan\u0131k<\/td><td>\u0130stanbul Teknik \u00dcniversitesi<\/td><\/tr><tr><td>Mustafa Cem Kasapba\u015f\u0131<\/td><td>\u0130stanbul Ticaret \u00dcniversitesi<\/td><\/tr><tr><td>Mustafa S\u00fclk\u00fc<\/td><td>\u0130stanbul Tabip Odas\u0131<\/td><\/tr><tr><td>M\u00fcjde G\u00fczelkaya<\/td><td>\u0130stanbul Teknik \u00dcniversitesi<\/td><\/tr><tr><td>M\u00fc\u015ftak Erhan Yal\u00e7\u0131n<\/td><td>\u0130stanbul Teknik \u00dcniversitesi<\/td><\/tr><tr><td>N. \u00d6zlem \u00dcnverdi<\/td><td>Y\u0131ld\u0131z Teknik \u00dcniversitesi<\/td><\/tr><tr><td>Neslihan Serap \u015eeng\u00f6r<\/td><td>\u0130stanbul Teknik \u00dcniversitesi<\/td><\/tr><tr><td>Nur Bekiro\u011flu<\/td><td>Y\u0131ld\u0131z Teknik \u00dcniversitesi<\/td><\/tr><tr><td>Nurettin Umurkan<\/td><td>Y\u0131ld\u0131z Teknik \u00dcniversitesi<\/td><\/tr><tr><td>Nurten Erdal<\/td><td>Mersin \u00dcniversitesi<\/td><\/tr><tr><td>Onur Akbat\u0131<\/td><td>Y\u0131ld\u0131z Teknik \u00dcniversitesi<\/td><\/tr><tr><td>Onur Osman<\/td><td>\u0130stanbul Arel \u00dcniversitesi<\/td><\/tr><tr><td>Oru\u00e7 Bilgi\u00e7<\/td><td>\u0130stanbul K\u00fclt\u00fcr \u00dcniversitesi<\/td><\/tr><tr><td>Osman \u00c7erezci<\/td><td>\u00dcsk\u00fcdar \u00dcniversitesi<\/td><\/tr><tr><td>Osman Ero\u011ful<\/td><td>TOBB Ekonomi ve Teknoloji \u00dcniversitesi<\/td><\/tr><tr><td>Osman Palamut\u00e7uo\u011fullar\u0131<\/td><td>Beykent \u00dcniversitesi<\/td><\/tr><tr><td>Ozan Erdin\u00e7<\/td><td>Y\u0131ld\u0131z Teknik \u00dcniversitesi<\/td><\/tr><tr><td>\u00d6mer G\u00fcl<\/td><td>\u0130stanbul Teknik \u00dcniversitesi<\/td><\/tr><tr><td>\u00d6mer Usta<\/td><td>\u0130stanbul Teknik \u00dcniversitesi<\/td><\/tr><tr><td>\u00d6zcan Kalenderli<\/td><td>\u0130stanbul Teknik \u00dcniversitesi<\/td><\/tr><tr><td>\u00d6zg\u00fcr \u00dcst\u00fcn<\/td><td>\u0130stanbul Teknik \u00dcniversitesi<\/td><\/tr><tr><td>R. Koray \u00c7ift\u00e7i<\/td><td>Nam\u0131k Kemal \u00dcniversitesi<\/td><\/tr><tr><td>R. Nejat Tuncay<\/td><td>Okan \u00dcniversitesi<\/td><\/tr><tr><td>Rafet Akdeniz<\/td><td>Nam\u0131k Kemal \u00dcniversitesi<\/td><\/tr><tr><td>Ramazan Bay\u0131nd\u0131r<\/td><td>Gazi \u00dcniversitesi<\/td><\/tr><tr><td>Rengin \u00dcnver<\/td><td>Y\u0131ld\u0131z Teknik \u00dcniversitesi<\/td><\/tr><tr><td>Sacit Karam\u00fcrsel<\/td><td>\u0130stinye \u00dcniversitesi<\/td><\/tr><tr><td>Salih Bar\u0131\u015f \u00d6zt\u00fcrk<\/td><td>Okan \u00dcniversitesi<\/td><\/tr><tr><td>Salman Kurtulan<\/td><td>\u0130stanbul Teknik \u00dcniversitesi<\/td><\/tr><tr><td>Sel\u00e7uk Paker<\/td><td>\u0130stanbul Teknik \u00dcniversitesi<\/td><\/tr><tr><td>Selim \u015eeker<\/td><td>\u00dcsk\u00fcdar \u00dcniversitesi<\/td><\/tr><tr><td>Selin \u00d6z\u00e7\u0131ra \u00d6zk\u0131l\u0131\u00e7<\/td><td>Y\u0131ld\u0131z Teknik \u00dcniversitesi<\/td><\/tr><tr><td>Serap K\u0131rb\u0131z<\/td><td>MEF \u00dcniversitesi<\/td><\/tr><tr><td>Serdar Karg\u0131n<\/td><td>BEYKENT \u00dcniversitesi<\/td><\/tr><tr><td>Serdar \u00d6zo\u011fuz<\/td><td>\u0130stanbul Teknik \u00dcniversitesi<\/td><\/tr><tr><td>Serhat \u0130kizo\u011flu<\/td><td>\u0130stanbul Teknik \u00dcniversitesi<\/td><\/tr><tr><td>Serhat \u015eeker<\/td><td>\u0130stanbul Teknik \u00dcniversitesi<\/td><\/tr><tr><td>Sermin Onaygil<\/td><td>\u0130stanbul Teknik \u00dcniversitesi<\/td><\/tr><tr><td>S\u0131dd\u0131k Yarman<\/td><td>\u0130stanbul \u00dcniversitesi<\/td><\/tr><tr><td>S\u00fcleyman Da\u015fda\u011f<\/td><td>\u0130stanbul Medeniyet \u00dcniversitesi<\/td><\/tr><tr><td>\u015eakir Bing\u00f6l<\/td><td>Marmara \u00dcniversitesi<\/td><\/tr><tr><td>\u015eeref Naci Engin<\/td><td>Y\u0131ld\u0131z Teknik \u00dcniversitesi<\/td><\/tr><tr><td>\u015e\u00fckr\u00fc \u00d6zen<\/td><td>Akdeniz \u00dcniversitesi<\/td><\/tr><tr><td>Tacha Serif<\/td><td>Yeditepe \u00dcniversitesi<\/td><\/tr><tr><td>Tamer Demiralp<\/td><td>\u0130stanbul \u00dcniversitesi<\/td><\/tr><tr><td>Tanay S\u0131dk\u0131 Uyar<\/td><td width=\"296\">Marmara \u00dcniversitesi<\/td><\/tr><tr><td>Tayfun Akg\u00fcl<\/td><td>\u0130stanbul Teknik \u00dcniversitesi<\/td><\/tr><tr><td>Tuba Ayhan<\/td><td>Mef \u00dcniversitesi<\/td><\/tr><tr><td>Tufan Kumbasar<\/td><td>\u0130stanbul Teknik \u00dcniversitesi<\/td><\/tr><tr><td>T\u00fclay Y\u0131ld\u0131r\u0131m<\/td><td>Y\u0131ld\u0131z Teknik \u00dcniversitesi<\/td><\/tr><tr><td>U\u011fur \u00c7eltekligil<\/td><td>Pirireis \u00dcniversitesi<\/td><\/tr><tr><td>U\u011fur Sava\u015f Selamo\u011fullar\u0131<\/td><td>Y\u0131ld\u0131z Teknik \u00dcniversitesi<\/td><\/tr><tr><td>Umut Engin Ayten<\/td><td>Y\u0131ld\u0131z Teknik \u00dcniversitesi<\/td><\/tr><tr><td>Volkan Sezer<\/td><td>\u0130stanbulTeknik \u00dcniversitesi<\/td><\/tr><tr><td>Yaprak Yal\u00e7\u0131n<\/td><td>\u0130stanbul Teknik \u00dcniversitesi<\/td><\/tr><tr><td>Yavuz Eren<\/td><td>Y\u0131ld\u0131z Teknik \u00dcniversitesi<\/td><\/tr><tr><td>Y\u0131ld\u0131z Leblebici<\/td><td>\u0130stanbul Teknik \u00dcniversitesi<\/td><\/tr><tr><td>Ziya Telatar<\/td><td>Ankara \u00dcniversitesi<\/td><\/tr><\/tbody><\/table><\/div>\n\t\t\t\t<\/div>\n\t\t\t\t<\/div>\n\t\t\t\t\t\t<\/div>\n\t\t\t\t\t<\/div>\n\t\t<\/div>\n\t\t\t\t<div class=\"elementor-column elementor-col-33 elementor-top-column elementor-element elementor-element-e859181\" data-id=\"e859181\" data-element_type=\"column\">\n\t\t\t<div class=\"elementor-column-wrap elementor-element-populated\">\n\t\t\t\t\t\t\t<div class=\"elementor-widget-wrap\">\n\t\t\t\t\t\t<div class=\"elementor-element elementor-element-2525c4b elementor-widget elementor-widget-heading\" data-id=\"2525c4b\" data-element_type=\"widget\" data-widget_type=\"heading.default\">\n\t\t\t\t<div class=\"elementor-widget-container\">\n\t\t\t<h2 class=\"elementor-heading-title elementor-size-default\">B\u0130L\u0130M KURULU HABERLER\u0130<\/h2>\t\t<\/div>\n\t\t\t\t<\/div>\n\t\t\t\t<div class=\"elementor-element elementor-element-6ab4105 elementor-widget elementor-widget-sidebar\" data-id=\"6ab4105\" data-element_type=\"widget\" data-widget_type=\"sidebar.default\">\n\t\t\t\t<div class=\"elementor-widget-container\">\n\t\t\t<div class=\"widget widget_jnews_module_block_11\" id=\"jnews_module_block_11-5\"><div  class=\"jeg_postblock_11 jeg_postblock jeg_module_hook jeg_pagination_disable jeg_col_1o3 jnews_module__0_69f19df8d8cf3  normal \" data-unique=\"jnews_module__0_69f19df8d8cf3\">\n                \n                <div class=\"jeg_block_container\">\n                \n                <div class=\"jeg_posts_wrap\">\n                <div class=\"jeg_posts jeg_load_more_flag\">\n                    <article class=\"jeg_post jeg_pl_md_card format-standard\">\n                <div class=\"jeg_inner_post\">\n                    <div class=\"jeg_thumb\">\n                        \n                        <a href=\"https:\/\/eemkon.org.tr\/eemkon2019\/yurutme-kurullari-toplantilari-devam-ediyor\/\"><div class=\"thumbnail-container animate-lazy  size-715 \"><img loading=\"lazy\" decoding=\"async\" width=\"350\" height=\"250\" src=\"https:\/\/eemkon.org.tr\/eemkon2019\/wp-content\/themes\/jnews\/assets\/img\/jeg-empty.png\" class=\"attachment-jnews-350x250 size-jnews-350x250 lazyload wp-post-image\" alt=\"Y\u00fcr\u00fctme Kurullar\u0131 Toplant\u0131lar\u0131 Devam Ediyor\" sizes=\"auto, (max-width: 350px) 100vw, 350px\" data-src=\"https:\/\/eemkon.org.tr\/eemkon2019\/wp-content\/uploads\/2019\/09\/20190403_205938-350x250.jpg\" data-srcset=\"https:\/\/eemkon.org.tr\/eemkon2019\/wp-content\/uploads\/2019\/09\/20190403_205938-350x250.jpg 350w, https:\/\/eemkon.org.tr\/eemkon2019\/wp-content\/uploads\/2019\/09\/20190403_205938-800x570.jpg 800w, https:\/\/eemkon.org.tr\/eemkon2019\/wp-content\/uploads\/2019\/09\/20190403_205938-120x86.jpg 120w, https:\/\/eemkon.org.tr\/eemkon2019\/wp-content\/uploads\/2019\/09\/20190403_205938-750x536.jpg 750w\" data-sizes=\"auto\" data-expand=\"700\" \/><\/div><\/a>\n                    <\/div>\n                    <div class=\"jeg_postblock_content\">\n                        <div class=\"jeg_post_category\">\n                            <span>\n                                <a href=\"https:\/\/eemkon.org.tr\/eemkon2019\/category\/bilim-kurulu-2019\/\">Bilim Kurulu 2019<\/a>\n                            <\/span>\n                        <\/div>\n                        <h3 class=\"jeg_post_title\">\n                            <a href=\"https:\/\/eemkon.org.tr\/eemkon2019\/yurutme-kurullari-toplantilari-devam-ediyor\/\">Y\u00fcr\u00fctme Kurullar\u0131 Toplant\u0131lar\u0131 Devam Ediyor<\/a>\n                        <\/h3>\n                        \n                    <\/div>\n                <\/div>\n            <\/article>\n                <\/div>\n            <\/div>\n                <div class='module-overlay'>\n\t\t\t\t    <div class='preloader_type preloader_dot'>\n\t\t\t\t        <div class=\"module-preloader jeg_preloader dot\">\n\t\t\t\t            <span><\/span><span><\/span><span><\/span>\n\t\t\t\t        <\/div>\n\t\t\t\t        <div class=\"module-preloader jeg_preloader circle\">\n\t\t\t\t            <div class=\"jnews_preloader_circle_outer\">\n\t\t\t\t                <div class=\"jnews_preloader_circle_inner\"><\/div>\n\t\t\t\t            <\/div>\n\t\t\t\t        <\/div>\n\t\t\t\t        <div class=\"module-preloader jeg_preloader square\">\n\t\t\t\t            <div class=\"jeg_square\">\n\t\t\t\t                <div class=\"jeg_square_inner\"><\/div>\n\t\t\t\t            <\/div>\n\t\t\t\t        <\/div>\n\t\t\t\t    <\/div>\n\t\t\t\t<\/div>\n            <\/div>\n            <div class=\"jeg_block_navigation\">\n                <div class='navigation_overlay'><div class='module-preloader jeg_preloader'><span><\/span><span><\/span><span><\/span><\/div><\/div>\n                \n                \n            <\/div>\n                \n                <script>var jnews_module__0_69f19df8d8cf3 = {\"header_icon\":\"\",\"first_title\":\"\",\"second_title\":\"\",\"url\":\"\",\"header_type\":\"heading_6\",\"header_background\":\"\",\"header_secondary_background\":\"\",\"header_text_color\":\"\",\"header_line_color\":\"\",\"header_accent_color\":\"\",\"header_filter_category\":\"\",\"header_filter_author\":\"\",\"header_filter_tag\":\"\",\"header_filter_text\":\"All\",\"post_type\":\"post\",\"content_type\":\"all\",\"number_post\":\"10\",\"post_offset\":\"0\",\"unique_content\":\"disable\",\"include_post\":\"\",\"exclude_post\":\"\",\"include_category\":\"142\",\"exclude_category\":\"\",\"include_author\":\"\",\"include_tag\":\"\",\"exclude_tag\":\"\",\"sort_by\":\"latest\",\"date_format\":\"default\",\"date_format_custom\":\"Y\\\/m\\\/d\",\"force_normal_image_load\":\"0\",\"pagination_mode\":\"disable\",\"pagination_nextprev_showtext\":\"0\",\"pagination_number_post\":\"4\",\"pagination_scroll_limit\":\"0\",\"el_id\":\"\",\"el_class\":\"\",\"scheme\":\"normal\",\"column_width\":\"auto\",\"title_color\":\"\",\"accent_color\":\"\",\"alt_color\":\"\",\"excerpt_color\":\"\",\"block_background\":\"\",\"css\":\"\",\"paged\":1,\"column_class\":\"jeg_col_1o3\",\"class\":\"jnews_block_11\"};<\/script>\n            <\/div><\/div>\t\t<\/div>\n\t\t\t\t<\/div>\n\t\t\t\t\t\t<\/div>\n\t\t\t\t\t<\/div>\n\t\t<\/div>\n\t\t\t\t\t\t\t\t<\/div>\n\t\t\t\t\t<\/div>\n\t\t<\/section>\n\t\t\t\t\t\t<\/div>\n\t\t\t\t\t\t<\/div>\n\t\t\t\t\t<\/div>\n\t\t","protected":false},"excerpt":{"rendered":"<p>EEMKON 2019 B\u0130L\u0130M KURULU A. Burak Polat Y\u0131ld\u0131z Teknik \u00dcniversitesi Abdullah T. Tola Pamukkale \u00dcniversitesi Adnan Kaypmaz Beykent \u00dcniversitesi Ahmet Dervi\u015fo\u011flu \u0130stanbul Teknik \u00dcniversitesi Alaa Eleyan Avrasya \u00dcniversitesi Ali Fuat Ergen\u00e7 \u0130stanbul Teknik \u00dcniversitesi Ali R\u0131fat Boynue\u011fri Y\u0131ld\u0131z Teknik \u00dcniversitesi Altu\u011f Bozkurt Y\u0131ld\u0131z Teknik \u00dcniversitesi Arif Dolma Kocaeli \u00dcniversitesi Ata Ak\u0131n Ac\u0131badem \u00dcniversitesi Atila Bir [&hellip;]<\/p>\n","protected":false},"author":4,"featured_media":0,"parent":0,"menu_order":18,"comment_status":"closed","ping_status":"closed","template":"template-index.php","meta":{"footnotes":""},"class_list":["post-1605","page","type-page","status-publish","hentry"],"_links":{"self":[{"href":"https:\/\/eemkon.org.tr\/eemkon2019\/wp-json\/wp\/v2\/pages\/1605","targetHints":{"allow":["GET"]}}],"collection":[{"href":"https:\/\/eemkon.org.tr\/eemkon2019\/wp-json\/wp\/v2\/pages"}],"about":[{"href":"https:\/\/eemkon.org.tr\/eemkon2019\/wp-json\/wp\/v2\/types\/page"}],"author":[{"embeddable":true,"href":"https:\/\/eemkon.org.tr\/eemkon2019\/wp-json\/wp\/v2\/users\/4"}],"replies":[{"embeddable":true,"href":"https:\/\/eemkon.org.tr\/eemkon2019\/wp-json\/wp\/v2\/comments?post=1605"}],"version-history":[{"count":18,"href":"https:\/\/eemkon.org.tr\/eemkon2019\/wp-json\/wp\/v2\/pages\/1605\/revisions"}],"predecessor-version":[{"id":4519,"href":"https:\/\/eemkon.org.tr\/eemkon2019\/wp-json\/wp\/v2\/pages\/1605\/revisions\/4519"}],"wp:attachment":[{"href":"https:\/\/eemkon.org.tr\/eemkon2019\/wp-json\/wp\/v2\/media?parent=1605"}],"curies":[{"name":"wp","href":"https:\/\/api.w.org\/{rel}","templated":true}]}}