{"id":1574,"date":"2018-12-24T11:30:43","date_gmt":"2018-12-24T08:30:43","guid":{"rendered":"http:\/\/eemkon.org.tr\/?page_id=1574"},"modified":"2021-02-28T16:23:22","modified_gmt":"2021-02-28T13:23:22","slug":"1bildiriler","status":"publish","type":"page","link":"https:\/\/eemkon.org.tr\/eemkon2019\/1bildiriler\/","title":{"rendered":"Bildiri"},"content":{"rendered":"\t\t<div data-elementor-type=\"wp-page\" data-elementor-id=\"1574\" class=\"elementor elementor-1574\" data-elementor-settings=\"[]\">\n\t\t\t\t\t\t<div class=\"elementor-inner\">\n\t\t\t\t\t\t\t<div class=\"elementor-section-wrap\">\n\t\t\t\t\t\t\t<section class=\"elementor-section elementor-top-section elementor-element elementor-element-4f1a0b7 elementor-section-boxed elementor-section-height-default elementor-section-height-default\" data-id=\"4f1a0b7\" data-element_type=\"section\">\n\t\t\t\t\t\t<div class=\"elementor-container elementor-column-gap-default\">\n\t\t\t\t\t\t\t<div class=\"elementor-row\">\n\t\t\t\t\t<div class=\"elementor-column elementor-col-100 elementor-top-column elementor-element elementor-element-1156251\" data-id=\"1156251\" data-element_type=\"column\">\n\t\t\t<div class=\"elementor-column-wrap elementor-element-populated\">\n\t\t\t\t\t\t\t<div class=\"elementor-widget-wrap\">\n\t\t\t\t\t\t<div class=\"elementor-element elementor-element-6bb88e6 elementor-widget elementor-widget-text-editor\" data-id=\"6bb88e6\" data-element_type=\"widget\" data-widget_type=\"text-editor.default\">\n\t\t\t\t<div class=\"elementor-widget-container\">\n\t\t\t\t\t<div class=\"elementor-text-editor elementor-clearfix\"><p style=\"font-style: normal; font-variant-ligatures: normal; font-variant-caps: normal; font-weight: 400; font-size: 15px; font-family: 'Open Sans'; color: #212121;\">EEMKON 2019 Elektrik Elektronik M\u00fchendisli\u011fi Kongresi 14-15-16 Kas\u0131m 2019 tarihlerinde \u0130stanbul Harbiye Askeri M\u00fcze K\u00fclt\u00fcr Sitesinde yap\u0131lacakt\u0131r. Kongre yedi ayr\u0131 sempozyumdan olu\u015fmakta ve kongremiz \u00e7a\u011fr\u0131l\u0131 ve hakemli bildirileri kapsayacakt\u0131r. Hakemli bildiriler yedi sempozyum konusundan en az biri ile ilgili olmak zorundad\u0131r.<\/p><p style=\"font-style: normal; font-variant-ligatures: normal; font-variant-caps: normal; font-weight: 400; font-size: 15px; font-family: 'Open Sans'; color: #212121;\">Bildirilerin tamamlanm\u0131\u015f hali i\u00e7in, son g\u00f6nderim tarihi daha sonra bildirilecektir.<\/p><p style=\"font-style: normal; font-variant-ligatures: normal; font-variant-caps: normal; font-weight: 400; font-size: 15px; font-family: 'Open Sans'; color: #212121;\">Bildiriler \u00dcniversite \u00d6\u011fretim G\u00f6revlilerinden olu\u015fmu\u015f Bilim Kurulumuzda de\u011ferlendirilecek ve hakem heyetinden ge\u00e7en bildiriler Kongremizin Bildiriler Kitab\u0131nda bas\u0131lacak, e\u011fer uygun bir oturum varsa bildiri sahibi taraf\u0131ndan sunumuna olanak sa\u011flanacakt\u0131r.<\/p><p style=\"margin-bottom: 0px; font-style: normal; font-variant-ligatures: normal; font-variant-caps: normal; font-weight: 400; font-size: 15px; font-family: 'Open Sans'; color: #212121;\">Bildirilerin yaz\u0131l\u0131m\u0131 ve de\u011ferlendirilmesi i\u00e7in <a href=\"http:\/\/eemkon.org.tr\/bildiri\/openconf.php\">openconf<\/a> sistemi kullan\u0131lacakt\u0131r.<\/p><\/div>\n\t\t\t\t<\/div>\n\t\t\t\t<\/div>\n\t\t\t\t\t\t<\/div>\n\t\t\t\t\t<\/div>\n\t\t<\/div>\n\t\t\t\t\t\t\t\t<\/div>\n\t\t\t\t\t<\/div>\n\t\t<\/section>\n\t\t\t\t<section class=\"elementor-section elementor-top-section elementor-element elementor-element-32b8f46 elementor-section-boxed elementor-section-height-default elementor-section-height-default\" data-id=\"32b8f46\" data-element_type=\"section\">\n\t\t\t\t\t\t<div class=\"elementor-container elementor-column-gap-default\">\n\t\t\t\t\t\t\t<div class=\"elementor-row\">\n\t\t\t\t\t<div class=\"elementor-column elementor-col-100 elementor-top-column elementor-element elementor-element-7f3db8f\" data-id=\"7f3db8f\" data-element_type=\"column\">\n\t\t\t<div class=\"elementor-column-wrap elementor-element-populated\">\n\t\t\t\t\t\t\t<div class=\"elementor-widget-wrap\">\n\t\t\t\t\t\t<div class=\"elementor-element elementor-element-51e94c3 elementor-widget elementor-widget-toggle\" data-id=\"51e94c3\" data-element_type=\"widget\" data-widget_type=\"toggle.default\">\n\t\t\t\t<div class=\"elementor-widget-container\">\n\t\t\t\t\t<div class=\"elementor-toggle\" role=\"tablist\">\n\t\t\t\t\t\t\t<div class=\"elementor-toggle-item\">\n\t\t\t\t\t<div id=\"elementor-tab-title-8581\" class=\"elementor-tab-title\" data-tab=\"1\" role=\"tab\" aria-controls=\"elementor-tab-content-8581\" aria-expanded=\"false\">\n\t\t\t\t\t\t\t\t\t\t\t\t<span class=\"elementor-toggle-icon elementor-toggle-icon-left\" aria-hidden=\"true\">\n\t\t\t\t\t\t\t\t\t\t\t\t\t\t\t<span class=\"elementor-toggle-icon-closed\"><i class=\"fas fa-caret-right\"><\/i><\/span>\n\t\t\t\t\t\t\t\t<span class=\"elementor-toggle-icon-opened\"><i class=\"elementor-toggle-icon-opened fas fa-caret-up\"><\/i><\/span>\n\t\t\t\t\t\t\t\t\t\t\t\t\t<\/span>\n\t\t\t\t\t\t\t\t\t\t\t\t<a href=\"\" class=\"elementor-toggle-title\">B\u0130LD\u0130R\u0130LER Y\u00dcR\u00dcTME KURULU- Merhaba<\/a>\n\t\t\t\t\t<\/div>\n\t\t\t\t\t<div id=\"elementor-tab-content-8581\" class=\"elementor-tab-content elementor-clearfix\" data-tab=\"1\" role=\"tabpanel\" aria-labelledby=\"elementor-tab-title-8581\"><p>Lorem ipsum dolor sit amet, consectetur adipiscing elit. Ut elit tellus, luctus nec ullamcorper mattis, pulvinar dapibus leo.<\/p><\/div>\n\t\t\t\t<\/div>\n\t\t\t\t\t\t\t<div class=\"elementor-toggle-item\">\n\t\t\t\t\t<div id=\"elementor-tab-title-8582\" class=\"elementor-tab-title\" data-tab=\"2\" role=\"tab\" aria-controls=\"elementor-tab-content-8582\" aria-expanded=\"false\">\n\t\t\t\t\t\t\t\t\t\t\t\t<span class=\"elementor-toggle-icon elementor-toggle-icon-left\" aria-hidden=\"true\">\n\t\t\t\t\t\t\t\t\t\t\t\t\t\t\t<span class=\"elementor-toggle-icon-closed\"><i class=\"fas fa-caret-right\"><\/i><\/span>\n\t\t\t\t\t\t\t\t<span class=\"elementor-toggle-icon-opened\"><i class=\"elementor-toggle-icon-opened fas fa-caret-up\"><\/i><\/span>\n\t\t\t\t\t\t\t\t\t\t\t\t\t<\/span>\n\t\t\t\t\t\t\t\t\t\t\t\t<a href=\"\" class=\"elementor-toggle-title\">B\u0130LD\u0130R\u0130 YAZIM KURALLARI<\/a>\n\t\t\t\t\t<\/div>\n\t\t\t\t\t<div id=\"elementor-tab-content-8582\" class=\"elementor-tab-content elementor-clearfix\" data-tab=\"2\" role=\"tabpanel\" aria-labelledby=\"elementor-tab-title-8582\"><p>Yay\u0131n dili T\u00fcrk\u00e7e olup, \u00a0makaleler ve k\u0131sa bildiriler ile ilgili yaz\u0131m kurallar\u0131 a\u015fa\u011f\u0131da verilmektedir.<br \/>Makalelerin bas\u0131ma haz\u0131r tam metni, pdf \u00a0veya Word dosyas\u0131 olarak y\u00fcklenmesi gerekmektedir. Yazar kayd\u0131 yapt\u0131rarak kullan\u0131c\u0131 ad\u0131 ve \u015fifre edindikten sonra, ba\u015fvurunuzu tamamlamak, takip etmek ya da yeni ba\u015fvuru yapmak i\u00e7in yukar\u0131daki Yazar Giri\u015fi k\u0131sm\u0131ndan kullan\u0131c\u0131 ad\u0131 ve \u015fifrenizi ile giri\u015f yapman\u0131z yeterli olacakt\u0131r.<br \/>Makale dosyalar\u0131, ilk yazar\u0131n soyad\u0131na g\u00f6re adland\u0131r\u0131lmal\u0131, ayn\u0131 yazara ili\u015fkin birden fazla bildiri iletilmesi durumunda verilen ada ek olarak numaraland\u0131rma da yap\u0131lmal\u0131d\u0131r.<br \/>Bilgisayar ortam\u0131nda iletilmeyen makalelerin hakemlere g\u00f6nderilmesi ve de\u011ferlendirilmesi olana\u011f\u0131 bulunmamaktad\u0131r.<\/p><p><strong>Makale yaz\u0131m kurallar\u0131:<\/strong><\/p><p>Makale sayfalar\u0131, A4 (210 mm x 297 mm) ka\u011f\u0131t boyutunda haz\u0131rlanmal\u0131d\u0131r.<\/p><p><strong>Sayfa kenar bo\u015fluklar\u0131:<\/strong><\/p><p>\u0130lk sayfa i\u00e7in \u00fcst = 3 cm, alt = 3,7 cm, sol = 2 cm, sa\u011f = 2 cm<br \/>di\u011fer sayfalar i\u00e7in \u00fcst = 2,5 cm, alt = 3,7 cm, sol = 2 cm, sa\u011f = 2 cm.<br \/>Makale her biri 80 mm geni\u015fli\u011finde iki s\u00fctun halinde yaz\u0131lmal\u0131d\u0131r. S\u00fctunlar aras\u0131nda 10 mm aral\u0131k b\u0131rak\u0131lmal\u0131d\u0131r.<br \/>Makale, Times New Roman yaz\u0131 tipi ile tek sat\u0131r aral\u0131kl\u0131, iki yana dayal\u0131 hizal\u0131 olarak yaz\u0131lmal\u0131d\u0131r.<br \/>Makale ba\u015fl\u0131\u011f\u0131nda, bildiri ad\u0131, yazar adlar\u0131, yazarlar\u0131n \u00e7al\u0131\u015ft\u0131klar\u0131 kurumlar\u0131n adlar\u0131 ve e-posta adresleri yer almal\u0131d\u0131r.<br \/>Ba\u015fl\u0131ktan sonra d\u00f6rt sat\u0131r bo\u015fluk b\u0131rak\u0131larak yaz\u0131lacak T\u00fcrk\u00e7e \u00f6zet ve \u0130ngilizce \u00f6zet (abstract) k\u0131s\u0131mlar\u0131 en az 100, en \u00e7ok 150 kelimeden olu\u015fmal\u0131d\u0131r.<br \/>B\u00f6l\u00fcm ba\u015fl\u0131klar\u0131, numaraland\u0131r\u0131lmal\u0131, yaln\u0131zca ba\u015f harfleri b\u00fcy\u00fck harflerle yaz\u0131lmal\u0131 ve s\u00fctuna ortalanmal\u0131d\u0131r.<\/p><p><strong>Makalede kullan\u0131lacak yaz\u0131 tipi boyut ve bi\u00e7imleri:<\/strong><\/p><p>Ba\u015fl\u0131k 14 Kal\u0131n Yaln\u0131zca Ba\u015f Harfleri B\u00fcy\u00fck<br \/><i>Yazar Adlar\u0131 12 \u0130talik<br \/><\/i>Kurum Adlar\u0131 12<br \/><i>\u00d6zetler 9 \u0130talik<br \/><\/i>Alt ve \u00dcst Simgeler 7<br \/>Ba\u015fl\u0131klar 11 Kal\u0131n<br \/>Metin 9<\/p><\/div>\n\t\t\t\t<\/div>\n\t\t\t\t\t\t\t<div class=\"elementor-toggle-item\">\n\t\t\t\t\t<div id=\"elementor-tab-title-8583\" class=\"elementor-tab-title\" data-tab=\"3\" role=\"tab\" aria-controls=\"elementor-tab-content-8583\" aria-expanded=\"false\">\n\t\t\t\t\t\t\t\t\t\t\t\t<span class=\"elementor-toggle-icon elementor-toggle-icon-left\" aria-hidden=\"true\">\n\t\t\t\t\t\t\t\t\t\t\t\t\t\t\t<span class=\"elementor-toggle-icon-closed\"><i class=\"fas fa-caret-right\"><\/i><\/span>\n\t\t\t\t\t\t\t\t<span class=\"elementor-toggle-icon-opened\"><i class=\"elementor-toggle-icon-opened fas fa-caret-up\"><\/i><\/span>\n\t\t\t\t\t\t\t\t\t\t\t\t\t<\/span>\n\t\t\t\t\t\t\t\t\t\t\t\t<a href=\"\" class=\"elementor-toggle-title\">B\u0130LD\u0130R\u0130 G\u00d6NDERME S\u0130STEM\u0130 (OPENCONF)<\/a>\n\t\t\t\t\t<\/div>\n\t\t\t\t\t<div id=\"elementor-tab-content-8583\" class=\"elementor-tab-content elementor-clearfix\" data-tab=\"3\" role=\"tabpanel\" aria-labelledby=\"elementor-tab-title-8583\"><p><a href=\"http:\/\/eemkon.org.tr\/bildiri\/openconf.php\" target=\"_blank\" rel=\"noopener\">http:\/\/eemkon.org.tr\/bildiri\/openconf.php<\/a> adresinden bildiri sistemine giri\u015f yapabilirsiniz.<\/p><\/div>\n\t\t\t\t<\/div>\n\t\t\t\t\t\t\t<div class=\"elementor-toggle-item\">\n\t\t\t\t\t<div id=\"elementor-tab-title-8584\" class=\"elementor-tab-title\" data-tab=\"4\" role=\"tab\" aria-controls=\"elementor-tab-content-8584\" aria-expanded=\"false\">\n\t\t\t\t\t\t\t\t\t\t\t\t<span class=\"elementor-toggle-icon elementor-toggle-icon-left\" aria-hidden=\"true\">\n\t\t\t\t\t\t\t\t\t\t\t\t\t\t\t<span class=\"elementor-toggle-icon-closed\"><i class=\"fas fa-caret-right\"><\/i><\/span>\n\t\t\t\t\t\t\t\t<span class=\"elementor-toggle-icon-opened\"><i class=\"elementor-toggle-icon-opened fas fa-caret-up\"><\/i><\/span>\n\t\t\t\t\t\t\t\t\t\t\t\t\t<\/span>\n\t\t\t\t\t\t\t\t\t\t\t\t<a href=\"\" class=\"elementor-toggle-title\">B\u0130LD\u0130R\u0130 G\u00d6NDER\u0130M SON TAR\u0130H\u0130<\/a>\n\t\t\t\t\t<\/div>\n\t\t\t\t\t<div id=\"elementor-tab-content-8584\" class=\"elementor-tab-content elementor-clearfix\" data-tab=\"4\" role=\"tabpanel\" aria-labelledby=\"elementor-tab-title-8584\"><p>demo<\/p><\/div>\n\t\t\t\t<\/div>\n\t\t\t\t\t\t\t<div class=\"elementor-toggle-item\">\n\t\t\t\t\t<div id=\"elementor-tab-title-8585\" class=\"elementor-tab-title\" data-tab=\"5\" role=\"tab\" aria-controls=\"elementor-tab-content-8585\" aria-expanded=\"false\">\n\t\t\t\t\t\t\t\t\t\t\t\t<span class=\"elementor-toggle-icon elementor-toggle-icon-left\" aria-hidden=\"true\">\n\t\t\t\t\t\t\t\t\t\t\t\t\t\t\t<span class=\"elementor-toggle-icon-closed\"><i class=\"fas fa-caret-right\"><\/i><\/span>\n\t\t\t\t\t\t\t\t<span class=\"elementor-toggle-icon-opened\"><i class=\"elementor-toggle-icon-opened fas fa-caret-up\"><\/i><\/span>\n\t\t\t\t\t\t\t\t\t\t\t\t\t<\/span>\n\t\t\t\t\t\t\t\t\t\t\t\t<a href=\"\" class=\"elementor-toggle-title\">DE\u011eERLEND\u0130RME SONUCU B\u0130LD\u0130R\u0130M TAR\u0130H\u0130<\/a>\n\t\t\t\t\t<\/div>\n\t\t\t\t\t<div id=\"elementor-tab-content-8585\" class=\"elementor-tab-content elementor-clearfix\" data-tab=\"5\" role=\"tabpanel\" aria-labelledby=\"elementor-tab-title-8585\"><p><a href=\"http:\/\/eemkon.org.tr\/bildiri\/openconf.php\" target=\"_blank\" rel=\"noopener\">http:\/\/eemkon.org.tr\/bildiri\/openconf.php<\/a> adresinden bildiri sistemine giri\u015f yapabilirsiniz.\u00a0<\/p><\/div>\n\t\t\t\t<\/div>\n\t\t\t\t\t\t\t<div class=\"elementor-toggle-item\">\n\t\t\t\t\t<div id=\"elementor-tab-title-8586\" class=\"elementor-tab-title\" data-tab=\"6\" role=\"tab\" aria-controls=\"elementor-tab-content-8586\" aria-expanded=\"false\">\n\t\t\t\t\t\t\t\t\t\t\t\t<span class=\"elementor-toggle-icon elementor-toggle-icon-left\" aria-hidden=\"true\">\n\t\t\t\t\t\t\t\t\t\t\t\t\t\t\t<span class=\"elementor-toggle-icon-closed\"><i class=\"fas fa-caret-right\"><\/i><\/span>\n\t\t\t\t\t\t\t\t<span class=\"elementor-toggle-icon-opened\"><i class=\"elementor-toggle-icon-opened fas fa-caret-up\"><\/i><\/span>\n\t\t\t\t\t\t\t\t\t\t\t\t\t<\/span>\n\t\t\t\t\t\t\t\t\t\t\t\t<a href=\"\" class=\"elementor-toggle-title\">B\u0130LD\u0130R\u0130 G\u00d6NDER\u0130M\u0130 HAKKINDA B\u0130LG\u0130LER<\/a>\n\t\t\t\t\t<\/div>\n\t\t\t\t\t<div id=\"elementor-tab-content-8586\" class=\"elementor-tab-content elementor-clearfix\" data-tab=\"6\" role=\"tabpanel\" aria-labelledby=\"elementor-tab-title-8586\">Lorem ipsum dolor sit amet, consectetur adipiscing elit. Ut elit tellus, luctus nec ullamcorper mattis, pulvinar dapibus leo.<\/div>\n\t\t\t\t<\/div>\n\t\t\t\t\t\t\t<div class=\"elementor-toggle-item\">\n\t\t\t\t\t<div id=\"elementor-tab-title-8587\" class=\"elementor-tab-title\" data-tab=\"7\" role=\"tab\" aria-controls=\"elementor-tab-content-8587\" aria-expanded=\"false\">\n\t\t\t\t\t\t\t\t\t\t\t\t<span class=\"elementor-toggle-icon elementor-toggle-icon-left\" aria-hidden=\"true\">\n\t\t\t\t\t\t\t\t\t\t\t\t\t\t\t<span class=\"elementor-toggle-icon-closed\"><i class=\"fas fa-caret-right\"><\/i><\/span>\n\t\t\t\t\t\t\t\t<span class=\"elementor-toggle-icon-opened\"><i class=\"elementor-toggle-icon-opened fas fa-caret-up\"><\/i><\/span>\n\t\t\t\t\t\t\t\t\t\t\t\t\t<\/span>\n\t\t\t\t\t\t\t\t\t\t\t\t<a href=\"\" class=\"elementor-toggle-title\">KABUL ED\u0130LEN B\u0130LD\u0130R\u0130LER L\u0130STES\u0130<\/a>\n\t\t\t\t\t<\/div>\n\t\t\t\t\t<div id=\"elementor-tab-content-8587\" class=\"elementor-tab-content elementor-clearfix\" data-tab=\"7\" role=\"tabpanel\" aria-labelledby=\"elementor-tab-title-8587\"><p>Kabul edilen bildiriler listesini <a href=\"https:\/\/eemkon.org.tr\/wp-content\/uploads\/2021\/02\/KABUL-EDILEN-BILDIRILER-LISTESI-EEMKON-2019.xlsx\" target=\"_blank\" rel=\"noopener\">buraya t\u0131klayarak g\u00f6r\u00fcnt\u00fcleyebilirsiniz.<\/a><\/p><\/div>\n\t\t\t\t<\/div>\n\t\t\t\t\t\t\t<div class=\"elementor-toggle-item\">\n\t\t\t\t\t<div id=\"elementor-tab-title-8588\" class=\"elementor-tab-title\" data-tab=\"8\" role=\"tab\" aria-controls=\"elementor-tab-content-8588\" aria-expanded=\"false\">\n\t\t\t\t\t\t\t\t\t\t\t\t<span class=\"elementor-toggle-icon elementor-toggle-icon-left\" aria-hidden=\"true\">\n\t\t\t\t\t\t\t\t\t\t\t\t\t\t\t<span class=\"elementor-toggle-icon-closed\"><i class=\"fas fa-caret-right\"><\/i><\/span>\n\t\t\t\t\t\t\t\t<span class=\"elementor-toggle-icon-opened\"><i class=\"elementor-toggle-icon-opened fas fa-caret-up\"><\/i><\/span>\n\t\t\t\t\t\t\t\t\t\t\t\t\t<\/span>\n\t\t\t\t\t\t\t\t\t\t\t\t<a href=\"\" class=\"elementor-toggle-title\">B\u0130LD\u0130R\u0130LER OTURUMLARI PROGRAMI<\/a>\n\t\t\t\t\t<\/div>\n\t\t\t\t\t<div id=\"elementor-tab-content-8588\" class=\"elementor-tab-content elementor-clearfix\" data-tab=\"8\" role=\"tabpanel\" aria-labelledby=\"elementor-tab-title-8588\"><p>Bildiriler oturumlar\u0131 program\u0131n\u0131 <a href=\"https:\/\/eemkon.org.tr\/wp-content\/uploads\/2021\/02\/Bildiriler-Oturumlari.pdf\" target=\"_blank\" rel=\"noopener\">g\u00f6r\u00fcnt\u00fclemek i\u00e7in t\u0131klay\u0131n\u0131z.<\/a><\/p><\/div>\n\t\t\t\t<\/div>\n\t\t\t\t\t\t\t<div class=\"elementor-toggle-item\">\n\t\t\t\t\t<div id=\"elementor-tab-title-8589\" class=\"elementor-tab-title\" data-tab=\"9\" role=\"tab\" aria-controls=\"elementor-tab-content-8589\" aria-expanded=\"false\">\n\t\t\t\t\t\t\t\t\t\t\t\t<span class=\"elementor-toggle-icon elementor-toggle-icon-left\" aria-hidden=\"true\">\n\t\t\t\t\t\t\t\t\t\t\t\t\t\t\t<span class=\"elementor-toggle-icon-closed\"><i class=\"fas fa-caret-right\"><\/i><\/span>\n\t\t\t\t\t\t\t\t<span class=\"elementor-toggle-icon-opened\"><i class=\"elementor-toggle-icon-opened fas fa-caret-up\"><\/i><\/span>\n\t\t\t\t\t\t\t\t\t\t\t\t\t<\/span>\n\t\t\t\t\t\t\t\t\t\t\t\t<a href=\"\" class=\"elementor-toggle-title\">B\u0130LD\u0130RLER K\u0130TABI<\/a>\n\t\t\t\t\t<\/div>\n\t\t\t\t\t<div id=\"elementor-tab-content-8589\" class=\"elementor-tab-content elementor-clearfix\" data-tab=\"9\" role=\"tabpanel\" aria-labelledby=\"elementor-tab-title-8589\"><p>EEMKON 2019 bildiriler kitab\u0131n\u0131 pdf format\u0131nda g\u00f6r\u00fcnt\u00fclemek i\u00e7in <a href=\"https:\/\/eemkon.org.tr\/wp-content\/uploads\/2020\/12\/bildiriler-kitapcigi.pdf\" target=\"_blank\" rel=\"noopener\">t\u0131klay\u0131n\u0131z.<\/a><\/p><\/div>\n\t\t\t\t<\/div>\n\t\t\t\t\t<\/div>\n\t\t\t\t<\/div>\n\t\t\t\t<\/div>\n\t\t\t\t\t\t<\/div>\n\t\t\t\t\t<\/div>\n\t\t<\/div>\n\t\t\t\t\t\t\t\t<\/div>\n\t\t\t\t\t<\/div>\n\t\t<\/section>\n\t\t\t\t\t\t<\/div>\n\t\t\t\t\t\t<\/div>\n\t\t\t\t\t<\/div>\n\t\t","protected":false},"excerpt":{"rendered":"<p>EEMKON 2019 Elektrik Elektronik M\u00fchendisli\u011fi Kongresi 14-15-16 Kas\u0131m 2019 tarihlerinde \u0130stanbul Harbiye Askeri M\u00fcze K\u00fclt\u00fcr Sitesinde yap\u0131lacakt\u0131r. Kongre yedi ayr\u0131 sempozyumdan olu\u015fmakta ve kongremiz \u00e7a\u011fr\u0131l\u0131 ve hakemli bildirileri kapsayacakt\u0131r. Hakemli bildiriler yedi sempozyum konusundan en az biri ile ilgili olmak zorundad\u0131r. Bildirilerin tamamlanm\u0131\u015f hali i\u00e7in, son g\u00f6nderim tarihi daha sonra bildirilecektir. Bildiriler \u00dcniversite \u00d6\u011fretim G\u00f6revlilerinden [&hellip;]<\/p>\n","protected":false},"author":4,"featured_media":0,"parent":0,"menu_order":20,"comment_status":"closed","ping_status":"closed","template":"template-index.php","meta":{"footnotes":""},"class_list":["post-1574","page","type-page","status-publish","hentry"],"_links":{"self":[{"href":"https:\/\/eemkon.org.tr\/eemkon2019\/wp-json\/wp\/v2\/pages\/1574","targetHints":{"allow":["GET"]}}],"collection":[{"href":"https:\/\/eemkon.org.tr\/eemkon2019\/wp-json\/wp\/v2\/pages"}],"about":[{"href":"https:\/\/eemkon.org.tr\/eemkon2019\/wp-json\/wp\/v2\/types\/page"}],"author":[{"embeddable":true,"href":"https:\/\/eemkon.org.tr\/eemkon2019\/wp-json\/wp\/v2\/users\/4"}],"replies":[{"embeddable":true,"href":"https:\/\/eemkon.org.tr\/eemkon2019\/wp-json\/wp\/v2\/comments?post=1574"}],"version-history":[{"count":63,"href":"https:\/\/eemkon.org.tr\/eemkon2019\/wp-json\/wp\/v2\/pages\/1574\/revisions"}],"predecessor-version":[{"id":4997,"href":"https:\/\/eemkon.org.tr\/eemkon2019\/wp-json\/wp\/v2\/pages\/1574\/revisions\/4997"}],"wp:attachment":[{"href":"https:\/\/eemkon.org.tr\/eemkon2019\/wp-json\/wp\/v2\/media?parent=1574"}],"curies":[{"name":"wp","href":"https:\/\/api.w.org\/{rel}","templated":true}]}}