{"id":2296,"date":"2019-06-24T13:45:24","date_gmt":"2019-06-24T10:45:24","guid":{"rendered":"http:\/\/eemkon.org.tr\/?page_id=2296"},"modified":"2022-02-21T21:45:53","modified_gmt":"2022-02-21T18:45:53","slug":"1katilim","status":"publish","type":"page","link":"https:\/\/eemkon.org.tr\/eemkon2017\/1katilim\/","title":{"rendered":"Kat\u0131l\u0131m"},"content":{"rendered":"\t\t<div data-elementor-type=\"wp-page\" data-elementor-id=\"2296\" class=\"elementor elementor-2296\" data-elementor-settings=\"[]\">\n\t\t\t\t\t\t<div class=\"elementor-inner\">\n\t\t\t\t\t\t\t<div class=\"elementor-section-wrap\">\n\t\t\t\t\t\t\t<section class=\"elementor-section elementor-top-section elementor-element elementor-element-2b92937 elementor-section-boxed elementor-section-height-default elementor-section-height-default\" data-id=\"2b92937\" data-element_type=\"section\">\n\t\t\t\t\t\t<div class=\"elementor-container elementor-column-gap-default\">\n\t\t\t\t\t\t\t<div class=\"elementor-row\">\n\t\t\t\t\t<div class=\"elementor-column elementor-col-33 elementor-top-column elementor-element elementor-element-6e36e27\" data-id=\"6e36e27\" data-element_type=\"column\">\n\t\t\t<div class=\"elementor-column-wrap elementor-element-populated\">\n\t\t\t\t\t\t\t<div class=\"elementor-widget-wrap\">\n\t\t\t\t\t\t<div class=\"elementor-element elementor-element-a50fa6c elementor-widget elementor-widget-heading\" data-id=\"a50fa6c\" data-element_type=\"widget\" data-widget_type=\"heading.default\">\n\t\t\t\t<div class=\"elementor-widget-container\">\n\t\t\t<h2 class=\"elementor-heading-title elementor-size-default\">Delege Kat\u0131l\u0131m<\/h2>\t\t<\/div>\n\t\t\t\t<\/div>\n\t\t\t\t<div class=\"elementor-element elementor-element-3e6fd7e elementor-widget elementor-widget-text-editor\" data-id=\"3e6fd7e\" data-element_type=\"widget\" data-widget_type=\"text-editor.default\">\n\t\t\t\t<div class=\"elementor-widget-container\">\n\t\t\t\t\t\t\t\t<div class=\"elementor-text-editor elementor-clearfix\">\n\t\t\t\t<ul><li style=\"list-style-type: none;\"><ul><li>Kat\u0131l\u0131m bedeli 400\u20ba + KDV<\/li><li>Kongre \u00e7antas\u0131, \u00d6\u011fle yemekleri, Gala Yeme\u011fi<\/li><li>Ara ikramlar<\/li><li>Kongre Kat\u0131l\u0131m Belgesi<\/li><\/ul><\/li><\/ul>\t\t\t\t\t<\/div>\n\t\t\t\t\t\t<\/div>\n\t\t\t\t<\/div>\n\t\t\t\t\t\t<\/div>\n\t\t\t\t\t<\/div>\n\t\t<\/div>\n\t\t\t\t<div class=\"elementor-column elementor-col-33 elementor-top-column elementor-element elementor-element-aa49a0f\" data-id=\"aa49a0f\" data-element_type=\"column\">\n\t\t\t<div class=\"elementor-column-wrap elementor-element-populated\">\n\t\t\t\t\t\t\t<div class=\"elementor-widget-wrap\">\n\t\t\t\t\t\t<div class=\"elementor-element elementor-element-3c02ac7 elementor-widget elementor-widget-heading\" data-id=\"3c02ac7\" data-element_type=\"widget\" data-widget_type=\"heading.default\">\n\t\t\t\t<div class=\"elementor-widget-container\">\n\t\t\t<h2 class=\"elementor-heading-title elementor-size-default\">\u0130zleyici Kat\u0131l\u0131m<\/h2>\t\t<\/div>\n\t\t\t\t<\/div>\n\t\t\t\t<div class=\"elementor-element elementor-element-48fb020 elementor-widget elementor-widget-text-editor\" data-id=\"48fb020\" data-element_type=\"widget\" data-widget_type=\"text-editor.default\">\n\t\t\t\t<div class=\"elementor-widget-container\">\n\t\t\t\t\t\t\t\t<div class=\"elementor-text-editor elementor-clearfix\">\n\t\t\t\t<ul><li style=\"list-style-type: none;\"><ul><li>Kat\u0131l\u0131m \u00fccretsiz<\/li><li>Ara ikramlar<\/li><\/ul><\/li><\/ul>\t\t\t\t\t<\/div>\n\t\t\t\t\t\t<\/div>\n\t\t\t\t<\/div>\n\t\t\t\t\t\t<\/div>\n\t\t\t\t\t<\/div>\n\t\t<\/div>\n\t\t\t\t<div class=\"elementor-column elementor-col-33 elementor-top-column elementor-element elementor-element-f9ef2c2\" data-id=\"f9ef2c2\" data-element_type=\"column\">\n\t\t\t<div class=\"elementor-column-wrap elementor-element-populated\">\n\t\t\t\t\t\t\t<div class=\"elementor-widget-wrap\">\n\t\t\t\t\t\t<div class=\"elementor-element elementor-element-9c87ad8 elementor-widget elementor-widget-heading\" data-id=\"9c87ad8\" data-element_type=\"widget\" data-widget_type=\"heading.default\">\n\t\t\t\t<div class=\"elementor-widget-container\">\n\t\t\t<h2 class=\"elementor-heading-title elementor-size-default\">\u00d6\u011frenci Kat\u0131l\u0131m<\/h2>\t\t<\/div>\n\t\t\t\t<\/div>\n\t\t\t\t<div class=\"elementor-element elementor-element-3d908b9 elementor-widget elementor-widget-text-editor\" data-id=\"3d908b9\" data-element_type=\"widget\" data-widget_type=\"text-editor.default\">\n\t\t\t\t<div class=\"elementor-widget-container\">\n\t\t\t\t\t\t\t\t<div class=\"elementor-text-editor elementor-clearfix\">\n\t\t\t\t<ul><li>Kat\u0131l\u0131m \u00fccretsiz<\/li><li>\u00d6\u011fle yeme\u011fi i\u00e7in kumanya<\/li><li>Ara ikramlar<\/li><li>\u00d6\u011frenci belgesi ile Kongre Kat\u0131l\u0131m Belgesi<\/li><\/ul>\t\t\t\t\t<\/div>\n\t\t\t\t\t\t<\/div>\n\t\t\t\t<\/div>\n\t\t\t\t\t\t<\/div>\n\t\t\t\t\t<\/div>\n\t\t<\/div>\n\t\t\t\t\t\t\t\t<\/div>\n\t\t\t\t\t<\/div>\n\t\t<\/section>\n\t\t\t\t\t\t<\/div>\n\t\t\t\t\t\t<\/div>\n\t\t\t\t\t<\/div>\n\t\t","protected":false},"excerpt":{"rendered":"<p>Delege Kat\u0131l\u0131m Kat\u0131l\u0131m bedeli 400\u20ba + KDV Kongre \u00e7antas\u0131, \u00d6\u011fle yemekleri, Gala Yeme\u011fi Ara ikramlar Kongre Kat\u0131l\u0131m Belgesi \u0130zleyici Kat\u0131l\u0131m Kat\u0131l\u0131m \u00fccretsiz Ara ikramlar \u00d6\u011frenci Kat\u0131l\u0131m Kat\u0131l\u0131m \u00fccretsiz \u00d6\u011fle yeme\u011fi i\u00e7in kumanya Ara ikramlar \u00d6\u011frenci belgesi ile Kongre Kat\u0131l\u0131m Belgesi<\/p>\n","protected":false},"author":4,"featured_media":0,"parent":0,"menu_order":0,"comment_status":"closed","ping_status":"closed","template":"template-index.php","meta":[],"_links":{"self":[{"href":"https:\/\/eemkon.org.tr\/eemkon2017\/wp-json\/wp\/v2\/pages\/2296"}],"collection":[{"href":"https:\/\/eemkon.org.tr\/eemkon2017\/wp-json\/wp\/v2\/pages"}],"about":[{"href":"https:\/\/eemkon.org.tr\/eemkon2017\/wp-json\/wp\/v2\/types\/page"}],"author":[{"embeddable":true,"href":"https:\/\/eemkon.org.tr\/eemkon2017\/wp-json\/wp\/v2\/users\/4"}],"replies":[{"embeddable":true,"href":"https:\/\/eemkon.org.tr\/eemkon2017\/wp-json\/wp\/v2\/comments?post=2296"}],"version-history":[{"count":38,"href":"https:\/\/eemkon.org.tr\/eemkon2017\/wp-json\/wp\/v2\/pages\/2296\/revisions"}],"predecessor-version":[{"id":8856,"href":"https:\/\/eemkon.org.tr\/eemkon2017\/wp-json\/wp\/v2\/pages\/2296\/revisions\/8856"}],"wp:attachment":[{"href":"https:\/\/eemkon.org.tr\/eemkon2017\/wp-json\/wp\/v2\/media?parent=2296"}],"curies":[{"name":"wp","href":"https:\/\/api.w.org\/{rel}","templated":true}]}}